{"id":139047,"date":"2025-09-09T00:00:00","date_gmt":"2025-09-08T22:00:00","guid":{"rendered":"https:\/\/gpl-love.com\/fr\/produit\/motopress-hotel-booking-pdf-invoices\/"},"modified":"2026-04-18T06:33:07","modified_gmt":"2026-04-18T04:33:07","slug":"motopress-hotel-booking-pdf-invoices","status":"publish","type":"product","link":"https:\/\/gpl-love.com\/fr\/produit\/motopress-hotel-booking-pdf-invoices\/","title":{"rendered":"MotoPress Hotel Booking PDF Invoices 1.5.2"},"content":{"rendered":"<h3>MotoPress Hotel Booking PDF Invoices Traits<\/h3>\n<p>Ce module compl\u00e9mentaire MotoPress Hotel PDF garantit l&rsquo;envoi automatique et simplifi\u00e9 des factures PDF de r\u00e9servation d&rsquo;h\u00f4tel \u00e0 vos clients d\u00e8s la confirmation de leur r\u00e9servation. Mais ce n&rsquo;est pas tout\u00a0! Il offre \u00e9galement une plateforme intuitive pour consulter, t\u00e9l\u00e9charger et imprimer les factures depuis le tableau de bord d&rsquo;administration. Optimisez votre processus de r\u00e9servation h\u00f4teli\u00e8re avec le module compl\u00e9mentaire MotoPress Hotel Booking PDF Invoices\u00a0: la solution id\u00e9ale alliant efficacit\u00e9 et simplicit\u00e9.<\/p>\n<ul>\n<li>Int\u00e9gration fluide avec l&rsquo;extension MotoPress Hotel Booking<\/li>\n<li><\/li>\n<li>Automatisation de l&rsquo;envoi des factures PDF par e-mail aux clients<\/li>\n<li><\/li>\n<li>Mod\u00e8les de factures personnalisables<\/li>\n<li>Int\u00e9gration du logo de l&rsquo;entreprise sur les factures<\/li>\n<li>Int\u00e9gration des mentions l\u00e9gales obligatoires sur les factures<\/li>\n<li>Envoi automatique et sans encombre des factures PDF d\u00e8s la confirmation de r\u00e9servation<\/li>\n<li>Plateforme accessible pour la consultation des factures<\/li>\n<li>T\u00e9l\u00e9chargement facile des factures depuis le tableau de bord d&rsquo;administration<\/li>\n<li>Option d&rsquo;impression pratique des factures<\/li>\n<li><\/li>\n<li>Un parfait \u00e9quilibre entre efficacit\u00e9 et simplicit\u00e9 pour vos r\u00e9servations d&rsquo;h\u00f4tel<\/li>\n<\/ul>\n","protected":false},"excerpt":{"rendered":"<p>Optimisez l&rsquo;efficacit\u00e9 de votre h\u00f4tel gr\u00e2ce \u00e0 l&rsquo;extension Factures PDF pour r\u00e9servations d&rsquo;h\u00f4tel MotoPress. Cet outil unique s&rsquo;int\u00e8gre parfaitement au plugin MotoPress et r\u00e9volutionne la facturation de vos r\u00e9servations. Avec Factures PDF MotoPress, automatisez l&rsquo;envoi de factures PDF \u00e0 vos clients par e-mail et personnalisez vos mod\u00e8les de factures en y int\u00e9grant le logo de votre entreprise et les mentions l\u00e9gales.<\/p>\n","protected":false},"featured_media":146929,"comment_status":"open","ping_status":"open","template":"","meta":[],"product_brand":[2777],"product_cat":[1187,1181,1186],"product_tag":[2370],"class_list":{"0":"post-139047","1":"product","2":"type-product","3":"status-publish","4":"has-post-thumbnail","6":"product_brand-motopress","7":"product_cat-administration-wordpress-plugins","8":"product_cat-plugins","9":"product_cat-wordpress-plugins","10":"product_tag-motopress","11":"member-discount","12":"discount-restricted","14":"first","15":"instock","16":"sale","17":"downloadable","18":"virtual","19":"sold-individually","20":"purchasable","21":"product-type-simple"},"_links":{"self":[{"href":"https:\/\/gpl-love.com\/fr\/wp-json\/wp\/v2\/product\/139047","targetHints":{"allow":["GET"]}}],"collection":[{"href":"https:\/\/gpl-love.com\/fr\/wp-json\/wp\/v2\/product"}],"about":[{"href":"https:\/\/gpl-love.com\/fr\/wp-json\/wp\/v2\/types\/product"}],"replies":[{"embeddable":true,"href":"https:\/\/gpl-love.com\/fr\/wp-json\/wp\/v2\/comments?post=139047"}],"wp:featuredmedia":[{"embeddable":true,"href":"https:\/\/gpl-love.com\/fr\/wp-json\/wp\/v2\/media\/146929"}],"wp:attachment":[{"href":"https:\/\/gpl-love.com\/fr\/wp-json\/wp\/v2\/media?parent=139047"}],"wp:term":[{"taxonomy":"product_brand","embeddable":true,"href":"https:\/\/gpl-love.com\/fr\/wp-json\/wp\/v2\/product_brand?post=139047"},{"taxonomy":"product_cat","embeddable":true,"href":"https:\/\/gpl-love.com\/fr\/wp-json\/wp\/v2\/product_cat?post=139047"},{"taxonomy":"product_tag","embeddable":true,"href":"https:\/\/gpl-love.com\/fr\/wp-json\/wp\/v2\/product_tag?post=139047"}],"curies":[{"name":"wp","href":"https:\/\/api.w.org\/{rel}","templated":true}]}}