{"id":139045,"date":"2025-09-09T00:00:00","date_gmt":"2025-09-08T22:00:00","guid":{"rendered":"https:\/\/gpl-love.com\/fr\/produit\/motopress-hotel-booking-checkout-fields\/"},"modified":"2026-05-13T00:31:20","modified_gmt":"2026-05-12T22:31:20","slug":"motopress-hotel-booking-checkout-fields","status":"publish","type":"product","link":"https:\/\/gpl-love.com\/fr\/produit\/motopress-hotel-booking-checkout-fields\/","title":{"rendered":"MotoPress Hotel Booking Checkout Fields 1.2.3"},"content":{"rendered":"<h3>MotoPress Hotel Booking Checkout Fields Traits<\/h3>\n<p>L&rsquo;extension \u00ab\u00a0Champs de paiement pour r\u00e9servation d&rsquo;h\u00f4tel\u00a0\u00bb prend en charge diff\u00e9rents types de champs, notamment texte, case \u00e0 cocher et e-mail. Vous pouvez ainsi personnaliser vos champs de paiement pour recueillir des informations sp\u00e9cifiques et optimiser l&rsquo;exp\u00e9rience de r\u00e9servation d&rsquo;h\u00f4tels avec MotoPress.<\/p>\n<ul>\n<li>Am\u00e9liore les fonctionnalit\u00e9s de votre plugin MotoPress Hotel Booking<\/li>\n<li><\/li>\n<li>Permet de personnaliser les champs de paiement<\/li>\n<li><\/li>\n<li>Offre une exp\u00e9rience de paiement fluide aux clients<\/li>\n<li><\/li>\n<li>Permet aux gestionnaires d&rsquo;\u00e9tablissement de recueillir les informations essentielles \u00e0 la r\u00e9servation<\/li>\n<li><\/li>\n<li>Offre la possibilit\u00e9 d&rsquo;ajouter de nouveaux champs de paiement ou de modifier ceux par d\u00e9faut<\/li>\n<li><\/li>\n<li>Prend en charge diff\u00e9rents types de champs, notamment texte, case \u00e0 cocher et e-mail<\/li>\n<li><\/li>\n<li>Permet d&rsquo;affiner les champs de paiement pour recueillir des informations sp\u00e9cifiques<\/li>\n<li><\/li>\n<li>Am\u00e9liore l&rsquo;exp\u00e9rience MotoPress Hotel Booking<\/li>\n<li>Int\u00e8gre une fonction de r\u00e9organisation des champs par glisser-d\u00e9poser<\/li>\n<li><\/li>\n<li>Optimise le syst\u00e8me MotoPress Hotel pour r\u00e9pondre \u00e0 des besoins uniques<\/li>\n<\/ul>\n","protected":false},"excerpt":{"rendered":"<p>Optimisez la gestion de votre h\u00f4tel gr\u00e2ce \u00e0 MotoPress Hotel Booking Checkout Fields, un produit premium qui enrichit les fonctionnalit\u00e9s de votre plugin MotoPress Hotel Booking. Cette extension vous permet de personnaliser facilement les champs de paiement de votre syst\u00e8me de r\u00e9servation, offrant ainsi une exp\u00e9rience de r\u00e9servation fluide \u00e0 vos clients.<\/p>\n<p>En tant que gestionnaire d&rsquo;\u00e9tablissement, l&rsquo;extension MotoPress Hotel Booking Checkout Fields vous permet de collecter toutes les informations essentielles \u00e0 vos r\u00e9servations. Vous pouvez ainsi ajouter de nouveaux champs de paiement ou modifier ceux par d\u00e9faut, optimisant ainsi votre syst\u00e8me MotoPress Hotel selon vos besoins sp\u00e9cifiques.<\/p>\n","protected":false},"featured_media":146928,"comment_status":"open","ping_status":"open","template":"","meta":[],"product_brand":[2777],"product_cat":[1187,1181,1186],"product_tag":[2370],"class_list":{"0":"post-139045","1":"product","2":"type-product","3":"status-publish","4":"has-post-thumbnail","6":"product_brand-motopress","7":"product_cat-administration-wordpress-plugins","8":"product_cat-plugins","9":"product_cat-wordpress-plugins","10":"product_tag-motopress","11":"member-discount","12":"discount-restricted","14":"first","15":"instock","16":"sale","17":"downloadable","18":"virtual","19":"sold-individually","20":"purchasable","21":"product-type-simple"},"_links":{"self":[{"href":"https:\/\/gpl-love.com\/fr\/wp-json\/wp\/v2\/product\/139045","targetHints":{"allow":["GET"]}}],"collection":[{"href":"https:\/\/gpl-love.com\/fr\/wp-json\/wp\/v2\/product"}],"about":[{"href":"https:\/\/gpl-love.com\/fr\/wp-json\/wp\/v2\/types\/product"}],"replies":[{"embeddable":true,"href":"https:\/\/gpl-love.com\/fr\/wp-json\/wp\/v2\/comments?post=139045"}],"wp:featuredmedia":[{"embeddable":true,"href":"https:\/\/gpl-love.com\/fr\/wp-json\/wp\/v2\/media\/146928"}],"wp:attachment":[{"href":"https:\/\/gpl-love.com\/fr\/wp-json\/wp\/v2\/media?parent=139045"}],"wp:term":[{"taxonomy":"product_brand","embeddable":true,"href":"https:\/\/gpl-love.com\/fr\/wp-json\/wp\/v2\/product_brand?post=139045"},{"taxonomy":"product_cat","embeddable":true,"href":"https:\/\/gpl-love.com\/fr\/wp-json\/wp\/v2\/product_cat?post=139045"},{"taxonomy":"product_tag","embeddable":true,"href":"https:\/\/gpl-love.com\/fr\/wp-json\/wp\/v2\/product_tag?post=139045"}],"curies":[{"name":"wp","href":"https:\/\/api.w.org\/{rel}","templated":true}]}}