{"id":139043,"date":"2024-04-01T00:00:00","date_gmt":"2024-03-31T22:00:00","guid":{"rendered":"https:\/\/gpl-love.com\/fr\/produit\/motopress-video\/"},"modified":"2026-04-10T18:50:20","modified_gmt":"2026-04-10T16:50:20","slug":"motopress-video","status":"publish","type":"product","link":"https:\/\/gpl-love.com\/fr\/produit\/motopress-video\/","title":{"rendered":"MotoPress Video 1.3.2"},"content":{"rendered":"<h3>MotoPress Video Traits<\/h3>\n<p>Avec le montage vid\u00e9o de MotoPress, offrez une exp\u00e9rience vid\u00e9o immersive aux visiteurs de votre site web. L&rsquo;extension MotoPress Video vous fournit les outils n\u00e9cessaires pour cr\u00e9er des contenus vid\u00e9o captivants et interactifs, optimisant ainsi votre r\u00e9f\u00e9rencement naturel.<\/p>\n<p>N&rsquo;oubliez pas\u00a0: un contenu vid\u00e9o optimis\u00e9 et engageant est un atout majeur pour le r\u00e9f\u00e9rencement. Alors, n&rsquo;attendez plus\u00a0! Commencez \u00e0 utiliser MotoPress Video d\u00e8s aujourd&rsquo;hui\u00a0!<\/p>\n<ul>\n<li>D\u00e9veloppe les fonctionnalit\u00e9s interactives du site web<\/li>\n<li><\/li>\n<li>Inclut deux widgets uniques\u00a0: Diaporama vid\u00e9o et Visionneuse vid\u00e9o<\/li>\n<li><\/li>\n<li>Permet une int\u00e9gration fluide des vid\u00e9os h\u00e9berg\u00e9es sur votre serveur, YouTube et Vimeo<\/li>\n<li><\/li>\n<li>Offre une interface intuitive par glisser-d\u00e9poser<\/li>\n<li><\/li>\n<li>Simplifie la pr\u00e9sentation des services, produits et portfolios<\/li>\n<li><\/li>\n<li>Am\u00e9liore l&rsquo;esth\u00e9tique du site web et l&rsquo;exp\u00e9rience utilisateur<\/li>\n<li><\/li>\n<li>Cr\u00e9e une exp\u00e9rience vid\u00e9o immersive pour les visiteurs<\/li>\n<li><\/li>\n<li>Fournit des outils pour cr\u00e9er du contenu vid\u00e9o attrayant et interactif<\/li>\n<li><\/li>\n<li>Peut am\u00e9liorer le r\u00e9f\u00e9rencement naturel gr\u00e2ce \u00e0 un contenu vid\u00e9o optimis\u00e9<\/li>\n<li><\/li>\n<li>Un outil puissant pour am\u00e9liorer le r\u00e9f\u00e9rencement naturel.<\/li>\n<\/ul>\n","protected":false},"excerpt":{"rendered":"<p>D\u00e9veloppez l&rsquo;interactivit\u00e9 de votre site web gr\u00e2ce \u00e0 l&rsquo;extension MotoPress Video pour l&rsquo;\u00e9diteur de contenu MotoPress. Comme le montre notre tutoriel MotoPress Video, cette extension inclut deux widgets uniques\u00a0: Diaporama vid\u00e9o et Visionneuse vid\u00e9o. Elle permet une int\u00e9gration fluide des vid\u00e9os h\u00e9berg\u00e9es sur votre propre serveur, ainsi que des vid\u00e9os YouTube et Vimeo.<\/p>\n<p>Notre guide MotoPress Video vous apprendra \u00e0 utiliser facilement la fonction glisser-d\u00e9poser. Cette fonctionnalit\u00e9 simplifie la pr\u00e9sentation de vos services, produits et portfolios de mani\u00e8re visuellement captivante. D\u00e9couvrez l&rsquo;ensemble des fonctionnalit\u00e9s MotoPress Video qui permettent aux blogueurs et aux propri\u00e9taires de sites web d&rsquo;am\u00e9liorer l&rsquo;esth\u00e9tique et l&rsquo;exp\u00e9rience utilisateur de leur site.<\/p>\n","protected":false},"featured_media":146927,"comment_status":"open","ping_status":"open","template":"","meta":[],"product_brand":[2777],"product_cat":[1189,1181,1186],"product_tag":[2370],"class_list":{"0":"post-139043","1":"product","2":"type-product","3":"status-publish","4":"has-post-thumbnail","6":"product_brand-motopress","7":"product_cat-personnalisation","8":"product_cat-plugins","9":"product_cat-wordpress-plugins","10":"product_tag-motopress","11":"member-discount","12":"discount-restricted","14":"first","15":"instock","16":"sale","17":"downloadable","18":"virtual","19":"sold-individually","20":"purchasable","21":"product-type-simple"},"_links":{"self":[{"href":"https:\/\/gpl-love.com\/fr\/wp-json\/wp\/v2\/product\/139043","targetHints":{"allow":["GET"]}}],"collection":[{"href":"https:\/\/gpl-love.com\/fr\/wp-json\/wp\/v2\/product"}],"about":[{"href":"https:\/\/gpl-love.com\/fr\/wp-json\/wp\/v2\/types\/product"}],"replies":[{"embeddable":true,"href":"https:\/\/gpl-love.com\/fr\/wp-json\/wp\/v2\/comments?post=139043"}],"wp:featuredmedia":[{"embeddable":true,"href":"https:\/\/gpl-love.com\/fr\/wp-json\/wp\/v2\/media\/146927"}],"wp:attachment":[{"href":"https:\/\/gpl-love.com\/fr\/wp-json\/wp\/v2\/media?parent=139043"}],"wp:term":[{"taxonomy":"product_brand","embeddable":true,"href":"https:\/\/gpl-love.com\/fr\/wp-json\/wp\/v2\/product_brand?post=139043"},{"taxonomy":"product_cat","embeddable":true,"href":"https:\/\/gpl-love.com\/fr\/wp-json\/wp\/v2\/product_cat?post=139043"},{"taxonomy":"product_tag","embeddable":true,"href":"https:\/\/gpl-love.com\/fr\/wp-json\/wp\/v2\/product_tag?post=139043"}],"curies":[{"name":"wp","href":"https:\/\/api.w.org\/{rel}","templated":true}]}}