{"id":139041,"date":"2026-02-14T00:00:00","date_gmt":"2026-02-13T23:00:00","guid":{"rendered":"https:\/\/gpl-love.com\/fr\/produit\/motopress-simple-contact-form\/"},"modified":"2026-04-19T00:31:43","modified_gmt":"2026-04-18T22:31:43","slug":"motopress-simple-contact-form","status":"publish","type":"product","link":"https:\/\/gpl-love.com\/fr\/produit\/motopress-simple-contact-form\/","title":{"rendered":"MotoPress Simple Contact Form 1.2.3"},"content":{"rendered":"<h3>MotoPress Simple Contact Form Traits<\/h3>\n<ul>\n<li>Con\u00e7u par des experts pour cr\u00e9er des formulaires MotoPress simples<\/li>\n<li><\/li>\n<li>Interface conviviale pour une navigation ais\u00e9e<\/li>\n<li><\/li>\n<li>Polyvalent avec une grande vari\u00e9t\u00e9 de types de champs pour r\u00e9pondre \u00e0 diverses demandes<\/li>\n<li>Types de champs\u00a0: texte, e-mail, t\u00e9l\u00e9phone et zone de texte<\/li>\n<li>Types de champs suppl\u00e9mentaires\u00a0: boutons radio, cases \u00e0 cocher et listes d\u00e9roulantes\/s\u00e9lection<\/li>\n<li>Inclut des champs num\u00e9riques pour la collecte de donn\u00e9es sp\u00e9cifiques<\/li>\n<li>Convient \u00e0 la cr\u00e9ation de formulaires MotoPress simples et complexes<\/li>\n<li>Am\u00e9liore la communication avec les utilisateurs gr\u00e2ce \u00e0 des formulaires personnalis\u00e9s<\/li>\n<li>Un compl\u00e9ment indispensable \u00e0 l&rsquo;\u00e9diteur de contenu MotoPress<\/li>\n<li>Extension puissante pour une efficacit\u00e9 accrue<\/li>\n<\/ul>\n","protected":false},"excerpt":{"rendered":"<p>D\u00e9couvrez le formulaire de contact simple MotoPress, un compl\u00e9ment indispensable \u00e0 l&rsquo;\u00e9diteur de contenu MotoPress. Cette extension performante est con\u00e7ue pour cr\u00e9er des formulaires MotoPress simples, efficaces et intuitifs. Le formulaire de contact MotoPress se distingue par sa polyvalence, offrant une grande vari\u00e9t\u00e9 de types de champs adapt\u00e9s \u00e0 diff\u00e9rentes demandes. Parmi ces types de champs, on retrouve notamment le texte, l&rsquo;e-mail, le t\u00e9l\u00e9phone, les zones de texte, les boutons radio, les cases \u00e0 cocher, les listes d\u00e9roulantes et les champs num\u00e9riques. Que vous recherchiez un formulaire de contact simple de style MotoPress ou un formulaire plus complexe, cette extension r\u00e9pond \u00e0 tous vos besoins. Am\u00e9liorez votre communication avec vos utilisateurs d\u00e8s aujourd&rsquo;hui gr\u00e2ce au formulaire simple MotoPress.<\/p>\n","protected":false},"featured_media":146926,"comment_status":"open","ping_status":"open","template":"","meta":[],"product_brand":[2777],"product_cat":[1189,1181,1186],"product_tag":[2370],"class_list":{"0":"post-139041","1":"product","2":"type-product","3":"status-publish","4":"has-post-thumbnail","6":"product_brand-motopress","7":"product_cat-personnalisation","8":"product_cat-plugins","9":"product_cat-wordpress-plugins","10":"product_tag-motopress","11":"member-discount","12":"discount-restricted","14":"first","15":"instock","16":"sale","17":"downloadable","18":"virtual","19":"sold-individually","20":"purchasable","21":"product-type-simple"},"_links":{"self":[{"href":"https:\/\/gpl-love.com\/fr\/wp-json\/wp\/v2\/product\/139041","targetHints":{"allow":["GET"]}}],"collection":[{"href":"https:\/\/gpl-love.com\/fr\/wp-json\/wp\/v2\/product"}],"about":[{"href":"https:\/\/gpl-love.com\/fr\/wp-json\/wp\/v2\/types\/product"}],"replies":[{"embeddable":true,"href":"https:\/\/gpl-love.com\/fr\/wp-json\/wp\/v2\/comments?post=139041"}],"wp:featuredmedia":[{"embeddable":true,"href":"https:\/\/gpl-love.com\/fr\/wp-json\/wp\/v2\/media\/146926"}],"wp:attachment":[{"href":"https:\/\/gpl-love.com\/fr\/wp-json\/wp\/v2\/media?parent=139041"}],"wp:term":[{"taxonomy":"product_brand","embeddable":true,"href":"https:\/\/gpl-love.com\/fr\/wp-json\/wp\/v2\/product_brand?post=139041"},{"taxonomy":"product_cat","embeddable":true,"href":"https:\/\/gpl-love.com\/fr\/wp-json\/wp\/v2\/product_cat?post=139041"},{"taxonomy":"product_tag","embeddable":true,"href":"https:\/\/gpl-love.com\/fr\/wp-json\/wp\/v2\/product_tag?post=139041"}],"curies":[{"name":"wp","href":"https:\/\/api.w.org\/{rel}","templated":true}]}}