{"id":139039,"date":"2024-04-01T00:00:00","date_gmt":"2024-03-31T22:00:00","guid":{"rendered":"https:\/\/gpl-love.com\/fr\/produit\/motopress-pricing-table\/"},"modified":"2026-04-18T06:33:06","modified_gmt":"2026-04-18T04:33:06","slug":"motopress-pricing-table","status":"publish","type":"product","link":"https:\/\/gpl-love.com\/fr\/produit\/motopress-pricing-table\/","title":{"rendered":"MotoPress Pricing Table 1.3.2"},"content":{"rendered":"<h3>MotoPress Pricing Table Traits<\/h3>\n<ul>\n<li>Outil innovant con\u00e7u pour cr\u00e9er des tableaux et des encadr\u00e9s de prix dynamiques et adaptatifs.<\/li>\n<li><\/li>\n<li>Id\u00e9al pour pr\u00e9senter une gamme de produits, services, offres group\u00e9es et forfaits.<\/li>\n<li><\/li>\n<li>Donne vie \u00e0 vos offres gr\u00e2ce \u00e0 une pr\u00e9sentation visuellement attrayante.<\/li>\n<li>Un atout majeur pour les blogueurs et les prestataires de services.<\/li>\n<li>Simplifie la comparaison des caract\u00e9ristiques, des avantages et des inconv\u00e9nients.<\/li>\n<li>Bien plus qu&rsquo;un simple module compl\u00e9mentaire, une solution compl\u00e8te pour optimiser votre pr\u00e9sence en ligne.<\/li>\n<li><\/li>\n<li>D\u00e9couvrez l&rsquo;efficacit\u00e9 de cet outil pour une meilleure compr\u00e9hension de vos produits.<\/li>\n<li>Am\u00e9liorez le design de votre site web gr\u00e2ce \u00e0 un outil enti\u00e8rement personnalisable et intuitif.<\/li>\n<li><\/li>\n<li>Id\u00e9al pour cr\u00e9er une exp\u00e9rience client interactive et captivante.<\/li>\n<li><\/li>\n<li>Offre une pr\u00e9sentation plus claire et organis\u00e9e de vos offres.<\/li>\n<\/ul>\n","protected":false},"excerpt":{"rendered":"<p>D\u00e9couvrez la puissance de MotoPress Pricing Table, un outil innovant con\u00e7u pour cr\u00e9er des tableaux et des encadr\u00e9s de prix dynamiques et adaptatifs. Id\u00e9al pour pr\u00e9senter votre gamme de produits, services, offres group\u00e9es et forfaits, l&rsquo;extension MotoPress Pricing Table donne vie \u00e0 vos offres. Cette fonctionnalit\u00e9 r\u00e9volutionne le travail des blogueurs et des prestataires de services en simplifiant la comparaison des caract\u00e9ristiques, des avantages et des inconv\u00e9nients. MotoPress Pricing Table n&rsquo;est pas qu&rsquo;une simple extension\u00a0: c&rsquo;est une solution compl\u00e8te pour optimiser votre pr\u00e9sence en ligne. D\u00e9couvrez l&rsquo;efficacit\u00e9 de Pricing Table et donnez un coup de pouce \u00e0 votre site web gr\u00e2ce \u00e0 cet outil convivial et enti\u00e8rement personnalisable.<\/p>\n","protected":false},"featured_media":146925,"comment_status":"open","ping_status":"open","template":"","meta":[],"product_brand":[2777],"product_cat":[1189,1181,1186],"product_tag":[2370],"class_list":{"0":"post-139039","1":"product","2":"type-product","3":"status-publish","4":"has-post-thumbnail","6":"product_brand-motopress","7":"product_cat-personnalisation","8":"product_cat-plugins","9":"product_cat-wordpress-plugins","10":"product_tag-motopress","11":"member-discount","12":"discount-restricted","14":"first","15":"instock","16":"sale","17":"downloadable","18":"virtual","19":"sold-individually","20":"purchasable","21":"product-type-simple"},"_links":{"self":[{"href":"https:\/\/gpl-love.com\/fr\/wp-json\/wp\/v2\/product\/139039","targetHints":{"allow":["GET"]}}],"collection":[{"href":"https:\/\/gpl-love.com\/fr\/wp-json\/wp\/v2\/product"}],"about":[{"href":"https:\/\/gpl-love.com\/fr\/wp-json\/wp\/v2\/types\/product"}],"replies":[{"embeddable":true,"href":"https:\/\/gpl-love.com\/fr\/wp-json\/wp\/v2\/comments?post=139039"}],"wp:featuredmedia":[{"embeddable":true,"href":"https:\/\/gpl-love.com\/fr\/wp-json\/wp\/v2\/media\/146925"}],"wp:attachment":[{"href":"https:\/\/gpl-love.com\/fr\/wp-json\/wp\/v2\/media?parent=139039"}],"wp:term":[{"taxonomy":"product_brand","embeddable":true,"href":"https:\/\/gpl-love.com\/fr\/wp-json\/wp\/v2\/product_brand?post=139039"},{"taxonomy":"product_cat","embeddable":true,"href":"https:\/\/gpl-love.com\/fr\/wp-json\/wp\/v2\/product_cat?post=139039"},{"taxonomy":"product_tag","embeddable":true,"href":"https:\/\/gpl-love.com\/fr\/wp-json\/wp\/v2\/product_tag?post=139039"}],"curies":[{"name":"wp","href":"https:\/\/api.w.org\/{rel}","templated":true}]}}