{"id":139037,"date":"2024-04-01T00:00:00","date_gmt":"2024-03-31T22:00:00","guid":{"rendered":"https:\/\/gpl-love.com\/fr\/produit\/motopress-aquentro\/"},"modified":"2026-04-18T06:33:05","modified_gmt":"2026-04-18T04:33:05","slug":"motopress-aquentro","status":"publish","type":"product","link":"https:\/\/gpl-love.com\/fr\/produit\/motopress-aquentro\/","title":{"rendered":"MotoPress Aquentro 1.5.2"},"content":{"rendered":"<h3>MotoPress Aquentro Traits<\/h3>\n<p>Existe-t-il des alternatives \u00e0 MotoPress Aquentro\u00a0? Bien que d&rsquo;autres solutions existent, les puissantes options de personnalisation de ce th\u00e8me en font un concurrent de taille sur le march\u00e9.<\/p>\n<p>Le guide d&rsquo;installation de MotoPress Aquentro est con\u00e7u pour une utilisation intuitive. Que vous soyez d\u00e9butant ou expert en cr\u00e9ation de sites web, MotoPress Aquentro est un jeu d&rsquo;enfant \u00e0 utiliser.<\/p>\n<ul>\n<li>Th\u00e8me WordPress urbain pour la location d&rsquo;un seul bien<\/li>\n<li><\/li>\n<li>Convient \u00e0 tous types de locations, y compris les appartements de luxe et les h\u00f4tels<\/li>\n<li><\/li>\n<li>Fonctionnalit\u00e9 unique\u00a0: optimisation pour la location d&rsquo;un seul bien<\/li>\n<li>Plugin de r\u00e9servation WordPress premium int\u00e9gr\u00e9 pour g\u00e9rer un nombre illimit\u00e9 de biens<\/li>\n<li>Options de personnalisation avanc\u00e9es pour un design de site web unique<\/li>\n<li>Un des meilleurs th\u00e8mes du march\u00e9<\/li>\n<li>Guide d&rsquo;installation intuitif pour les d\u00e9butants comme pour les experts<\/li>\n<li>Un rapport qualit\u00e9-prix imbattable<\/li>\n<li>Facile \u00e0 utiliser pour la cr\u00e9ation de votre site web<\/li>\n<li>R\u00e9pond \u00e0 tous vos besoins en mati\u00e8re de location<\/li>\n<\/ul>\n","protected":false},"excerpt":{"rendered":"<p>D\u00e9couvrez MotoPress Aquentro, un th\u00e8me WordPress urbain et innovant, con\u00e7u pour la location de biens immobiliers individuels. Que vous recherchiez une solution pour des appartements de luxe ou des h\u00f4tels, cet avis sur MotoPress Aquentro d\u00e9montre son ad\u00e9quation \u00e0 tous vos besoins.<\/p>\n<p>L&rsquo;une des caract\u00e9ristiques distinctives de MotoPress Aquentro est son optimisation pour la location de biens immobiliers individuels. Mais ce n&rsquo;est pas tout\u00a0: gr\u00e2ce \u00e0 l&rsquo;extension de r\u00e9servation WordPress premium int\u00e9gr\u00e9e, vous pouvez g\u00e9rer un nombre illimit\u00e9 de propri\u00e9t\u00e9s sans frais suppl\u00e9mentaires.<\/p>\n","protected":false},"featured_media":146924,"comment_status":"open","ping_status":"open","template":"","meta":[],"product_brand":[2777],"product_cat":[1516,1212,1213],"product_tag":[2370],"class_list":{"0":"post-139037","1":"product","2":"type-product","3":"status-publish","4":"has-post-thumbnail","6":"product_brand-motopress","7":"product_cat-entreprise","8":"product_cat-themes","9":"product_cat-wordpress-themes","10":"product_tag-motopress","11":"member-discount","12":"discount-restricted","14":"first","15":"instock","16":"sale","17":"downloadable","18":"virtual","19":"sold-individually","20":"purchasable","21":"product-type-simple"},"_links":{"self":[{"href":"https:\/\/gpl-love.com\/fr\/wp-json\/wp\/v2\/product\/139037","targetHints":{"allow":["GET"]}}],"collection":[{"href":"https:\/\/gpl-love.com\/fr\/wp-json\/wp\/v2\/product"}],"about":[{"href":"https:\/\/gpl-love.com\/fr\/wp-json\/wp\/v2\/types\/product"}],"replies":[{"embeddable":true,"href":"https:\/\/gpl-love.com\/fr\/wp-json\/wp\/v2\/comments?post=139037"}],"wp:featuredmedia":[{"embeddable":true,"href":"https:\/\/gpl-love.com\/fr\/wp-json\/wp\/v2\/media\/146924"}],"wp:attachment":[{"href":"https:\/\/gpl-love.com\/fr\/wp-json\/wp\/v2\/media?parent=139037"}],"wp:term":[{"taxonomy":"product_brand","embeddable":true,"href":"https:\/\/gpl-love.com\/fr\/wp-json\/wp\/v2\/product_brand?post=139037"},{"taxonomy":"product_cat","embeddable":true,"href":"https:\/\/gpl-love.com\/fr\/wp-json\/wp\/v2\/product_cat?post=139037"},{"taxonomy":"product_tag","embeddable":true,"href":"https:\/\/gpl-love.com\/fr\/wp-json\/wp\/v2\/product_tag?post=139037"}],"curies":[{"name":"wp","href":"https:\/\/api.w.org\/{rel}","templated":true}]}}