{"id":139035,"date":"2024-05-09T00:00:00","date_gmt":"2024-05-08T22:00:00","guid":{"rendered":"https:\/\/gpl-love.com\/fr\/produit\/motopress-google-maps\/"},"modified":"2026-03-21T00:01:27","modified_gmt":"2026-03-20T23:01:27","slug":"motopress-google-maps","status":"publish","type":"product","link":"https:\/\/gpl-love.com\/fr\/produit\/motopress-google-maps\/","title":{"rendered":"MotoPress Google Maps 1.4.4"},"content":{"rendered":"<h3>MotoPress Google Maps Traits<\/h3>\n<p>Mais la fonctionnalit\u00e9 MotoPress Maps ne s&rsquo;arr\u00eate pas l\u00e0. Son \u00e9diteur visuel vous permet d&rsquo;ajouter des descriptions d\u00e9taill\u00e9es aux infobulles de vos marqueurs, d&rsquo;int\u00e9grer des fichiers multim\u00e9dias et m\u00eame des informations compl\u00e9mentaires comme les horaires d&rsquo;ouverture. Am\u00e9liorez l&rsquo;exp\u00e9rience utilisateur de votre site web gr\u00e2ce \u00e0 l&rsquo;extension MotoPress Google Maps, la solution id\u00e9ale pour une int\u00e9gration cartographique fluide.<\/p>\n<ul>\n<li>Produit phare pour l&rsquo;int\u00e9gration de cartes sur WordPress<\/li>\n<li><\/li>\n<li>Cr\u00e9ez des cartes interactives et enti\u00e8rement personnalisables<\/li>\n<li>Ajoutez plusieurs marqueurs personnalis\u00e9s<\/li>\n<li>Choisissez parmi une vari\u00e9t\u00e9 d&rsquo;ic\u00f4nes de police<\/li>\n<li>Personnalisez la taille et la couleur des ic\u00f4nes<\/li>\n<li>Int\u00e9grez un \u00e9diteur visuel pour ajouter des descriptions d\u00e9taill\u00e9es aux infobulles des marqueurs<\/li>\n<li>Int\u00e9grez des fichiers multim\u00e9dias dans les infobulles<\/li>\n<li>Ajoutez des informations suppl\u00e9mentaires, comme les horaires d&rsquo;ouverture, dans les infobulles<\/li>\n<li>Am\u00e9liorez les fonctionnalit\u00e9s de votre site WordPress<\/li>\n<li>Le choix id\u00e9al pour une int\u00e9gration de cartes fluide<\/li>\n<\/ul>\n","protected":false},"excerpt":{"rendered":"<p>Am\u00e9liorez les fonctionnalit\u00e9s de votre site WordPress gr\u00e2ce \u00e0 l&rsquo;extension MotoPress pour Google Maps, une r\u00e9f\u00e9rence en mati\u00e8re d&rsquo;int\u00e9gration de cartes. MotoPress n&rsquo;est pas un simple module compl\u00e9mentaire pour Google Maps\u00a0: c&rsquo;est un outil avanc\u00e9 qui vous permet de cr\u00e9er des cartes interactives et enti\u00e8rement personnalisables. Avec MotoPress pour WordPress, vous pouvez placer plusieurs marqueurs personnalis\u00e9s, choisir parmi diff\u00e9rentes ic\u00f4nes et m\u00eame d\u00e9finir leur taille et leur couleur selon vos pr\u00e9f\u00e9rences.<\/p>\n","protected":false},"featured_media":146923,"comment_status":"open","ping_status":"open","template":"","meta":[],"product_brand":[2777],"product_cat":[1189,1181,1186],"product_tag":[2370],"class_list":{"0":"post-139035","1":"product","2":"type-product","3":"status-publish","4":"has-post-thumbnail","6":"product_brand-motopress","7":"product_cat-personnalisation","8":"product_cat-plugins","9":"product_cat-wordpress-plugins","10":"product_tag-motopress","11":"member-discount","12":"discount-restricted","14":"first","15":"instock","16":"sale","17":"downloadable","18":"virtual","19":"sold-individually","20":"purchasable","21":"product-type-simple"},"_links":{"self":[{"href":"https:\/\/gpl-love.com\/fr\/wp-json\/wp\/v2\/product\/139035","targetHints":{"allow":["GET"]}}],"collection":[{"href":"https:\/\/gpl-love.com\/fr\/wp-json\/wp\/v2\/product"}],"about":[{"href":"https:\/\/gpl-love.com\/fr\/wp-json\/wp\/v2\/types\/product"}],"replies":[{"embeddable":true,"href":"https:\/\/gpl-love.com\/fr\/wp-json\/wp\/v2\/comments?post=139035"}],"wp:featuredmedia":[{"embeddable":true,"href":"https:\/\/gpl-love.com\/fr\/wp-json\/wp\/v2\/media\/146923"}],"wp:attachment":[{"href":"https:\/\/gpl-love.com\/fr\/wp-json\/wp\/v2\/media?parent=139035"}],"wp:term":[{"taxonomy":"product_brand","embeddable":true,"href":"https:\/\/gpl-love.com\/fr\/wp-json\/wp\/v2\/product_brand?post=139035"},{"taxonomy":"product_cat","embeddable":true,"href":"https:\/\/gpl-love.com\/fr\/wp-json\/wp\/v2\/product_cat?post=139035"},{"taxonomy":"product_tag","embeddable":true,"href":"https:\/\/gpl-love.com\/fr\/wp-json\/wp\/v2\/product_tag?post=139035"}],"curies":[{"name":"wp","href":"https:\/\/api.w.org\/{rel}","templated":true}]}}