{"id":139033,"date":"2024-04-01T00:00:00","date_gmt":"2024-03-31T22:00:00","guid":{"rendered":"https:\/\/gpl-love.com\/fr\/produit\/motopress-countdown\/"},"modified":"2026-03-21T00:01:26","modified_gmt":"2026-03-20T23:01:26","slug":"motopress-countdown","status":"publish","type":"product","link":"https:\/\/gpl-love.com\/fr\/produit\/motopress-countdown\/","title":{"rendered":"MotoPress Countdown 1.3.1"},"content":{"rendered":"<h3>MotoPress Countdown Traits<\/h3>\n<p>De plus, le compte \u00e0 rebours MotoPress pour WordPress vous permet d&rsquo;afficher du contenu avant ou apr\u00e8s le d\u00e9compte, offrant ainsi une personnalisation accrue pour r\u00e9pondre au mieux \u00e0 vos besoins. Gr\u00e2ce aux options de personnalisation du compte \u00e0 rebours MotoPress, vous contr\u00f4lez enti\u00e8rement son apparence et son fonctionnement.<\/p>\n<p>Profitez de l&rsquo;extension MotoPress Custom Countdown Pro et optimisez l&rsquo;attractivit\u00e9 et l&rsquo;efficacit\u00e9 de votre site web gr\u00e2ce \u00e0 notre plugin de compte \u00e0 rebours convivial et optimis\u00e9 pour le r\u00e9f\u00e9rencement naturel.<\/p>\n<ul>\n<li>Compte \u00e0 rebours hautement personnalisable pour sites WordPress<\/li>\n<li><\/li>\n<li>Produit phare pour cr\u00e9er de l&rsquo;attente autour des promotions et des lancements de produits<\/li>\n<li>Design \u00e9l\u00e9gant avec des styles carr\u00e9 et circulaire<\/li>\n<li>Couleurs personnalisables pour l&rsquo;arri\u00e8re-plan, la piste et le texte<\/li>\n<li>Possibilit\u00e9 d&rsquo;afficher du contenu avant ou apr\u00e8s le compte \u00e0 rebours<\/li>\n<li>Contr\u00f4le total sur l&rsquo;apparence et les fonctionnalit\u00e9s du compte \u00e0 rebours<\/li>\n<li>Outil indispensable pour les \u00e9v\u00e9nements urgents<\/li>\n<li>S&rsquo;int\u00e8gre parfaitement \u00e0 l&rsquo;esth\u00e9tique de votre site<\/li>\n<li>Inclut l&rsquo;extension Custom Countdown Pro<\/li>\n<li>Plugin de compte \u00e0 rebours convivial et optimis\u00e9 pour le r\u00e9f\u00e9rencement (SEO)<\/li>\n<\/ul>\n","protected":false},"excerpt":{"rendered":"<p>D\u00e9couvrez la puissance du plugin MotoPress Countdown, un compte \u00e0 rebours hautement personnalisable pour votre site WordPress. Ce produit de r\u00e9f\u00e9rence, le compte \u00e0 rebours MotoPress, est un outil indispensable pour susciter l&rsquo;enthousiasme autour de vos promotions, lancements de produits et \u00e9v\u00e9nements \u00e0 dur\u00e9e limit\u00e9e.<\/p>\n<p>Le compte \u00e0 rebours MotoPress offre un design \u00e9l\u00e9gant avec des styles carr\u00e9 et circulaire, vous permettant de l&rsquo;int\u00e9grer parfaitement \u00e0 l&rsquo;esth\u00e9tique de votre site. Gr\u00e2ce \u00e0 ses fonctionnalit\u00e9s, MotoPress Countdown propose des couleurs personnalisables pour l&rsquo;arri\u00e8re-plan, la piste et le texte, garantissant ainsi un compte \u00e0 rebours qui se d\u00e9marque et capte l&rsquo;attention de vos visiteurs.<\/p>\n","protected":false},"featured_media":146922,"comment_status":"open","ping_status":"open","template":"","meta":[],"product_brand":[2777],"product_cat":[1189,1181,1186],"product_tag":[2370],"class_list":{"0":"post-139033","1":"product","2":"type-product","3":"status-publish","4":"has-post-thumbnail","6":"product_brand-motopress","7":"product_cat-personnalisation","8":"product_cat-plugins","9":"product_cat-wordpress-plugins","10":"product_tag-motopress","11":"member-discount","12":"discount-restricted","14":"first","15":"instock","16":"sale","17":"downloadable","18":"virtual","19":"sold-individually","20":"purchasable","21":"product-type-simple"},"_links":{"self":[{"href":"https:\/\/gpl-love.com\/fr\/wp-json\/wp\/v2\/product\/139033","targetHints":{"allow":["GET"]}}],"collection":[{"href":"https:\/\/gpl-love.com\/fr\/wp-json\/wp\/v2\/product"}],"about":[{"href":"https:\/\/gpl-love.com\/fr\/wp-json\/wp\/v2\/types\/product"}],"replies":[{"embeddable":true,"href":"https:\/\/gpl-love.com\/fr\/wp-json\/wp\/v2\/comments?post=139033"}],"wp:featuredmedia":[{"embeddable":true,"href":"https:\/\/gpl-love.com\/fr\/wp-json\/wp\/v2\/media\/146922"}],"wp:attachment":[{"href":"https:\/\/gpl-love.com\/fr\/wp-json\/wp\/v2\/media?parent=139033"}],"wp:term":[{"taxonomy":"product_brand","embeddable":true,"href":"https:\/\/gpl-love.com\/fr\/wp-json\/wp\/v2\/product_brand?post=139033"},{"taxonomy":"product_cat","embeddable":true,"href":"https:\/\/gpl-love.com\/fr\/wp-json\/wp\/v2\/product_cat?post=139033"},{"taxonomy":"product_tag","embeddable":true,"href":"https:\/\/gpl-love.com\/fr\/wp-json\/wp\/v2\/product_tag?post=139033"}],"curies":[{"name":"wp","href":"https:\/\/api.w.org\/{rel}","templated":true}]}}