{"id":139031,"date":"2024-07-15T00:00:00","date_gmt":"2024-07-14T22:00:00","guid":{"rendered":"https:\/\/gpl-love.com\/fr\/produit\/motopress-demo-builder-for-any-wordpress-product\/"},"modified":"2026-04-17T00:31:53","modified_gmt":"2026-04-16T22:31:53","slug":"motopress-demo-builder-for-any-wordpress-product","status":"publish","type":"product","link":"https:\/\/gpl-love.com\/fr\/produit\/motopress-demo-builder-for-any-wordpress-product\/","title":{"rendered":"MotoPress Demo Builder pour any WordPress Product 1.7.6"},"content":{"rendered":"<h3>MotoPress Demo Builder pour any WordPress Product Traits<\/h3>\n<p>Les principales caract\u00e9ristiques de ce produit MotoPress pour WordPress incluent une dur\u00e9e de vie de d\u00e9mo personnalisable, un nettoyage automatique, des environnements de test isol\u00e9s pour chaque utilisateur et des restrictions de r\u00f4le. Transformez vos pr\u00e9sentations de produits WordPress avec MotoPress Demo Builder et offrez \u00e0 vos utilisateurs une exp\u00e9rience in\u00e9dite.<\/p>\n<ul>\n<li>Une m\u00e9thode r\u00e9volutionnaire pour pr\u00e9senter les produits WordPress<\/li>\n<li><\/li>\n<li>Sp\u00e9cialement con\u00e7ue pour les th\u00e8mes et les extensions<\/li>\n<li><\/li>\n<li>Permet de cr\u00e9er des d\u00e9mos personnalis\u00e9es pour l&rsquo;interface utilisateur<\/li>\n<li><\/li>\n<li>Permet de cr\u00e9er des comptes d&rsquo;essai pour l&rsquo;interface d&rsquo;administration<\/li>\n<li><\/li>\n<li>Offre une exp\u00e9rience interactive et pratique aux clients potentiels<\/li>\n<li><\/li>\n<li>Compatible avec tous les produits WordPress de MotoPress<\/li>\n<li>Dur\u00e9e de vie des d\u00e9mos personnalisable<\/li>\n<li>Nettoyage automatique inclus<\/li>\n<li>Environnements de test isol\u00e9s pour chaque utilisateur<\/li>\n<li>Restrictions li\u00e9es aux r\u00f4les utilisateurs<\/li>\n<\/ul>\n","protected":false},"excerpt":{"rendered":"<p>D\u00e9couvrez une fa\u00e7on r\u00e9volutionnaire de pr\u00e9senter vos produits WordPress gr\u00e2ce \u00e0 MotoPress Demo Builder pour WordPress. Ce puissant outil de cr\u00e9ation de d\u00e9mos pour produits WordPress est sp\u00e9cialement con\u00e7u pour les th\u00e8mes et les extensions, vous permettant de concevoir des d\u00e9mos personnalis\u00e9es pour l&rsquo;interface utilisateur et des comptes d&rsquo;essai pour l&rsquo;administration. Vos clients potentiels b\u00e9n\u00e9ficient ainsi d&rsquo;une exp\u00e9rience interactive et pratique avec tous les produits WordPress compatibles avec MotoPress.<\/p>\n","protected":false},"featured_media":146921,"comment_status":"open","ping_status":"open","template":"","meta":[],"product_brand":[2777],"product_cat":[1189,1181,1186],"product_tag":[2370],"class_list":{"0":"post-139031","1":"product","2":"type-product","3":"status-publish","4":"has-post-thumbnail","6":"product_brand-motopress","7":"product_cat-personnalisation","8":"product_cat-plugins","9":"product_cat-wordpress-plugins","10":"product_tag-motopress","11":"member-discount","12":"discount-restricted","14":"first","15":"instock","16":"sale","17":"downloadable","18":"virtual","19":"sold-individually","20":"purchasable","21":"product-type-simple"},"_links":{"self":[{"href":"https:\/\/gpl-love.com\/fr\/wp-json\/wp\/v2\/product\/139031","targetHints":{"allow":["GET"]}}],"collection":[{"href":"https:\/\/gpl-love.com\/fr\/wp-json\/wp\/v2\/product"}],"about":[{"href":"https:\/\/gpl-love.com\/fr\/wp-json\/wp\/v2\/types\/product"}],"replies":[{"embeddable":true,"href":"https:\/\/gpl-love.com\/fr\/wp-json\/wp\/v2\/comments?post=139031"}],"wp:featuredmedia":[{"embeddable":true,"href":"https:\/\/gpl-love.com\/fr\/wp-json\/wp\/v2\/media\/146921"}],"wp:attachment":[{"href":"https:\/\/gpl-love.com\/fr\/wp-json\/wp\/v2\/media?parent=139031"}],"wp:term":[{"taxonomy":"product_brand","embeddable":true,"href":"https:\/\/gpl-love.com\/fr\/wp-json\/wp\/v2\/product_brand?post=139031"},{"taxonomy":"product_cat","embeddable":true,"href":"https:\/\/gpl-love.com\/fr\/wp-json\/wp\/v2\/product_cat?post=139031"},{"taxonomy":"product_tag","embeddable":true,"href":"https:\/\/gpl-love.com\/fr\/wp-json\/wp\/v2\/product_tag?post=139031"}],"curies":[{"name":"wp","href":"https:\/\/api.w.org\/{rel}","templated":true}]}}