{"id":139029,"date":"2026-02-18T00:00:00","date_gmt":"2026-02-17T23:00:00","guid":{"rendered":"https:\/\/gpl-love.com\/fr\/produit\/motopress-appointment-booking\/"},"modified":"2026-04-18T06:33:04","modified_gmt":"2026-04-18T04:33:04","slug":"motopress-appointment-booking","status":"publish","type":"product","link":"https:\/\/gpl-love.com\/fr\/produit\/motopress-appointment-booking\/","title":{"rendered":"MotoPress Appointment Booking 2.4.3"},"content":{"rendered":"<h3>MotoPress Appointment Booking Traits<\/h3>\n<p>Les services personnalisables et la gestion des employ\u00e9s sont d&rsquo;autres atouts majeurs de cet outil de gestion des r\u00e9servations MotoPress, vous permettant de l&rsquo;adapter \u00e0 vos besoins. Avec la solution de r\u00e9servation de rendez-vous en ligne MotoPress, votre entreprise peut optimiser ses op\u00e9rations et offrir un service client de qualit\u00e9 sup\u00e9rieure.<\/p>\n<p>Essayez d\u00e8s aujourd&rsquo;hui le syst\u00e8me de r\u00e9servation MotoPress et transformez votre processus de planification des rendez-vous. Que vous recherchiez une meilleure gestion de la client\u00e8le ou un processus de r\u00e9servation plus organis\u00e9, MotoPress est la solution id\u00e9ale.<\/p>\n<ul>\n<li>Logiciel de planification complet adapt\u00e9 \u00e0 une large gamme d&rsquo;entreprises<\/li>\n<li><\/li>\n<li>Syst\u00e8me de r\u00e9servation de rendez-vous en ligne performant<\/li>\n<li><\/li>\n<li>Assistant de r\u00e9servation intuitif et facile \u00e0 utiliser<\/li>\n<li><\/li>\n<li>Rappels automatiques pour garantir que vos clients ne manquent jamais leurs rendez-vous<\/li>\n<li><\/li>\n<li>Services personnalisables pour r\u00e9pondre aux besoins sp\u00e9cifiques de chaque entreprise<\/li>\n<li>Fonctionnalit\u00e9s de gestion du personnel pour une meilleure coordination<\/li>\n<li>Simplification des op\u00e9rations et am\u00e9lioration du service client<\/li>\n<li>Transformation et organisation du processus de planification des rendez-vous<\/li>\n<li>Id\u00e9al pour les entreprises souhaitant optimiser la gestion de leur client\u00e8le<\/li>\n<li>Syst\u00e8me de r\u00e9servation en ligne facile \u00e0 g\u00e9rer<\/li>\n<\/ul>\n","protected":false},"excerpt":{"rendered":"<p>D\u00e9couvrez la puissance de l&rsquo;extension MotoPress, la solution de r\u00e9servation MotoPress id\u00e9ale pour WordPress. Ce logiciel de planification MotoPress complet convient parfaitement \u00e0 une large gamme d&rsquo;entreprises, des salons de beaut\u00e9 aux centres m\u00e9dicaux en passant par les \u00e9tablissements d&rsquo;enseignement, qui recherchent un syst\u00e8me de r\u00e9servation de rendez-vous MotoPress performant.<\/p>\n<p>Gr\u00e2ce au syst\u00e8me de r\u00e9servation en ligne MotoPress, g\u00e9rez facilement vos r\u00e9servations gr\u00e2ce \u00e0 un assistant de r\u00e9servation intuitif et progressif. Cet outil de planification MotoPress inclut \u00e9galement des rappels automatiques pour que vos clients n&rsquo;oublient jamais leurs rendez-vous.<\/p>\n","protected":false},"featured_media":146920,"comment_status":"open","ping_status":"open","template":"","meta":[],"product_brand":[2777],"product_cat":[1189,1181,1186],"product_tag":[2370],"class_list":{"0":"post-139029","1":"product","2":"type-product","3":"status-publish","4":"has-post-thumbnail","6":"product_brand-motopress","7":"product_cat-personnalisation","8":"product_cat-plugins","9":"product_cat-wordpress-plugins","10":"product_tag-motopress","11":"member-discount","12":"discount-restricted","14":"first","15":"instock","16":"sale","17":"downloadable","18":"virtual","19":"sold-individually","20":"purchasable","21":"product-type-simple"},"_links":{"self":[{"href":"https:\/\/gpl-love.com\/fr\/wp-json\/wp\/v2\/product\/139029","targetHints":{"allow":["GET"]}}],"collection":[{"href":"https:\/\/gpl-love.com\/fr\/wp-json\/wp\/v2\/product"}],"about":[{"href":"https:\/\/gpl-love.com\/fr\/wp-json\/wp\/v2\/types\/product"}],"replies":[{"embeddable":true,"href":"https:\/\/gpl-love.com\/fr\/wp-json\/wp\/v2\/comments?post=139029"}],"wp:featuredmedia":[{"embeddable":true,"href":"https:\/\/gpl-love.com\/fr\/wp-json\/wp\/v2\/media\/146920"}],"wp:attachment":[{"href":"https:\/\/gpl-love.com\/fr\/wp-json\/wp\/v2\/media?parent=139029"}],"wp:term":[{"taxonomy":"product_brand","embeddable":true,"href":"https:\/\/gpl-love.com\/fr\/wp-json\/wp\/v2\/product_brand?post=139029"},{"taxonomy":"product_cat","embeddable":true,"href":"https:\/\/gpl-love.com\/fr\/wp-json\/wp\/v2\/product_cat?post=139029"},{"taxonomy":"product_tag","embeddable":true,"href":"https:\/\/gpl-love.com\/fr\/wp-json\/wp\/v2\/product_tag?post=139029"}],"curies":[{"name":"wp","href":"https:\/\/api.w.org\/{rel}","templated":true}]}}