{"id":139027,"date":"2024-04-01T00:00:00","date_gmt":"2024-03-31T22:00:00","guid":{"rendered":"https:\/\/gpl-love.com\/fr\/produit\/motopress-yogamo\/"},"modified":"2026-04-18T06:33:04","modified_gmt":"2026-04-18T04:33:04","slug":"motopress-yogamo","status":"publish","type":"product","link":"https:\/\/gpl-love.com\/fr\/produit\/motopress-yogamo\/","title":{"rendered":"MotoPress Yogamo 1.3.3"},"content":{"rendered":"<h3>MotoPress Yogamo Traits<\/h3>\n<ul>\n<li>Sp\u00e9cialement con\u00e7u pour automatiser la prise de rendez-vous en ligne pour les cours de yoga, de danse et de fitness.<\/li>\n<li><\/li>\n<li>Offre un design riche en contenu et facilement extensible gr\u00e2ce aux blocs.<\/li>\n<li><\/li>\n<li>Con\u00e7u avec l&rsquo;\u00e9diteur de blocs natif de WordPress pour une int\u00e9gration ais\u00e9e.<\/li>\n<li><\/li>\n<li>Inclut un plugin de planification de rendez-vous int\u00e9gr\u00e9, id\u00e9al pour les salles de sport, les centres sportifs et les studios de fitness.<\/li>\n<li><\/li>\n<li>Un parfait \u00e9quilibre entre style et fonctionnalit\u00e9, pour une gestion simplifi\u00e9e de vos rendez-vous en ligne.<\/li>\n<li><\/li>\n<li>Permet une gestion facile des rendez-vous et des plannings pour une exp\u00e9rience de r\u00e9servation optimale.<\/li>\n<li><\/li>\n<li>Une solution compl\u00e8te pour tous vos besoins de planification en ligne, pour propulser votre activit\u00e9 fitness vers de nouveaux sommets.<\/li>\n<li><\/li>\n<li>Offre une interface am\u00e9lior\u00e9e, flexible et intuitive.<\/li>\n<li><\/li>\n<li>Un th\u00e8me adaptable et \u00e9l\u00e9gant, qui met en valeur la polyvalence de MotoPress Yogamo.<\/li>\n<li><\/li>\n<li>Donne une image professionnelle \u00e0 votre entreprise et am\u00e9liore l&rsquo;engagement client.<\/li>\n<\/ul>\n","protected":false},"excerpt":{"rendered":"<p>D\u00e9couvrez la polyvalence de MotoPress Yogamo, un th\u00e8me WordPress \u00e9l\u00e9gant et adaptable, sp\u00e9cialement con\u00e7u pour automatiser la prise de rendez-vous en ligne pour les cours de yoga, de danse et de fitness. L&rsquo;outil Yogamo MotoPress offre un design riche en contenu, facilement extensible gr\u00e2ce \u00e0 l&rsquo;\u00e9diteur de blocs natif de WordPress.<\/p>\n<p>MotoPress pour Yogamo se distingue par son plugin de planification de rendez-vous int\u00e9gr\u00e9, ce qui en fait la solution id\u00e9ale pour les salles de sport, les centres sportifs et les studios de fitness. Le plugin MotoPress Yogamo allie style et fonctionnalit\u00e9 pour simplifier vos processus de r\u00e9servation en ligne.<\/p>\n<p>Avec le logiciel MotoPress Yogamo, g\u00e9rez facilement vos rendez-vous et vos plannings, et offrez \u00e0 vos clients une exp\u00e9rience de r\u00e9servation fluide et professionnelle. D\u00e9veloppez votre activit\u00e9 fitness avec l&rsquo;application Yogamo MotoPress, une solution compl\u00e8te pour tous vos besoins de planification en ligne.<\/p>\n","protected":false},"featured_media":146919,"comment_status":"open","ping_status":"open","template":"","meta":[],"product_brand":[2777],"product_cat":[1516,1212,1213],"product_tag":[2370],"class_list":{"0":"post-139027","1":"product","2":"type-product","3":"status-publish","4":"has-post-thumbnail","6":"product_brand-motopress","7":"product_cat-entreprise","8":"product_cat-themes","9":"product_cat-wordpress-themes","10":"product_tag-motopress","11":"member-discount","12":"discount-restricted","14":"first","15":"instock","16":"sale","17":"downloadable","18":"virtual","19":"sold-individually","20":"purchasable","21":"product-type-simple"},"_links":{"self":[{"href":"https:\/\/gpl-love.com\/fr\/wp-json\/wp\/v2\/product\/139027","targetHints":{"allow":["GET"]}}],"collection":[{"href":"https:\/\/gpl-love.com\/fr\/wp-json\/wp\/v2\/product"}],"about":[{"href":"https:\/\/gpl-love.com\/fr\/wp-json\/wp\/v2\/types\/product"}],"replies":[{"embeddable":true,"href":"https:\/\/gpl-love.com\/fr\/wp-json\/wp\/v2\/comments?post=139027"}],"wp:featuredmedia":[{"embeddable":true,"href":"https:\/\/gpl-love.com\/fr\/wp-json\/wp\/v2\/media\/146919"}],"wp:attachment":[{"href":"https:\/\/gpl-love.com\/fr\/wp-json\/wp\/v2\/media?parent=139027"}],"wp:term":[{"taxonomy":"product_brand","embeddable":true,"href":"https:\/\/gpl-love.com\/fr\/wp-json\/wp\/v2\/product_brand?post=139027"},{"taxonomy":"product_cat","embeddable":true,"href":"https:\/\/gpl-love.com\/fr\/wp-json\/wp\/v2\/product_cat?post=139027"},{"taxonomy":"product_tag","embeddable":true,"href":"https:\/\/gpl-love.com\/fr\/wp-json\/wp\/v2\/product_tag?post=139027"}],"curies":[{"name":"wp","href":"https:\/\/api.w.org\/{rel}","templated":true}]}}