{"id":139025,"date":"2024-04-01T00:00:00","date_gmt":"2024-03-31T22:00:00","guid":{"rendered":"https:\/\/gpl-love.com\/fr\/produit\/motopress-vite-nera\/"},"modified":"2026-04-18T06:33:03","modified_gmt":"2026-04-18T04:33:03","slug":"motopress-vite-nera","status":"publish","type":"product","link":"https:\/\/gpl-love.com\/fr\/produit\/motopress-vite-nera\/","title":{"rendered":"MotoPress Vite Nera 1.0.2"},"content":{"rendered":"<h3>MotoPress Vite Nera Traits<\/h3>\n<p>Offrez \u00e0 vos prospects une exp\u00e9rience de navigation captivante gr\u00e2ce \u00e0 l&rsquo;optimisation Vite Nera, qui met en valeur vos cartes des vins, vos produits et votre image de marque. Am\u00e9liorez la visibilit\u00e9 de votre site web gr\u00e2ce aux fonctionnalit\u00e9s SEO de MotoPress et Vite Nera, sp\u00e9cialement con\u00e7ues pour renforcer votre pr\u00e9sence en ligne et g\u00e9n\u00e9rer plus de trafic.<\/p>\n<p>Optimisez votre r\u00e9f\u00e9rencement MotoPress Vite Nera en tirant parti de nos fonctionnalit\u00e9s avanc\u00e9es d&rsquo;optimisation pour les moteurs de recherche. Avec le SEO MotoPress Vite Nera, le site web de votre cave \u00e0 vin b\u00e9n\u00e9ficiera d&rsquo;un meilleur positionnement dans les r\u00e9sultats de recherche et d&rsquo;un taux de conversion plus \u00e9lev\u00e9. Exploitez la puissance de l&rsquo;optimisation pour les moteurs de recherche MotoPress Vite Nera et voyez votre activit\u00e9 de vente de vin en ligne prosp\u00e9rer.<\/p>\n<ul>\n<li>Optimisation web sup\u00e9rieure avec MotoPress Vite Nera<\/li>\n<li><\/li>\n<li>Th\u00e8me WordPress moderne et \u00e9l\u00e9gant pour cavistes<\/li>\n<li><\/li>\n<li>Con\u00e7u avec soin pour les domaines viticoles, les brasseries et les cavistes<\/li>\n<li><\/li>\n<li>G\u00e9n\u00e9r\u00e9 par WooCommerce pour une gestion simplifi\u00e9e des assortiments de boissons, des prix, des commandes en ligne, de la livraison et de la vente \u00e0 emporter<\/li>\n<li><\/li>\n<li>Une exp\u00e9rience de navigation captivante mettant en valeur les cartes des vins, les produits et l&rsquo;image de marque<\/li>\n<li><\/li>\n<li>Visibilit\u00e9 web am\u00e9lior\u00e9e gr\u00e2ce aux fonctionnalit\u00e9s SEO de MotoPress et Vite Nera<\/li>\n<li><\/li>\n<li>Sp\u00e9cialement con\u00e7u pour optimiser votre pr\u00e9sence en ligne et g\u00e9n\u00e9rer plus de trafic sur votre site web<\/li>\n<li>SEO am\u00e9lior\u00e9 gr\u00e2ce \u00e0 des fonctionnalit\u00e9s avanc\u00e9es d&rsquo;optimisation pour les moteurs de recherche<\/li>\n<li>Meilleur positionnement dans les r\u00e9sultats de recherche et meilleurs taux de conversion<\/li>\n<li>Boostez votre activit\u00e9 de vente de vin en ligne gr\u00e2ce \u00e0 une optimisation performante pour les moteurs de recherche.<\/li>\n<\/ul>\n","protected":false},"excerpt":{"rendered":"<p>B\u00e9n\u00e9ficiez d&rsquo;une optimisation web sup\u00e9rieure avec MotoPress Vite Nera, le th\u00e8me WordPress moderne et \u00e9l\u00e9gant sp\u00e9cialement con\u00e7u pour les caves, les brasseries et les cavistes. Cet outil sophistiqu\u00e9, bas\u00e9 sur WooCommerce, offre une exp\u00e9rience d&rsquo;optimisation MotoPress exceptionnelle, garantissant une gestion fluide de votre gamme de boissons, de vos prix, de vos commandes en ligne, de vos livraisons et de vos ventes \u00e0 emporter.<\/p>\n","protected":false},"featured_media":146918,"comment_status":"open","ping_status":"open","template":"","meta":[],"product_brand":[2777],"product_cat":[1516,1212,1213],"product_tag":[2370],"class_list":{"0":"post-139025","1":"product","2":"type-product","3":"status-publish","4":"has-post-thumbnail","6":"product_brand-motopress","7":"product_cat-entreprise","8":"product_cat-themes","9":"product_cat-wordpress-themes","10":"product_tag-motopress","11":"member-discount","12":"discount-restricted","14":"first","15":"instock","16":"sale","17":"downloadable","18":"virtual","19":"sold-individually","20":"purchasable","21":"product-type-simple"},"_links":{"self":[{"href":"https:\/\/gpl-love.com\/fr\/wp-json\/wp\/v2\/product\/139025","targetHints":{"allow":["GET"]}}],"collection":[{"href":"https:\/\/gpl-love.com\/fr\/wp-json\/wp\/v2\/product"}],"about":[{"href":"https:\/\/gpl-love.com\/fr\/wp-json\/wp\/v2\/types\/product"}],"replies":[{"embeddable":true,"href":"https:\/\/gpl-love.com\/fr\/wp-json\/wp\/v2\/comments?post=139025"}],"wp:featuredmedia":[{"embeddable":true,"href":"https:\/\/gpl-love.com\/fr\/wp-json\/wp\/v2\/media\/146918"}],"wp:attachment":[{"href":"https:\/\/gpl-love.com\/fr\/wp-json\/wp\/v2\/media?parent=139025"}],"wp:term":[{"taxonomy":"product_brand","embeddable":true,"href":"https:\/\/gpl-love.com\/fr\/wp-json\/wp\/v2\/product_brand?post=139025"},{"taxonomy":"product_cat","embeddable":true,"href":"https:\/\/gpl-love.com\/fr\/wp-json\/wp\/v2\/product_cat?post=139025"},{"taxonomy":"product_tag","embeddable":true,"href":"https:\/\/gpl-love.com\/fr\/wp-json\/wp\/v2\/product_tag?post=139025"}],"curies":[{"name":"wp","href":"https:\/\/api.w.org\/{rel}","templated":true}]}}