{"id":139023,"date":"2025-07-18T00:00:00","date_gmt":"2025-07-17T22:00:00","guid":{"rendered":"https:\/\/gpl-love.com\/fr\/produit\/motopress-villagio\/"},"modified":"2026-04-17T00:31:50","modified_gmt":"2026-04-16T22:31:50","slug":"motopress-villagio","status":"publish","type":"product","link":"https:\/\/gpl-love.com\/fr\/produit\/motopress-villagio\/","title":{"rendered":"MotoPress Villagio 2.2.0"},"content":{"rendered":"<h3>MotoPress Villagio Traits<\/h3>\n<p>Pour les nouveaux utilisateurs, notre tutoriel MotoPress Villagio offre un guide convivial pour naviguer sur la plateforme. Nous avons \u00e9galement compil\u00e9 un guide utilisateur MotoPress Villagio pour vous aider \u00e0 exploiter pleinement son potentiel.<\/p>\n<p>Existe-t-il d&rsquo;autres options sur le march\u00e9\u00a0? Bien s\u00fbr\u00a0! Cependant, dans nos comparatifs MotoPress Villagio, ce th\u00e8me surpasse syst\u00e9matiquement ses concurrents. D\u00e9couvrez les alternatives \u00e0 MotoPress Villagio et voyez\u2026<\/p>\n<ul>\n<li>Solutions WordPress compl\u00e8tes pour la gestion de plusieurs types d&rsquo;h\u00e9bergement tels que villas, maisons d&rsquo;h\u00f4tes et appartements.<\/li>\n<li><\/li>\n<li>Th\u00e8me WordPress immobilier haut de gamme.<\/li>\n<li><\/li>\n<li>Plateforme conviviale et intuitive.<\/li>\n<li><\/li>\n<li>Syst\u00e8me de r\u00e9servation performant pour des r\u00e9servations instantan\u00e9es.<\/li>\n<li><\/li>\n<li>Excellent rapport qualit\u00e9-prix gr\u00e2ce \u00e0 des tarifs comp\u00e9titifs.<\/li>\n<li><\/li>\n<li>Guide utilisateur et tutoriels d\u00e9taill\u00e9s pour exploiter pleinement le potentiel du th\u00e8me.<\/li>\n<li><\/li>\n<li>Surpasse syst\u00e9matiquement la concurrence.<\/li>\n<li><\/li>\n<li>Nombreuses options disponibles pour r\u00e9pondre aux diff\u00e9rents besoins des utilisateurs.<\/li>\n<li><\/li>\n<li>Id\u00e9al pour les d\u00e9butants comme pour les utilisateurs exp\u00e9riment\u00e9s.<\/li>\n<li><\/li>\n<li>Support et mises \u00e0 jour continus assur\u00e9s par l&rsquo;\u00e9quipe MotoPress.<\/li>\n<\/ul>\n","protected":false},"excerpt":{"rendered":"<p>D\u00e9couvrez les solutions compl\u00e8tes de MotoPress Villagio pour WordPress dans notre analyse approfondie. Th\u00e8me WordPress haut de gamme d\u00e9di\u00e9 \u00e0 l&rsquo;immobilier, MotoPress Villagio est le choix id\u00e9al pour g\u00e9rer diff\u00e9rents types d&rsquo;h\u00e9bergement, tels que villas, maisons d&rsquo;h\u00f4tes et appartements.<\/p>\n<p>Avec son prix attractif, MotoPress Villagio repr\u00e9sente un excellent investissement. Parmi ses fonctionnalit\u00e9s, vous trouverez un syst\u00e8me de r\u00e9servation performant permettant des r\u00e9servations instantan\u00e9es. Ce n&rsquo;est l\u00e0 qu&rsquo;un des nombreux avantages de MotoPress Villagio.<\/p>\n","protected":false},"featured_media":146917,"comment_status":"open","ping_status":"open","template":"","meta":[],"product_brand":[2777],"product_cat":[1516,1212,1213],"product_tag":[2370],"class_list":{"0":"post-139023","1":"product","2":"type-product","3":"status-publish","4":"has-post-thumbnail","6":"product_brand-motopress","7":"product_cat-entreprise","8":"product_cat-themes","9":"product_cat-wordpress-themes","10":"product_tag-motopress","11":"member-discount","12":"discount-restricted","14":"first","15":"instock","16":"sale","17":"downloadable","18":"virtual","19":"sold-individually","20":"purchasable","21":"product-type-simple"},"_links":{"self":[{"href":"https:\/\/gpl-love.com\/fr\/wp-json\/wp\/v2\/product\/139023","targetHints":{"allow":["GET"]}}],"collection":[{"href":"https:\/\/gpl-love.com\/fr\/wp-json\/wp\/v2\/product"}],"about":[{"href":"https:\/\/gpl-love.com\/fr\/wp-json\/wp\/v2\/types\/product"}],"replies":[{"embeddable":true,"href":"https:\/\/gpl-love.com\/fr\/wp-json\/wp\/v2\/comments?post=139023"}],"wp:featuredmedia":[{"embeddable":true,"href":"https:\/\/gpl-love.com\/fr\/wp-json\/wp\/v2\/media\/146917"}],"wp:attachment":[{"href":"https:\/\/gpl-love.com\/fr\/wp-json\/wp\/v2\/media?parent=139023"}],"wp:term":[{"taxonomy":"product_brand","embeddable":true,"href":"https:\/\/gpl-love.com\/fr\/wp-json\/wp\/v2\/product_brand?post=139023"},{"taxonomy":"product_cat","embeddable":true,"href":"https:\/\/gpl-love.com\/fr\/wp-json\/wp\/v2\/product_cat?post=139023"},{"taxonomy":"product_tag","embeddable":true,"href":"https:\/\/gpl-love.com\/fr\/wp-json\/wp\/v2\/product_tag?post=139023"}],"curies":[{"name":"wp","href":"https:\/\/api.w.org\/{rel}","templated":true}]}}