{"id":139021,"date":"2024-04-01T00:00:00","date_gmt":"2024-03-31T22:00:00","guid":{"rendered":"https:\/\/gpl-love.com\/fr\/produit\/motopress-restline\/"},"modified":"2026-03-21T00:01:22","modified_gmt":"2026-03-20T23:01:22","slug":"motopress-restline","status":"publish","type":"product","link":"https:\/\/gpl-love.com\/fr\/produit\/motopress-restline\/","title":{"rendered":"MotoPress Restline 1.0.2"},"content":{"rendered":"<h3>MotoPress Restline Traits<\/h3>\n<ul>\n<li>Th\u00e8me WordPress sophistiqu\u00e9 et \u00e9l\u00e9gant par MotoPress<\/li>\n<li><\/li>\n<li>Con\u00e7u sp\u00e9cifiquement pour les massoth\u00e9rapeutes<\/li>\n<li><\/li>\n<li>Inclut des fonctionnalit\u00e9s professionnelles pour dynamiser votre activit\u00e9<\/li>\n<li><\/li>\n<li>Propose des listes de services, des t\u00e9moignages, des tarifs et des ch\u00e8ques-cadeaux<\/li>\n<li><\/li>\n<li>S&rsquo;int\u00e8gre parfaitement avec l&rsquo;extension de r\u00e9servation de rendez-vous WordPress int\u00e9gr\u00e9e<\/li>\n<li><\/li>\n<li>Permet \u00e0 vos clients de prendre rendez-vous facilement depuis votre site web<\/li>\n<li><\/li>\n<li>G\u00e8re un nombre illimit\u00e9 de services, de membres du personnel et de dur\u00e9es de rendez-vous<\/li>\n<li><\/li>\n<li>Hautement personnalisable pour s&rsquo;adapter \u00e0 vos besoins sp\u00e9cifiques<\/li>\n<li><\/li>\n<li>Transforme votre site web en un outil commercial performant<\/li>\n<li><\/li>\n<li>Am\u00e9liore votre pr\u00e9sence en ligne.<\/li>\n<\/ul>\n","protected":false},"excerpt":{"rendered":"<p>Optimisez votre pr\u00e9sence en ligne avec Restline, un th\u00e8me WordPress sophistiqu\u00e9 et \u00e9l\u00e9gant sign\u00e9 MotoPress. Con\u00e7u sp\u00e9cifiquement pour les massoth\u00e9rapeutes, MotoPress Restline offre une gamme de fonctionnalit\u00e9s professionnelles pour booster votre activit\u00e9. Parmi celles-ci\u00a0: la pr\u00e9sentation de vos services, les t\u00e9moignages clients, l\u2019affichage des prix et m\u00eame les ch\u00e8ques-cadeaux. Le th\u00e8me s\u2019int\u00e8gre parfaitement avec l\u2019extension de r\u00e9servation de rendez-vous WordPress int\u00e9gr\u00e9e, permettant \u00e0 vos clients de prendre rendez-vous facilement depuis votre site web. MotoPress Restline n\u2019est pas un simple th\u00e8me WordPress\u00a0; il prend en charge un nombre illimit\u00e9 de services, de membres du personnel et de dur\u00e9es de rendez-vous, ce qui le rend hautement personnalisable et parfaitement adapt\u00e9 \u00e0 vos besoins sp\u00e9cifiques. Avec MotoPress Restline, transformez votre site web en un outil commercial performant en toute simplicit\u00e9.<\/p>\n","protected":false},"featured_media":146916,"comment_status":"open","ping_status":"open","template":"","meta":[],"product_brand":[2777],"product_cat":[1516,1212,1213],"product_tag":[2370],"class_list":{"0":"post-139021","1":"product","2":"type-product","3":"status-publish","4":"has-post-thumbnail","6":"product_brand-motopress","7":"product_cat-entreprise","8":"product_cat-themes","9":"product_cat-wordpress-themes","10":"product_tag-motopress","11":"member-discount","12":"discount-restricted","14":"first","15":"instock","16":"sale","17":"downloadable","18":"virtual","19":"sold-individually","20":"purchasable","21":"product-type-simple"},"_links":{"self":[{"href":"https:\/\/gpl-love.com\/fr\/wp-json\/wp\/v2\/product\/139021","targetHints":{"allow":["GET"]}}],"collection":[{"href":"https:\/\/gpl-love.com\/fr\/wp-json\/wp\/v2\/product"}],"about":[{"href":"https:\/\/gpl-love.com\/fr\/wp-json\/wp\/v2\/types\/product"}],"replies":[{"embeddable":true,"href":"https:\/\/gpl-love.com\/fr\/wp-json\/wp\/v2\/comments?post=139021"}],"wp:featuredmedia":[{"embeddable":true,"href":"https:\/\/gpl-love.com\/fr\/wp-json\/wp\/v2\/media\/146916"}],"wp:attachment":[{"href":"https:\/\/gpl-love.com\/fr\/wp-json\/wp\/v2\/media?parent=139021"}],"wp:term":[{"taxonomy":"product_brand","embeddable":true,"href":"https:\/\/gpl-love.com\/fr\/wp-json\/wp\/v2\/product_brand?post=139021"},{"taxonomy":"product_cat","embeddable":true,"href":"https:\/\/gpl-love.com\/fr\/wp-json\/wp\/v2\/product_cat?post=139021"},{"taxonomy":"product_tag","embeddable":true,"href":"https:\/\/gpl-love.com\/fr\/wp-json\/wp\/v2\/product_tag?post=139021"}],"curies":[{"name":"wp","href":"https:\/\/api.w.org\/{rel}","templated":true}]}}