{"id":139019,"date":"2024-04-01T00:00:00","date_gmt":"2024-03-31T22:00:00","guid":{"rendered":"https:\/\/gpl-love.com\/fr\/produit\/motopress-touriny\/"},"modified":"2026-04-19T00:31:42","modified_gmt":"2026-04-18T22:31:42","slug":"motopress-touriny","status":"publish","type":"product","link":"https:\/\/gpl-love.com\/fr\/produit\/motopress-touriny\/","title":{"rendered":"MotoPress Touriny 1.1.2"},"content":{"rendered":"<h3>MotoPress Touriny Traits<\/h3>\n<p>Notre tutoriel MotoPress Touriny vous guide pas \u00e0 pas, permettant \u00e0 tous d&rsquo;utiliser facilement cette plateforme innovante. Le plugin MotoPress Appointment Booking, int\u00e9gr\u00e9 \u00e0 ce th\u00e8me, garantit des r\u00e9servations de visites automatis\u00e9es d&rsquo;une simplicit\u00e9 enfantine. Cette fonctionnalit\u00e9 int\u00e8gre m\u00eame des options de paiement s\u00e9curis\u00e9es pour un confort client optimal.<\/p>\n<p>La structure tarifaire de MotoPress Touriny est con\u00e7ue pour s&rsquo;adapter \u00e0 tous les budgets, ce qui en fait une solution id\u00e9ale pour les entreprises de toutes tailles. Pas encore convaincu\u00a0? Nous avons compar\u00e9 MotoPress Touriny \u00e0 plusieurs alternatives pour vous montrer ses atouts. Consultez notre comparatif MotoPress Touriny pour d\u00e9couvrir en d\u00e9tail comment ce produit surpasse la concurrence.<\/p>\n<ul>\n<li>Conception modulaire et innovante, sp\u00e9cialement con\u00e7ue pour les services li\u00e9s aux voyages et au tourisme.<\/li>\n<li><\/li>\n<li>Vente en ligne simplifi\u00e9e de forfaits de voyage.<\/li>\n<li><\/li>\n<li>Design moderne et audacieux qui int\u00e8gre les fonctionnalit\u00e9s essentielles.<\/li>\n<li><\/li>\n<li>Tutoriel pas \u00e0 pas pour une prise en main facile.<\/li>\n<li><\/li>\n<li>Int\u00e9gration du plugin de r\u00e9servation MotoPress pour des r\u00e9servations de visites automatis\u00e9es.<\/li>\n<li><\/li>\n<li>Options de paiement s\u00e9curis\u00e9es pour le confort des clients.<\/li>\n<li><\/li>\n<li>Tarifs adapt\u00e9s \u00e0 tous les budgets.<\/li>\n<li><\/li>\n<li>Convient aux entreprises de toutes tailles.<\/li>\n<li><\/li>\n<li>Comparaison d\u00e9taill\u00e9e avec d&rsquo;autres solutions disponibles pour une analyse compl\u00e8te.<\/li>\n<li><\/li>\n<li>Performance sup\u00e9rieure \u00e0 la concurrence sur de nombreux points.<\/li>\n<\/ul>\n","protected":false},"excerpt":{"rendered":"<p>D\u00e9couvrez les atouts de MotoPress Touriny dans notre analyse compl\u00e8te. MotoPress Touriny est un th\u00e8me WordPress modulaire et innovant, sp\u00e9cialement con\u00e7u pour les services li\u00e9s au voyage et au tourisme. Explorez les fonctionnalit\u00e9s uniques de MotoPress Touriny qui permettent une vente en ligne fluide de forfaits, gr\u00e2ce \u00e0 un design audacieux et moderne qui allie fonctionnalit\u00e9 et praticit\u00e9.<\/p>\n","protected":false},"featured_media":146915,"comment_status":"open","ping_status":"open","template":"","meta":[],"product_brand":[2777],"product_cat":[1558,1212,1213],"product_tag":[2370],"class_list":{"0":"post-139019","1":"product","2":"type-product","3":"status-publish","4":"has-post-thumbnail","6":"product_brand-motopress","7":"product_cat-hotel-resort","8":"product_cat-themes","9":"product_cat-wordpress-themes","10":"product_tag-motopress","11":"member-discount","12":"discount-restricted","14":"first","15":"instock","16":"sale","17":"downloadable","18":"virtual","19":"sold-individually","20":"purchasable","21":"product-type-simple"},"_links":{"self":[{"href":"https:\/\/gpl-love.com\/fr\/wp-json\/wp\/v2\/product\/139019","targetHints":{"allow":["GET"]}}],"collection":[{"href":"https:\/\/gpl-love.com\/fr\/wp-json\/wp\/v2\/product"}],"about":[{"href":"https:\/\/gpl-love.com\/fr\/wp-json\/wp\/v2\/types\/product"}],"replies":[{"embeddable":true,"href":"https:\/\/gpl-love.com\/fr\/wp-json\/wp\/v2\/comments?post=139019"}],"wp:featuredmedia":[{"embeddable":true,"href":"https:\/\/gpl-love.com\/fr\/wp-json\/wp\/v2\/media\/146915"}],"wp:attachment":[{"href":"https:\/\/gpl-love.com\/fr\/wp-json\/wp\/v2\/media?parent=139019"}],"wp:term":[{"taxonomy":"product_brand","embeddable":true,"href":"https:\/\/gpl-love.com\/fr\/wp-json\/wp\/v2\/product_brand?post=139019"},{"taxonomy":"product_cat","embeddable":true,"href":"https:\/\/gpl-love.com\/fr\/wp-json\/wp\/v2\/product_cat?post=139019"},{"taxonomy":"product_tag","embeddable":true,"href":"https:\/\/gpl-love.com\/fr\/wp-json\/wp\/v2\/product_tag?post=139019"}],"curies":[{"name":"wp","href":"https:\/\/api.w.org\/{rel}","templated":true}]}}