{"id":139017,"date":"2025-09-01T00:00:00","date_gmt":"2025-08-31T22:00:00","guid":{"rendered":"https:\/\/gpl-love.com\/fr\/produit\/motopress-alpenhouse\/"},"modified":"2026-03-21T00:01:20","modified_gmt":"2026-03-20T23:01:20","slug":"motopress-alpenhouse","status":"publish","type":"product","link":"https:\/\/gpl-love.com\/fr\/produit\/motopress-alpenhouse\/","title":{"rendered":"MotoPress Alpenhouse 1.7.0"},"content":{"rendered":"<h3>MotoPress Alpenhouse Traits<\/h3>\n<p>Le logiciel de location de vacances MotoPress, partie int\u00e9grante du syst\u00e8me de gestion locative Alpenhouse, permet la synchronisation avec les agences de voyages en ligne (OTA) et l&rsquo;utilisation de plusieurs passerelles de paiement, pour le plus grand confort de vos clients. Ce logiciel inclut \u00e9galement un outil de cr\u00e9ation de site web WordPress d\u00e9di\u00e9 \u00e0 la location de vacances, garantissant une exp\u00e9rience utilisateur optimale.<\/p>\n<p>De plus, le syst\u00e8me de gestion locative Alpenhouse est fourni avec un syst\u00e8me de gestion immobili\u00e8re (PMS) dot\u00e9 de r\u00e8gles de r\u00e9servation flexibles, permettant de r\u00e9pondre aux besoins vari\u00e9s de vos clients. Optimisez votre activit\u00e9 de location et gagnez en visibilit\u00e9 gr\u00e2ce au plugin de r\u00e9servation et au th\u00e8me MotoPress Alpenhouse.<\/p>\n<ul>\n<li>Boostez votre activit\u00e9 de location de vacances<\/li>\n<li><\/li>\n<li>Sp\u00e9cialement con\u00e7u pour les chalets, chambres d&rsquo;h\u00f4tes, g\u00eetes, h\u00f4tels et r\u00e9sidences de vacances<\/li>\n<li><\/li>\n<li>Inclut le th\u00e8me MotoPress Alpenhouse<\/li>\n<li><\/li>\n<li>Am\u00e9liore l&rsquo;attractivit\u00e9 de votre site web de location<\/li>\n<li><\/li>\n<li>Permet la synchronisation avec les agences de voyages en ligne et l&rsquo;utilisation de plusieurs passerelles de paiement<\/li>\n<li><\/li>\n<li>Garantit le confort des clients<\/li>\n<li><\/li>\n<li>Comprend un outil de cr\u00e9ation de site web WordPress d\u00e9di\u00e9 \u00e0 la location de vacances<\/li>\n<li><\/li>\n<li>Assure une exp\u00e9rience utilisateur optimale<\/li>\n<li><\/li>\n<li>Dot\u00e9 d&rsquo;un syst\u00e8me de gestion locative (PMS)<\/li>\n<li><\/li>\n<li>R\u00e8gles de r\u00e9servation flexibles pour r\u00e9pondre aux besoins vari\u00e9s des clients<\/li>\n<\/ul>\n","protected":false},"excerpt":{"rendered":"<p>Boostez votre activit\u00e9 de location de vacances avec l&rsquo;extension MotoPress Alpenhouse Booking, un th\u00e8me WordPress Alpenhouse polyvalent, sp\u00e9cialement con\u00e7u pour les chalets, les chambres d&rsquo;h\u00f4tes, les g\u00eetes, les h\u00f4tels et les r\u00e9sidences de vacances. Cette extension de pointe pour la location de chalets de vacances Alpenhouse int\u00e8gre le th\u00e8me MotoPress Alpenhouse, pour un site web de location encore plus attractif.<\/p>\n","protected":false},"featured_media":146914,"comment_status":"open","ping_status":"open","template":"","meta":[],"product_brand":[2777],"product_cat":[1558,1212,1213],"product_tag":[2370],"class_list":{"0":"post-139017","1":"product","2":"type-product","3":"status-publish","4":"has-post-thumbnail","6":"product_brand-motopress","7":"product_cat-hotel-resort","8":"product_cat-themes","9":"product_cat-wordpress-themes","10":"product_tag-motopress","11":"member-discount","12":"discount-restricted","14":"first","15":"instock","16":"sale","17":"downloadable","18":"virtual","19":"sold-individually","20":"purchasable","21":"product-type-simple"},"_links":{"self":[{"href":"https:\/\/gpl-love.com\/fr\/wp-json\/wp\/v2\/product\/139017","targetHints":{"allow":["GET"]}}],"collection":[{"href":"https:\/\/gpl-love.com\/fr\/wp-json\/wp\/v2\/product"}],"about":[{"href":"https:\/\/gpl-love.com\/fr\/wp-json\/wp\/v2\/types\/product"}],"replies":[{"embeddable":true,"href":"https:\/\/gpl-love.com\/fr\/wp-json\/wp\/v2\/comments?post=139017"}],"wp:featuredmedia":[{"embeddable":true,"href":"https:\/\/gpl-love.com\/fr\/wp-json\/wp\/v2\/media\/146914"}],"wp:attachment":[{"href":"https:\/\/gpl-love.com\/fr\/wp-json\/wp\/v2\/media?parent=139017"}],"wp:term":[{"taxonomy":"product_brand","embeddable":true,"href":"https:\/\/gpl-love.com\/fr\/wp-json\/wp\/v2\/product_brand?post=139017"},{"taxonomy":"product_cat","embeddable":true,"href":"https:\/\/gpl-love.com\/fr\/wp-json\/wp\/v2\/product_cat?post=139017"},{"taxonomy":"product_tag","embeddable":true,"href":"https:\/\/gpl-love.com\/fr\/wp-json\/wp\/v2\/product_tag?post=139017"}],"curies":[{"name":"wp","href":"https:\/\/api.w.org\/{rel}","templated":true}]}}