{"id":139015,"date":"2024-04-01T00:00:00","date_gmt":"2024-03-31T22:00:00","guid":{"rendered":"https:\/\/gpl-love.com\/fr\/produit\/motopress-white-label\/"},"modified":"2026-04-19T00:31:41","modified_gmt":"2026-04-18T22:31:41","slug":"motopress-white-label","status":"publish","type":"product","link":"https:\/\/gpl-love.com\/fr\/produit\/motopress-white-label\/","title":{"rendered":"MotoPress White Label 1.4.1"},"content":{"rendered":"<h3>MotoPress White Label Traits<\/h3>\n<p>Le plugin MotoPress Label est compatible avec WPMU, vous offrant ainsi la possibilit\u00e9 de masquer les plugins pour une interface plus \u00e9pur\u00e9e. De plus, le plugin MotoPress Label Blanc permet m\u00eame de d\u00e9sactiver l&rsquo;\u00e9diteur WordPress par d\u00e9faut si n\u00e9cessaire.<\/p>\n<p>Choisissez le plugin MotoPress Label Blanc et prenez le contr\u00f4le de votre image de marque. Bien plus qu&rsquo;une simple \u00e9tiquette, c&rsquo;est un outil puissant pour transformer votre pr\u00e9sence en ligne.<\/p>\n<ul>\n<li>Permet de personnaliser les produits MotoPress avec une identit\u00e9 unique.<\/li>\n<li><\/li>\n<li>Modification facile des logos, ic\u00f4nes et images de marque.<\/li>\n<li><\/li>\n<li>Compatible WPMU pour des fonctionnalit\u00e9s avanc\u00e9es.<\/li>\n<li><\/li>\n<li>Possibilit\u00e9 de masquer les plugins pour une interface plus \u00e9pur\u00e9e.<\/li>\n<li>Possibilit\u00e9 de d\u00e9sactiver l&rsquo;\u00e9diteur WordPress par d\u00e9faut.<\/li>\n<li><\/li>\n<li>Transforme et am\u00e9liore votre pr\u00e9sence en ligne.<\/li>\n<li>Ma\u00eetrise totale de votre image de marque.<\/li>\n<li>Int\u00e9gration facile avec MotoPress Content Editor, Slider et autres extensions.<\/li>\n<li>Produit de r\u00e9f\u00e9rence, pl\u00e9biscit\u00e9 par les d\u00e9veloppeurs et les utilisateurs.<\/li>\n<li>Bien plus qu&rsquo;une simple \u00e9tiquette\u00a0: un outil puissant pour votre marque.<\/li>\n<\/ul>\n","protected":false},"excerpt":{"rendered":"<p>Am\u00e9liorez votre \u00e9diteur de contenu MotoPress, votre slider et vos autres extensions gr\u00e2ce au plugin MotoPress White Label. Ce produit de pointe r\u00e9volutionne le d\u00e9veloppement et l&rsquo;utilisation des produits MotoPress en vous permettant de les personnaliser \u00e0 votre image. Avec le plugin MotoPress White Label, modifiez facilement les logos, ic\u00f4nes et autres \u00e9l\u00e9ments graphiques de votre marque.<\/p>\n","protected":false},"featured_media":146913,"comment_status":"open","ping_status":"open","template":"","meta":[],"product_brand":[2777],"product_cat":[1189,1181,1186],"product_tag":[2370],"class_list":{"0":"post-139015","1":"product","2":"type-product","3":"status-publish","4":"has-post-thumbnail","6":"product_brand-motopress","7":"product_cat-personnalisation","8":"product_cat-plugins","9":"product_cat-wordpress-plugins","10":"product_tag-motopress","11":"member-discount","12":"discount-restricted","14":"first","15":"instock","16":"sale","17":"downloadable","18":"virtual","19":"sold-individually","20":"purchasable","21":"product-type-simple"},"_links":{"self":[{"href":"https:\/\/gpl-love.com\/fr\/wp-json\/wp\/v2\/product\/139015","targetHints":{"allow":["GET"]}}],"collection":[{"href":"https:\/\/gpl-love.com\/fr\/wp-json\/wp\/v2\/product"}],"about":[{"href":"https:\/\/gpl-love.com\/fr\/wp-json\/wp\/v2\/types\/product"}],"replies":[{"embeddable":true,"href":"https:\/\/gpl-love.com\/fr\/wp-json\/wp\/v2\/comments?post=139015"}],"wp:featuredmedia":[{"embeddable":true,"href":"https:\/\/gpl-love.com\/fr\/wp-json\/wp\/v2\/media\/146913"}],"wp:attachment":[{"href":"https:\/\/gpl-love.com\/fr\/wp-json\/wp\/v2\/media?parent=139015"}],"wp:term":[{"taxonomy":"product_brand","embeddable":true,"href":"https:\/\/gpl-love.com\/fr\/wp-json\/wp\/v2\/product_brand?post=139015"},{"taxonomy":"product_cat","embeddable":true,"href":"https:\/\/gpl-love.com\/fr\/wp-json\/wp\/v2\/product_cat?post=139015"},{"taxonomy":"product_tag","embeddable":true,"href":"https:\/\/gpl-love.com\/fr\/wp-json\/wp\/v2\/product_tag?post=139015"}],"curies":[{"name":"wp","href":"https:\/\/api.w.org\/{rel}","templated":true}]}}