{"id":139013,"date":"2025-07-23T00:00:00","date_gmt":"2025-07-22T22:00:00","guid":{"rendered":"https:\/\/gpl-love.com\/fr\/produit\/eventon-yearly-view\/"},"modified":"2026-04-19T00:31:40","modified_gmt":"2026-04-18T22:31:40","slug":"eventon-yearly-view","status":"publish","type":"product","link":"https:\/\/gpl-love.com\/fr\/produit\/eventon-yearly-view\/","title":{"rendered":"EventOn Yearly View 0.16"},"content":{"rendered":"<h3>EventOn Yearly View Traits<\/h3>\n<p>D\u00e9couvrez une nouvelle perspective sur l&rsquo;organisation d&rsquo;\u00e9v\u00e9nements avec la Vue annuelle d&rsquo;EventOn. Cet outil complet vous offre une vue annuelle d\u00e9taill\u00e9e de vos \u00e9v\u00e9nements EventOn, vous permettant de les visualiser en un coup d&rsquo;\u0153il, de la Vue annuelle \u00e0 la Vue du calendrier annuel. La Vue annuelle d&rsquo;EventOn pr\u00e9sente un calendrier annuel riche en fonctionnalit\u00e9s et facile \u00e0 naviguer, offrant une vue d&rsquo;ensemble aussi d\u00e9taill\u00e9e que conviviale. Que vous planifiez des \u00e9v\u00e9nements pour un mois, un trimestre ou une ann\u00e9e, la Vue annuelle d\u00e9taill\u00e9e d&rsquo;EventOn vous offre une image claire et concise de votre planning. La Vue annuelle d&rsquo;EventOn vous aide \u00e0 planifier, pr\u00e9parer et perfectionner vos \u00e9v\u00e9nements, vous assurant ainsi une longueur d&rsquo;avance. Profitez de la simplicit\u00e9 du calendrier annuel d&rsquo;EventOn et optimisez votre processus d&rsquo;organisation d&rsquo;\u00e9v\u00e9nements. La Vue annuelle d&rsquo;EventOn est la solution id\u00e9ale pour ceux qui recherchent une m\u00e9thode simple et efficace pour g\u00e9rer leurs \u00e9v\u00e9nements annuels.<\/p>\n<ul>\n<li>Vue annuelle compl\u00e8te<\/li>\n<li>Interface conviviale<\/li>\n<li>Marqueurs d&rsquo;\u00e9v\u00e9nements personnalisables<\/li>\n<li>Synchronisation avec les calendriers num\u00e9riques<\/li>\n<li>Format imprimable disponible<\/li>\n<li>Suivi simplifi\u00e9 des \u00e9v\u00e9nements<\/li>\n<li>Acc\u00e8s multi-utilisateurs<\/li>\n<li>Fonction de rappel<\/li>\n<li>Descriptions d\u00e9taill\u00e9es des \u00e9v\u00e9nements<\/li>\n<li>S\u00e9lection interactive des dates<\/li>\n<\/ul>\n","protected":false},"excerpt":{"rendered":"<p>Son affichage annuel des \u00e9v\u00e9nements et sa fonction \u00ab\u00a0Vue annuelle des \u00e9v\u00e9nements\u00a0\u00bb vous permettent d&rsquo;organiser efficacement votre calendrier. Pour un calendrier annuel EventOn clair et d\u00e9taill\u00e9, choisissez \u00ab\u00a0Calendrier annuel EventOn\u00a0\u00bb. Son design intuitif et son interface conviviale en font un outil indispensable pour la planification de vos \u00e9v\u00e9nements.<\/p>\n","protected":false},"featured_media":146912,"comment_status":"open","ping_status":"open","template":"","meta":[],"product_brand":[2540],"product_cat":[1189,1181,1186],"product_tag":[1267],"class_list":{"0":"post-139013","1":"product","2":"type-product","3":"status-publish","4":"has-post-thumbnail","6":"product_brand-eventon","7":"product_cat-personnalisation","8":"product_cat-plugins","9":"product_cat-wordpress-plugins","10":"product_tag-eventon","11":"member-discount","12":"discount-restricted","14":"first","15":"instock","16":"sale","17":"downloadable","18":"virtual","19":"sold-individually","20":"purchasable","21":"product-type-simple"},"_links":{"self":[{"href":"https:\/\/gpl-love.com\/fr\/wp-json\/wp\/v2\/product\/139013","targetHints":{"allow":["GET"]}}],"collection":[{"href":"https:\/\/gpl-love.com\/fr\/wp-json\/wp\/v2\/product"}],"about":[{"href":"https:\/\/gpl-love.com\/fr\/wp-json\/wp\/v2\/types\/product"}],"replies":[{"embeddable":true,"href":"https:\/\/gpl-love.com\/fr\/wp-json\/wp\/v2\/comments?post=139013"}],"wp:featuredmedia":[{"embeddable":true,"href":"https:\/\/gpl-love.com\/fr\/wp-json\/wp\/v2\/media\/146912"}],"wp:attachment":[{"href":"https:\/\/gpl-love.com\/fr\/wp-json\/wp\/v2\/media?parent=139013"}],"wp:term":[{"taxonomy":"product_brand","embeddable":true,"href":"https:\/\/gpl-love.com\/fr\/wp-json\/wp\/v2\/product_brand?post=139013"},{"taxonomy":"product_cat","embeddable":true,"href":"https:\/\/gpl-love.com\/fr\/wp-json\/wp\/v2\/product_cat?post=139013"},{"taxonomy":"product_tag","embeddable":true,"href":"https:\/\/gpl-love.com\/fr\/wp-json\/wp\/v2\/product_tag?post=139013"}],"curies":[{"name":"wp","href":"https:\/\/api.w.org\/{rel}","templated":true}]}}