{"id":139011,"date":"2024-03-27T00:00:00","date_gmt":"2024-03-26T23:00:00","guid":{"rendered":"https:\/\/gpl-love.com\/fr\/produit\/eventon-virtual-plus\/"},"modified":"2026-04-21T06:32:44","modified_gmt":"2026-04-21T04:32:44","slug":"eventon-virtual-plus","status":"publish","type":"product","link":"https:\/\/gpl-love.com\/fr\/produit\/eventon-virtual-plus\/","title":{"rendered":"EventOn Virtual Plus 0.2"},"content":{"rendered":"<h3>EventOn Virtual Plus Traits<\/h3>\n<p>Plongez dans une nouvelle \u00e8re d&rsquo;exp\u00e9riences num\u00e9riques avec EventOn Virtual Plus. Cette plateforme innovante offre un environnement interactif et fluide pour organiser et participer \u00e0 des \u00e9v\u00e9nements virtuels. Exploitez la puissance d&rsquo;EventOn Plus Virtual pour connecter, fid\u00e9liser et d\u00e9velopper votre audience \u00e0 l&rsquo;\u00e9chelle mondiale.<\/p>\n<p>Notre plateforme EventOn Plus Virtual est con\u00e7ue avec des fonctionnalit\u00e9s intuitives qui garantissent le succ\u00e8s et le caract\u00e8re m\u00e9morable de vos \u00e9v\u00e9nements. De l&rsquo;interaction en temps r\u00e9el \u00e0 la diffusion en continu de haute qualit\u00e9, EventOn Virtual Plus offre une exp\u00e9rience virtuelle in\u00e9gal\u00e9e.<\/p>\n<p>Avec EventOn Virtual Plus, vous pouvez personnaliser votre \u00e9v\u00e9nement selon vos besoins sp\u00e9cifiques. Webinaire, conf\u00e9rence ou rencontre informelle, cr\u00e9ez un environnement captivant qui immerge votre public et favorise les \u00e9changes.<\/p>\n<p>EventOn Plus Virtual transcende les fronti\u00e8res g\u00e9ographiques, vous permettant de toucher un public plus large. Bien plus qu&rsquo;une simple plateforme, c&rsquo;est une v\u00e9ritable r\u00e9volution dans le monde des \u00e9v\u00e9nements virtuels.<\/p>\n<p>Adoptez l&rsquo;avenir de l&rsquo;\u00e9v\u00e9nementiel avec EventOn Virtual Plus.<\/p>\n<ul>\n<li>Outil complet de gestion d&rsquo;\u00e9v\u00e9nements<\/li>\n<li>Interface conviviale<\/li>\n<li>Nombre illimit\u00e9 de participants<\/li>\n<li>Prise en charge de plusieurs types d&rsquo;\u00e9v\u00e9nements (webinaires, conf\u00e9rences, etc.)<\/li>\n<li>Diffusion audio et vid\u00e9o de haute qualit\u00e9<\/li>\n<li>Fonction de chat int\u00e9gr\u00e9e pour faciliter les \u00e9changes entre les participants<\/li>\n<li>Options de planification avanc\u00e9es<\/li>\n<li>Formulaires d&rsquo;inscription personnalisables<\/li>\n<li>Analyses et rapports d\u00e9taill\u00e9s<\/li>\n<li>Assistance client 24h\/24 et 7j\/7<\/li>\n<\/ul>\n","protected":false},"excerpt":{"rendered":"<p>Avec Virtual EventOn Plus, b\u00e9n\u00e9ficiez d&rsquo;une int\u00e9gration parfaite et de nouvelles possibilit\u00e9s pour vos \u00e9v\u00e9nements num\u00e9riques. D\u00e9couvrez la puissance de Virtual EventOn Plus et transformez chaque \u00e9v\u00e9nement en un moment inoubliable. Optez d\u00e8s aujourd&rsquo;hui pour une gestion d&rsquo;\u00e9v\u00e9nements virtuels d&rsquo;excellence\u00a0!<\/p>\n","protected":false},"featured_media":146911,"comment_status":"open","ping_status":"open","template":"","meta":[],"product_brand":[2540],"product_cat":[1189,1181,1186],"product_tag":[1267],"class_list":{"0":"post-139011","1":"product","2":"type-product","3":"status-publish","4":"has-post-thumbnail","6":"product_brand-eventon","7":"product_cat-personnalisation","8":"product_cat-plugins","9":"product_cat-wordpress-plugins","10":"product_tag-eventon","11":"member-discount","12":"discount-restricted","14":"first","15":"instock","16":"sale","17":"downloadable","18":"virtual","19":"sold-individually","20":"purchasable","21":"product-type-simple"},"_links":{"self":[{"href":"https:\/\/gpl-love.com\/fr\/wp-json\/wp\/v2\/product\/139011","targetHints":{"allow":["GET"]}}],"collection":[{"href":"https:\/\/gpl-love.com\/fr\/wp-json\/wp\/v2\/product"}],"about":[{"href":"https:\/\/gpl-love.com\/fr\/wp-json\/wp\/v2\/types\/product"}],"replies":[{"embeddable":true,"href":"https:\/\/gpl-love.com\/fr\/wp-json\/wp\/v2\/comments?post=139011"}],"wp:featuredmedia":[{"embeddable":true,"href":"https:\/\/gpl-love.com\/fr\/wp-json\/wp\/v2\/media\/146911"}],"wp:attachment":[{"href":"https:\/\/gpl-love.com\/fr\/wp-json\/wp\/v2\/media?parent=139011"}],"wp:term":[{"taxonomy":"product_brand","embeddable":true,"href":"https:\/\/gpl-love.com\/fr\/wp-json\/wp\/v2\/product_brand?post=139011"},{"taxonomy":"product_cat","embeddable":true,"href":"https:\/\/gpl-love.com\/fr\/wp-json\/wp\/v2\/product_cat?post=139011"},{"taxonomy":"product_tag","embeddable":true,"href":"https:\/\/gpl-love.com\/fr\/wp-json\/wp\/v2\/product_tag?post=139011"}],"curies":[{"name":"wp","href":"https:\/\/api.w.org\/{rel}","templated":true}]}}