{"id":139009,"date":"2024-03-27T00:00:00","date_gmt":"2024-03-26T23:00:00","guid":{"rendered":"https:\/\/gpl-love.com\/fr\/produit\/eventon-sync-events\/"},"modified":"2026-04-22T00:30:53","modified_gmt":"2026-04-21T22:30:53","slug":"eventon-sync-events","status":"publish","type":"product","link":"https:\/\/gpl-love.com\/fr\/produit\/eventon-sync-events\/","title":{"rendered":"EventOn Sync Events 1.2.7"},"content":{"rendered":"<h3>EventOn Sync Events Traits<\/h3>\n<p>Optimisez la gestion de vos \u00e9v\u00e9nements avec EventOn Sync Events ! Cet outil innovant vous permet de synchroniser facilement vos \u00e9v\u00e9nements avec EventOn, garantissant ainsi un planning toujours \u00e0 jour et parfaitement organis\u00e9. La synchronisation propos\u00e9e par EventOn est in\u00e9gal\u00e9e et vous offre un syst\u00e8me fiable pour tous vos besoins en mati\u00e8re d&rsquo;organisation d&rsquo;\u00e9v\u00e9nements.<\/p>\n<p>Nos fonctionnalit\u00e9s de synchronisation EventOn sont con\u00e7ues pour une utilisation intuitive. En quelques clics, g\u00e9rez vos \u00e9v\u00e9nements synchronis\u00e9s comme sur EventOn et simplifiez-vous la vie ! Cet outil simplifie vos t\u00e2ches et am\u00e9liore votre productivit\u00e9, vous permettant ainsi de vous concentrer sur l&rsquo;essentiel.<\/p>\n<p>Que vous soyez un organisateur d&rsquo;\u00e9v\u00e9nements professionnel ou d\u00e9butant, EventOn Events Management est l\u00e0 pour vous. Avec EventOn Sync Events, vous b\u00e9n\u00e9ficiez bien plus qu&rsquo;un simple outil : vous trouvez un v\u00e9ritable partenaire pour la r\u00e9ussite de vos \u00e9v\u00e9nements. Essayez EventOn Sync Events d\u00e8s aujourd&rsquo;hui et d\u00e9couvrez la diff\u00e9rence dans la gestion de vos \u00e9v\u00e9nements.<\/p>\n<ul>\n<li>Synchronisation avanc\u00e9e de plusieurs \u00e9v\u00e9nements<\/li>\n<li>Mises \u00e0 jour des \u00e9v\u00e9nements en temps r\u00e9el<\/li>\n<li>Fonction calendrier int\u00e9gr\u00e9e<\/li>\n<li>Interface conviviale<\/li>\n<li>D\u00e9tails des \u00e9v\u00e9nements personnalisables<\/li>\n<li>Prise en charge de diff\u00e9rents fuseaux horaires<\/li>\n<li>Fonctionnalit\u00e9s de s\u00e9curit\u00e9 renforc\u00e9es<\/li>\n<li>Compatibilit\u00e9 avec les appareils mobiles<\/li>\n<li>Suivi efficace des \u00e9v\u00e9nements<\/li>\n<li>Int\u00e9gration aux r\u00e9seaux sociaux<\/li>\n<\/ul>\n","protected":false},"excerpt":{"rendered":"<p>G\u00e9rez vos \u00e9v\u00e9nements synchronis\u00e9s \u00e0 la mani\u00e8re d&rsquo;EventOn et simplifiez l&rsquo;organisation de vos \u00e9v\u00e9nements. Optimisez votre productivit\u00e9 gr\u00e2ce \u00e0 la synchronisation des \u00e9v\u00e9nements propos\u00e9e par EventOn, un outil con\u00e7u pour simplifier et r\u00e9volutionner votre gestion \u00e9v\u00e9nementielle.<\/p>\n","protected":false},"featured_media":146910,"comment_status":"open","ping_status":"open","template":"","meta":[],"product_brand":[2540],"product_cat":[1189,1181,1186],"product_tag":[1267],"class_list":{"0":"post-139009","1":"product","2":"type-product","3":"status-publish","4":"has-post-thumbnail","6":"product_brand-eventon","7":"product_cat-personnalisation","8":"product_cat-plugins","9":"product_cat-wordpress-plugins","10":"product_tag-eventon","11":"member-discount","12":"discount-restricted","14":"first","15":"instock","16":"sale","17":"downloadable","18":"virtual","19":"sold-individually","20":"purchasable","21":"product-type-simple"},"_links":{"self":[{"href":"https:\/\/gpl-love.com\/fr\/wp-json\/wp\/v2\/product\/139009","targetHints":{"allow":["GET"]}}],"collection":[{"href":"https:\/\/gpl-love.com\/fr\/wp-json\/wp\/v2\/product"}],"about":[{"href":"https:\/\/gpl-love.com\/fr\/wp-json\/wp\/v2\/types\/product"}],"replies":[{"embeddable":true,"href":"https:\/\/gpl-love.com\/fr\/wp-json\/wp\/v2\/comments?post=139009"}],"wp:featuredmedia":[{"embeddable":true,"href":"https:\/\/gpl-love.com\/fr\/wp-json\/wp\/v2\/media\/146910"}],"wp:attachment":[{"href":"https:\/\/gpl-love.com\/fr\/wp-json\/wp\/v2\/media?parent=139009"}],"wp:term":[{"taxonomy":"product_brand","embeddable":true,"href":"https:\/\/gpl-love.com\/fr\/wp-json\/wp\/v2\/product_brand?post=139009"},{"taxonomy":"product_cat","embeddable":true,"href":"https:\/\/gpl-love.com\/fr\/wp-json\/wp\/v2\/product_cat?post=139009"},{"taxonomy":"product_tag","embeddable":true,"href":"https:\/\/gpl-love.com\/fr\/wp-json\/wp\/v2\/product_tag?post=139009"}],"curies":[{"name":"wp","href":"https:\/\/api.w.org\/{rel}","templated":true}]}}