{"id":139005,"date":"2025-03-02T00:00:00","date_gmt":"2025-03-01T23:00:00","guid":{"rendered":"https:\/\/gpl-love.com\/fr\/produit\/eventon-reminders\/"},"modified":"2026-04-21T06:32:43","modified_gmt":"2026-04-21T04:32:43","slug":"eventon-reminders","status":"publish","type":"product","link":"https:\/\/gpl-love.com\/fr\/produit\/eventon-reminders\/","title":{"rendered":"EventOn Reminders 0.12"},"content":{"rendered":"<h3>EventOn Reminders Traits<\/h3>\n<p>Optimisez votre gestion d&rsquo;agenda avec EventOn Reminders. Notre plateforme simplifie vos t\u00e2ches gr\u00e2ce \u00e0 une optimisation intelligente. Son interface intuitive et conviviale s&rsquo;int\u00e8gre parfaitement \u00e0 votre environnement num\u00e9rique, vous permettant de suivre facilement vos \u00e9v\u00e9nements importants.<\/p>\n<p>Nos strat\u00e9gies SEO EventOn vous assurent une visibilit\u00e9 optimale en ligne. L&rsquo;int\u00e9gration d&rsquo;une optimisation de contenu de pointe garantit une exp\u00e9rience utilisateur fluide et captivante. Nous comprenons l&rsquo;importance du SEO pour EventOn Reminders\u00a0: \u00eatre vu, c&rsquo;est \u00eatre vu par la bonne audience au bon moment.<\/p>\n<p>Boostez le SEO d&rsquo;EventOn Reminders gr\u00e2ce \u00e0 notre plateforme, con\u00e7ue pour vous faire remarquer. Nous ma\u00eetrisons l&rsquo;optimisation des mots-cl\u00e9s, garantissant ainsi la pr\u00e9sence de notre outil au moment pr\u00e9cis o\u00f9 vous en avez besoin. Am\u00e9liorez votre r\u00e9f\u00e9rencement gr\u00e2ce \u00e0 nos solutions innovantes, pens\u00e9es pour booster votre productivit\u00e9.<\/p>\n<p>Choisissez EventOn Reminders pour une gestion plus intelligente et optimis\u00e9e de votre agenda.<\/p>\n<ul>\n<li>Cr\u00e9ez facilement des rappels pour divers \u00e9v\u00e9nements<\/li>\n<li>Synchronisation avec plusieurs calendriers<\/li>\n<li>Compatible avec la plupart des syst\u00e8mes d&rsquo;exploitation<\/li>\n<li>Interface intuitive<\/li>\n<li>Rappels r\u00e9currents<\/li>\n<li>Alertes de rappel personnalisables<\/li>\n<li>Partagez vos rappels<\/li>\n<li>Possibilit\u00e9 de cat\u00e9goriser vos rappels<\/li>\n<li>Options de notification\u00a0: son, fen\u00eatre contextuelle ou e-mail<\/li>\n<li>Fonctionnalit\u00e9s hors ligne disponibles<\/li>\n<\/ul>\n","protected":false},"excerpt":{"rendered":"<p>D\u00e9couvrez la puissance de l&rsquo;optimisation EventOn Reminders, sp\u00e9cialement con\u00e7ue pour am\u00e9liorer le r\u00e9f\u00e9rencement de vos mots-cl\u00e9s. Nous vous proposons un r\u00e9f\u00e9rencement EventOn de pointe, garantissant un meilleur positionnement et une visibilit\u00e9 optimale aupr\u00e8s de votre public cible. Passez d\u00e8s maintenant \u00e0 EventOn Reminders et constatez une nette am\u00e9lioration du r\u00e9f\u00e9rencement de votre \u00e9v\u00e9nement.<\/p>\n","protected":false},"featured_media":146908,"comment_status":"open","ping_status":"open","template":"","meta":[],"product_brand":[2540],"product_cat":[1189,1181,1186],"product_tag":[1267],"class_list":{"0":"post-139005","1":"product","2":"type-product","3":"status-publish","4":"has-post-thumbnail","6":"product_brand-eventon","7":"product_cat-personnalisation","8":"product_cat-plugins","9":"product_cat-wordpress-plugins","10":"product_tag-eventon","11":"member-discount","12":"discount-restricted","14":"first","15":"instock","16":"sale","17":"downloadable","18":"virtual","19":"sold-individually","20":"purchasable","21":"product-type-simple"},"_links":{"self":[{"href":"https:\/\/gpl-love.com\/fr\/wp-json\/wp\/v2\/product\/139005","targetHints":{"allow":["GET"]}}],"collection":[{"href":"https:\/\/gpl-love.com\/fr\/wp-json\/wp\/v2\/product"}],"about":[{"href":"https:\/\/gpl-love.com\/fr\/wp-json\/wp\/v2\/types\/product"}],"replies":[{"embeddable":true,"href":"https:\/\/gpl-love.com\/fr\/wp-json\/wp\/v2\/comments?post=139005"}],"wp:featuredmedia":[{"embeddable":true,"href":"https:\/\/gpl-love.com\/fr\/wp-json\/wp\/v2\/media\/146908"}],"wp:attachment":[{"href":"https:\/\/gpl-love.com\/fr\/wp-json\/wp\/v2\/media?parent=139005"}],"wp:term":[{"taxonomy":"product_brand","embeddable":true,"href":"https:\/\/gpl-love.com\/fr\/wp-json\/wp\/v2\/product_brand?post=139005"},{"taxonomy":"product_cat","embeddable":true,"href":"https:\/\/gpl-love.com\/fr\/wp-json\/wp\/v2\/product_cat?post=139005"},{"taxonomy":"product_tag","embeddable":true,"href":"https:\/\/gpl-love.com\/fr\/wp-json\/wp\/v2\/product_tag?post=139005"}],"curies":[{"name":"wp","href":"https:\/\/api.w.org\/{rel}","templated":true}]}}