{"id":139003,"date":"2026-01-06T00:00:00","date_gmt":"2026-01-05T23:00:00","guid":{"rendered":"https:\/\/gpl-love.com\/fr\/produit\/eventon-pdfer\/"},"modified":"2026-03-21T00:01:13","modified_gmt":"2026-03-20T23:01:13","slug":"eventon-pdfer","status":"publish","type":"product","link":"https:\/\/gpl-love.com\/fr\/produit\/eventon-pdfer\/","title":{"rendered":"EventOn PDFer 1.0.2"},"content":{"rendered":"<h3>EventOn PDFer Traits<\/h3>\n<p>D\u00e9couvrez la puissance de l&rsquo;optimisation EventOn PDFer, un outil r\u00e9volutionnaire con\u00e7u pour simplifier vos flux de travail. EventOn PDFer n&rsquo;est pas qu&rsquo;un simple produit, c&rsquo;est une solution compl\u00e8te offrant une multitude de fonctionnalit\u00e9s qui transformeront votre exp\u00e9rience de gestion et de partage de documents. Avec EventOn PDFer, optimiser vos fichiers PDF devient un jeu d&rsquo;enfant.<\/p>\n<p>Le r\u00e9f\u00e9rencement naturel (SEO) d&rsquo;EventOn PDFer garantit une visibilit\u00e9 optimale de vos documents et am\u00e9liore votre pr\u00e9sence en ligne. De plus, l&rsquo;outil d&rsquo;optimisation pour les moteurs de recherche d&rsquo;EventOn PDFer assure un meilleur positionnement de vos fichiers PDF dans les r\u00e9sultats de recherche. Cette solution est con\u00e7ue pour am\u00e9liorer la visibilit\u00e9 d&rsquo;EventOn PDFer, rendant votre contenu accessible et attractif pour votre public.<\/p>\n<p>La fonctionnalit\u00e9 de mots-cl\u00e9s de longue tra\u00eene d&rsquo;EventOn PDFer offre un avantage unique\u00a0: elle vous permet de cibler des termes de recherche sp\u00e9cifiques li\u00e9s \u00e0 votre contenu. Ainsi, vos documents atteignent syst\u00e9matiquement le bon public. Avec EventOn PDFer, optimisez, engagez et am\u00e9liorez votre processus de gestion documentaire. Faites l&rsquo;exp\u00e9rience de la diff\u00e9rence d\u00e8s aujourd&rsquo;hui.<\/p>\n<ul>\n<li>Interface conviviale pour la cr\u00e9ation de PDF<\/li>\n<li><\/li>\n<li>Compatible avec de nombreux formats de fichiers<\/li>\n<li><\/li>\n<li>Int\u00e9gration aux services de stockage cloud<\/li>\n<li><\/li>\n<li>Conversion par lots de fichiers<\/li>\n<li><\/li>\n<li>Modification des textes, images et pages PDF<\/li>\n<li><\/li>\n<li>Chiffrement s\u00e9curis\u00e9 des fichiers PDF<\/li>\n<li><\/li>\n<li>Fonctionnalit\u00e9s d&rsquo;optimisation des fichiers PDF<\/li>\n<li>Possibilit\u00e9 d&rsquo;ajouter une signature num\u00e9rique et un filigrane<\/li>\n<li><\/li>\n<li>Prise en charge multilingue<\/li>\n<li>Assistance client et mises \u00e0 jour efficaces<\/li>\n<\/ul>\n","protected":false},"excerpt":{"rendered":"<p>EventOn PDFer est un outil innovant con\u00e7u pour l&rsquo;optimisation et la visibilit\u00e9 sur les moteurs de recherche. Gr\u00e2ce \u00e0 ses fonctionnalit\u00e9s uniques, optimiser EventOn PDFer est un jeu d&rsquo;enfant et am\u00e9liore consid\u00e9rablement sa visibilit\u00e9. L&rsquo;outil SEO d&rsquo;EventOn PDFer utilise des mots-cl\u00e9s de longue tra\u00eene et des termes de recherche cibl\u00e9s, garantissant ainsi que votre contenu atteigne la bonne audience. D\u00e9couvrez la puissance de l&rsquo;optimisation EventOn PDFer et exploitez pleinement le potentiel de votre contenu gr\u00e2ce \u00e0 nos fonctionnalit\u00e9s de pointe. Boostez votre strat\u00e9gie SEO avec EventOn PDFer d\u00e8s aujourd&rsquo;hui.<\/p>\n","protected":false},"featured_media":146907,"comment_status":"open","ping_status":"open","template":"","meta":[],"product_brand":[2540],"product_cat":[1189,1181,1186],"product_tag":[1267],"class_list":{"0":"post-139003","1":"product","2":"type-product","3":"status-publish","4":"has-post-thumbnail","6":"product_brand-eventon","7":"product_cat-personnalisation","8":"product_cat-plugins","9":"product_cat-wordpress-plugins","10":"product_tag-eventon","11":"member-discount","12":"discount-restricted","14":"first","15":"instock","16":"sale","17":"downloadable","18":"virtual","19":"sold-individually","20":"purchasable","21":"product-type-simple"},"_links":{"self":[{"href":"https:\/\/gpl-love.com\/fr\/wp-json\/wp\/v2\/product\/139003","targetHints":{"allow":["GET"]}}],"collection":[{"href":"https:\/\/gpl-love.com\/fr\/wp-json\/wp\/v2\/product"}],"about":[{"href":"https:\/\/gpl-love.com\/fr\/wp-json\/wp\/v2\/types\/product"}],"replies":[{"embeddable":true,"href":"https:\/\/gpl-love.com\/fr\/wp-json\/wp\/v2\/comments?post=139003"}],"wp:featuredmedia":[{"embeddable":true,"href":"https:\/\/gpl-love.com\/fr\/wp-json\/wp\/v2\/media\/146907"}],"wp:attachment":[{"href":"https:\/\/gpl-love.com\/fr\/wp-json\/wp\/v2\/media?parent=139003"}],"wp:term":[{"taxonomy":"product_brand","embeddable":true,"href":"https:\/\/gpl-love.com\/fr\/wp-json\/wp\/v2\/product_brand?post=139003"},{"taxonomy":"product_cat","embeddable":true,"href":"https:\/\/gpl-love.com\/fr\/wp-json\/wp\/v2\/product_cat?post=139003"},{"taxonomy":"product_tag","embeddable":true,"href":"https:\/\/gpl-love.com\/fr\/wp-json\/wp\/v2\/product_tag?post=139003"}],"curies":[{"name":"wp","href":"https:\/\/api.w.org\/{rel}","templated":true}]}}