{"id":139001,"date":"2026-05-08T00:00:00","date_gmt":"2026-05-07T22:00:00","guid":{"rendered":"https:\/\/gpl-love.com\/fr\/produit\/seraphinite-accelerator\/"},"modified":"2026-05-09T00:32:47","modified_gmt":"2026-05-08T22:32:47","slug":"seraphinite-accelerator","status":"publish","type":"product","link":"https:\/\/gpl-love.com\/fr\/produit\/seraphinite-accelerator\/","title":{"rendered":"Seraphinite Accelerator 2.29.11"},"content":{"rendered":"<h3>Seraphinite Accelerator Traits<\/h3>\n<p>Cette solution, qui am\u00e9liore consid\u00e9rablement la vitesse et les performances globales des sites web, optimise l&rsquo;exp\u00e9rience utilisateur pour tous les visiteurs. Elle r\u00e9duit \u00e9galement les temps de chargement des pages et des images, tout en optimisant le code pour une ex\u00e9cution rapide. Autre atout majeur\u00a0: son aptitude \u00e0 am\u00e9liorer le r\u00e9f\u00e9rencement naturel (SEO) gr\u00e2ce \u00e0 l&rsquo;acc\u00e9l\u00e9ration du site. Con\u00e7u pour fonctionner parfaitement avec tous les th\u00e8mes WordPress, cet outil est un choix polyvalent. De plus, son installation et sa configuration sur n&rsquo;importe quel site WordPress sont d&rsquo;une simplicit\u00e9 remarquable. Enfin, pour garantir des performances optimales, il b\u00e9n\u00e9ficie de mises \u00e0 jour r\u00e9guli\u00e8res et d&rsquo;une assistance continue.<\/p>\n<ul>\n<li>Vitesse du moteur de cache<\/li>\n<li>Tol\u00e9rance aux charges \u00e9lev\u00e9es<\/li>\n<li>Fonctionnalit\u00e9s de s\u00e9curit\u00e9<\/li>\n<li>Prise en charge de plusieurs CDN<\/li>\n<li>Compatibilit\u00e9 avec les plugins d&rsquo;optimisation<\/li>\n<li>Fonctionnalit\u00e9 de revalidation diff\u00e9r\u00e9e<\/li>\n<li>Large choix d&rsquo;options d&rsquo;encodage<\/li>\n<li>Optimisation de l&rsquo;espace de stockage du cache<\/li>\n<li>Compression des donn\u00e9es dans le cache<\/li>\n<li>Cache pour les utilisateurs<\/li>\n<li>Fonctionnalit\u00e9s de cache du navigateur<\/li>\n<li>Correction des erreurs et v\u00e9rification du HTML<\/li>\n<li>M\u00e9canismes de cache s\u00e9par\u00e9s<\/li>\n<li>Optimisation de la taille du contenu<\/li>\n<li>Optimisation de la taille du contenu (nouvelle it\u00e9ration)<\/li>\n<\/ul>\n","protected":false},"excerpt":{"rendered":"<p>Seraphinite Solutions pr\u00e9sente Accelerator pour WordPress, un moteur de cache haut de gamme con\u00e7u pour optimiser les performances et l&rsquo;efficacit\u00e9 de votre site web. Cet outil exceptionnel se distingue par sa mise en cache rapide, son extraordinaire r\u00e9sistance \u00e0 la charge avec une consommation de ressources minimale et sa protection robuste contre les attaques par force brute. Facile \u00e0 int\u00e9grer avec de nombreux CDN, il permet non seulement de r\u00e9duire les co\u00fbts, mais aussi d&rsquo;acc\u00e9l\u00e9rer le chargement du contenu.<\/p>\n","protected":false},"featured_media":146906,"comment_status":"open","ping_status":"open","template":"","meta":[],"product_brand":[2776],"product_cat":[1203,1181,1186],"product_tag":[2369],"class_list":{"0":"post-139001","1":"product","2":"type-product","3":"status-publish","4":"has-post-thumbnail","6":"product_brand-seraphinite-solutions","7":"product_cat-performance","8":"product_cat-plugins","9":"product_cat-wordpress-plugins","10":"product_tag-seraphinite-solutions","11":"member-discount","12":"discount-restricted","14":"first","15":"instock","16":"sale","17":"downloadable","18":"virtual","19":"sold-individually","20":"purchasable","21":"product-type-simple"},"_links":{"self":[{"href":"https:\/\/gpl-love.com\/fr\/wp-json\/wp\/v2\/product\/139001","targetHints":{"allow":["GET"]}}],"collection":[{"href":"https:\/\/gpl-love.com\/fr\/wp-json\/wp\/v2\/product"}],"about":[{"href":"https:\/\/gpl-love.com\/fr\/wp-json\/wp\/v2\/types\/product"}],"replies":[{"embeddable":true,"href":"https:\/\/gpl-love.com\/fr\/wp-json\/wp\/v2\/comments?post=139001"}],"wp:featuredmedia":[{"embeddable":true,"href":"https:\/\/gpl-love.com\/fr\/wp-json\/wp\/v2\/media\/146906"}],"wp:attachment":[{"href":"https:\/\/gpl-love.com\/fr\/wp-json\/wp\/v2\/media?parent=139001"}],"wp:term":[{"taxonomy":"product_brand","embeddable":true,"href":"https:\/\/gpl-love.com\/fr\/wp-json\/wp\/v2\/product_brand?post=139001"},{"taxonomy":"product_cat","embeddable":true,"href":"https:\/\/gpl-love.com\/fr\/wp-json\/wp\/v2\/product_cat?post=139001"},{"taxonomy":"product_tag","embeddable":true,"href":"https:\/\/gpl-love.com\/fr\/wp-json\/wp\/v2\/product_tag?post=139001"}],"curies":[{"name":"wp","href":"https:\/\/api.w.org\/{rel}","templated":true}]}}