{"id":138999,"date":"2025-06-30T00:00:00","date_gmt":"2025-06-29T22:00:00","guid":{"rendered":"https:\/\/gpl-love.com\/fr\/produit\/eventon-include-anything\/"},"modified":"2026-04-18T06:32:57","modified_gmt":"2026-04-18T04:32:57","slug":"eventon-include-anything","status":"publish","type":"product","link":"https:\/\/gpl-love.com\/fr\/produit\/eventon-include-anything\/","title":{"rendered":"EventOn Include Anything 0.8"},"content":{"rendered":"<h3>EventOn Include Anything Traits<\/h3>\n<p>Boostez la gestion de vos \u00e9v\u00e9nements avec EventOn Include Anything, un outil dynamique con\u00e7u pour optimiser votre processus de planification. EventOn Include Anything est bien plus qu&rsquo;un simple outil\u00a0: c&rsquo;est une v\u00e9ritable r\u00e9volution dans l&rsquo;organisation d&rsquo;\u00e9v\u00e9nements et le r\u00e9f\u00e9rencement (SEO). Plongez dans l&rsquo;univers du SEO EventOn et constatez une nette am\u00e9lioration de votre visibilit\u00e9 en ligne.<\/p>\n<p>Cet outil est con\u00e7u pour l&rsquo;optimisation EventOn, permettant une int\u00e9gration fluide avec votre site web et am\u00e9liorant ses performances. Avec le SEO pour EventOn, vous ne vous contentez pas de planifier un \u00e9v\u00e9nement, vous optimisez \u00e9galement votre pr\u00e9sence en ligne.<\/p>\n<p>L&rsquo;int\u00e9gration du SEO Include Anything \u00e0 cet outil garantit que chaque d\u00e9tail de votre \u00e9v\u00e9nement b\u00e9n\u00e9ficie de l&rsquo;attention qu&rsquo;il m\u00e9rite. Il part du principe que chaque \u00e9v\u00e9nement est unique et doit \u00eatre trait\u00e9 comme tel. L&rsquo;optimisation Include Anything est le ma\u00eetre-mot qui a guid\u00e9 le d\u00e9veloppement de cet outil\u00a0: faire briller votre \u00e9v\u00e9nement en ligne.<\/p>\n<p>L&rsquo;optimisation Include Anything est une fonctionnalit\u00e9 exceptionnelle qui garantit que chaque d\u00e9tail est parfaitement ajust\u00e9 pour des r\u00e9sultats SEO optimaux. EventOn Include Anything SEO est la combinaison id\u00e9ale de la gestion d&rsquo;\u00e9v\u00e9nements et\u2026<\/p>\n<ul>\n<li>Outil polyvalent de planification d&rsquo;\u00e9v\u00e9nements<\/li>\n<li><\/li>\n<li>Inclut un guide de planification complet<\/li>\n<li><\/li>\n<li>Personnalisable selon le type d&rsquo;\u00e9v\u00e9nement<\/li>\n<li><\/li>\n<li>Interface intuitive pour une configuration rapide<\/li>\n<li><\/li>\n<li>Plusieurs th\u00e8mes pour une esth\u00e9tique personnalis\u00e9e<\/li>\n<li><\/li>\n<li>Calendrier int\u00e9gr\u00e9 pour la planification et les rappels<\/li>\n<li><\/li>\n<li>Permet d&rsquo;ajouter un nombre illimit\u00e9 d&rsquo;invit\u00e9s ou de participants<\/li>\n<li><\/li>\n<li>Possibilit\u00e9 d&rsquo;inclure des activit\u00e9s ou des sessions personnalis\u00e9es<\/li>\n<li><\/li>\n<li>Fournit des mises \u00e0 jour et des notifications en temps r\u00e9el<\/li>\n<li><\/li>\n<li>Compatible avec diverses plateformes num\u00e9riques pour un acc\u00e8s facile<\/li>\n<\/ul>\n","protected":false},"excerpt":{"rendered":"<p>Avec l&rsquo;optimisation \u00ab\u00a0Include Anything\u00a0\u00bb d&rsquo;EventOn, profitez d&rsquo;une flexibilit\u00e9 et d&rsquo;une efficacit\u00e9 in\u00e9gal\u00e9es. Optimisez \u00ab\u00a0Include Anything\u00a0\u00bb avec EventOn et transformez vos \u00e9v\u00e9nements en exp\u00e9riences inoubliables.<\/p>\n","protected":false},"featured_media":146905,"comment_status":"open","ping_status":"open","template":"","meta":[],"product_brand":[2540],"product_cat":[1189,1181,1186],"product_tag":[1267],"class_list":{"0":"post-138999","1":"product","2":"type-product","3":"status-publish","4":"has-post-thumbnail","6":"product_brand-eventon","7":"product_cat-personnalisation","8":"product_cat-plugins","9":"product_cat-wordpress-plugins","10":"product_tag-eventon","11":"member-discount","12":"discount-restricted","14":"first","15":"instock","16":"sale","17":"downloadable","18":"virtual","19":"sold-individually","20":"purchasable","21":"product-type-simple"},"_links":{"self":[{"href":"https:\/\/gpl-love.com\/fr\/wp-json\/wp\/v2\/product\/138999","targetHints":{"allow":["GET"]}}],"collection":[{"href":"https:\/\/gpl-love.com\/fr\/wp-json\/wp\/v2\/product"}],"about":[{"href":"https:\/\/gpl-love.com\/fr\/wp-json\/wp\/v2\/types\/product"}],"replies":[{"embeddable":true,"href":"https:\/\/gpl-love.com\/fr\/wp-json\/wp\/v2\/comments?post=138999"}],"wp:featuredmedia":[{"embeddable":true,"href":"https:\/\/gpl-love.com\/fr\/wp-json\/wp\/v2\/media\/146905"}],"wp:attachment":[{"href":"https:\/\/gpl-love.com\/fr\/wp-json\/wp\/v2\/media?parent=138999"}],"wp:term":[{"taxonomy":"product_brand","embeddable":true,"href":"https:\/\/gpl-love.com\/fr\/wp-json\/wp\/v2\/product_brand?post=138999"},{"taxonomy":"product_cat","embeddable":true,"href":"https:\/\/gpl-love.com\/fr\/wp-json\/wp\/v2\/product_cat?post=138999"},{"taxonomy":"product_tag","embeddable":true,"href":"https:\/\/gpl-love.com\/fr\/wp-json\/wp\/v2\/product_tag?post=138999"}],"curies":[{"name":"wp","href":"https:\/\/api.w.org\/{rel}","templated":true}]}}