{"id":138997,"date":"2025-10-28T00:00:00","date_gmt":"2025-10-27T23:00:00","guid":{"rendered":"https:\/\/gpl-love.com\/fr\/produit\/eventon-ics-importer\/"},"modified":"2026-03-21T00:01:11","modified_gmt":"2026-03-20T23:01:11","slug":"eventon-ics-importer","status":"publish","type":"product","link":"https:\/\/gpl-love.com\/fr\/produit\/eventon-ics-importer\/","title":{"rendered":"EventOn ICS importer 2.0.6"},"content":{"rendered":"<h3>EventOn ICS importer Traits<\/h3>\n<p>D\u00e9couvrez l&rsquo;importateur ICS d&rsquo;EventOn, la solution id\u00e9ale pour g\u00e9rer vos \u00e9v\u00e9nements en toute simplicit\u00e9. Cet outil puissant vous permet d&rsquo;importer facilement vos fichiers ICS dans EventOn, simplifiant ainsi votre processus de gestion \u00e9v\u00e9nementielle.<\/p>\n<p>L&rsquo;importateur EventOn est sp\u00e9cialement con\u00e7u pour faciliter l&rsquo;importation de vos \u00e9v\u00e9nements ICS, vous permettant de vous concentrer sur la cr\u00e9ation d&rsquo;exp\u00e9riences m\u00e9morables plut\u00f4t que sur les aspects techniques. Avec l&rsquo;importateur ICS d&rsquo;EventOn, convertissez sans effort vos fichiers ICS en \u00e9v\u00e9nements EventOn, permettant ainsi \u00e0 votre public de suivre votre programme en toute simplicit\u00e9.<\/p>\n<p>Utilisez la fonctionnalit\u00e9 ICS d&rsquo;EventOn et gagnez un temps pr\u00e9cieux. Cet outil simplifie non seulement votre flux de travail, mais am\u00e9liore \u00e9galement votre r\u00e9f\u00e9rencement naturel (SEO), garantissant ainsi que vos \u00e9v\u00e9nements soient trouv\u00e9s par le public cible.<\/p>\n<p>L&rsquo;importateur ICS d&rsquo;EventOn est parfait pour les professionnels qui privil\u00e9gient l&rsquo;efficacit\u00e9 et la productivit\u00e9. C&rsquo;est un outil r\u00e9volutionnaire qui vous donne le contr\u00f4le total de la gestion de vos \u00e9v\u00e9nements.<\/p>\n<p>Importez vos fichiers ICS dans EventOn en quelques clics seulement gr\u00e2ce \u00e0 l&rsquo;importateur ICS d&rsquo;EventOn.<\/p>\n<ul>\n<li>Permet l&rsquo;importation en masse d&rsquo;\u00e9v\u00e9nements \u00e0 partir de fichiers .ics<\/li>\n<li><\/li>\n<li>Simplifie la cr\u00e9ation de votre calendrier<\/li>\n<li><\/li>\n<li>Compatible avec les principales applications de calendrier g\u00e9n\u00e9rant des fichiers .ics<\/li>\n<li><\/li>\n<li>Interface conviviale pour une importation simple et rapide<\/li>\n<li><\/li>\n<li>Permet l&rsquo;importation s\u00e9lective d&rsquo;\u00e9v\u00e9nements par cat\u00e9gorie<\/li>\n<li><\/li>\n<li>Prise en charge de l&rsquo;importation des \u00e9v\u00e9nements r\u00e9currents<\/li>\n<li>Option de mise \u00e0 jour automatique des \u00e9v\u00e9nements existants<\/li>\n<li>Mappage personnalis\u00e9 des champs pour une int\u00e9gration optimale \u00e0 votre structure d&rsquo;\u00e9v\u00e9nements<\/li>\n<li><\/li>\n<li>G\u00e9n\u00e8re des rapports d&rsquo;erreurs en cas d&rsquo;\u00e9chec d&rsquo;importation<\/li>\n<li><\/li>\n<li>Compatible avec la plupart des plugins et logiciels de gestion d&rsquo;\u00e9v\u00e9nements.<\/li>\n<\/ul>\n","protected":false},"excerpt":{"rendered":"<p>Utilisez EventOn ICS pour g\u00e9rer, int\u00e9grer et optimiser vos \u00e9v\u00e9nements. Gr\u00e2ce \u00e0 l&rsquo;importateur ICS d&rsquo;EventOn, importer des fichiers ICS devient un jeu d&rsquo;enfant. D\u00e9couvrez la simplicit\u00e9 d&rsquo;importation des fichiers ICS avec EventOn et donnez une nouvelle dimension \u00e0 l&rsquo;organisation de vos \u00e9v\u00e9nements.<\/p>\n","protected":false},"featured_media":146904,"comment_status":"open","ping_status":"open","template":"","meta":[],"product_brand":[2540],"product_cat":[1189,1181,1186],"product_tag":[1267],"class_list":{"0":"post-138997","1":"product","2":"type-product","3":"status-publish","4":"has-post-thumbnail","6":"product_brand-eventon","7":"product_cat-personnalisation","8":"product_cat-plugins","9":"product_cat-wordpress-plugins","10":"product_tag-eventon","11":"member-discount","12":"discount-restricted","14":"first","15":"instock","16":"sale","17":"downloadable","18":"virtual","19":"sold-individually","20":"purchasable","21":"product-type-simple"},"_links":{"self":[{"href":"https:\/\/gpl-love.com\/fr\/wp-json\/wp\/v2\/product\/138997","targetHints":{"allow":["GET"]}}],"collection":[{"href":"https:\/\/gpl-love.com\/fr\/wp-json\/wp\/v2\/product"}],"about":[{"href":"https:\/\/gpl-love.com\/fr\/wp-json\/wp\/v2\/types\/product"}],"replies":[{"embeddable":true,"href":"https:\/\/gpl-love.com\/fr\/wp-json\/wp\/v2\/comments?post=138997"}],"wp:featuredmedia":[{"embeddable":true,"href":"https:\/\/gpl-love.com\/fr\/wp-json\/wp\/v2\/media\/146904"}],"wp:attachment":[{"href":"https:\/\/gpl-love.com\/fr\/wp-json\/wp\/v2\/media?parent=138997"}],"wp:term":[{"taxonomy":"product_brand","embeddable":true,"href":"https:\/\/gpl-love.com\/fr\/wp-json\/wp\/v2\/product_brand?post=138997"},{"taxonomy":"product_cat","embeddable":true,"href":"https:\/\/gpl-love.com\/fr\/wp-json\/wp\/v2\/product_cat?post=138997"},{"taxonomy":"product_tag","embeddable":true,"href":"https:\/\/gpl-love.com\/fr\/wp-json\/wp\/v2\/product_tag?post=138997"}],"curies":[{"name":"wp","href":"https:\/\/api.w.org\/{rel}","templated":true}]}}