{"id":138995,"date":"2026-01-10T00:00:00","date_gmt":"2026-01-09T23:00:00","guid":{"rendered":"https:\/\/gpl-love.com\/fr\/produit\/pixelyoursite-consent-magic-pro\/"},"modified":"2026-04-18T06:32:56","modified_gmt":"2026-04-18T04:32:56","slug":"pixelyoursite-consent-magic-pro","status":"publish","type":"product","link":"https:\/\/gpl-love.com\/fr\/produit\/pixelyoursite-consent-magic-pro\/","title":{"rendered":"PixelYourSite Consent Magic Pro 5.1.1"},"content":{"rendered":"<h3>PixelYourSite Consent Magic Pro Traits<\/h3>\n<p>Prenez le contr\u00f4le de la gestion des donn\u00e9es de votre site web et renforcez votre conformit\u00e9 au RGPD sans effort gr\u00e2ce \u00e0 PixelYourSite Consent Magic Pro. Con\u00e7u pour simplifier la gestion de la confidentialit\u00e9 en ligne, Consent Magic Pro vous offre un contr\u00f4le pr\u00e9cis du suivi des utilisateurs et du consentement aux cookies sur votre site. Restez en conformit\u00e9 avec la r\u00e9glementation et instaurez une relation de confiance solide avec vos utilisateurs gr\u00e2ce \u00e0 une transparence accrue. En trouvant l&rsquo;\u00e9quilibre parfait entre les bonnes pratiques SEO et les r\u00e9glementations strictes, PixelYourSite Consent Magic Pro contribue \u00e0 un meilleur positionnement de votre site dans les r\u00e9sultats de recherche et \u00e0 la protection de votre r\u00e9putation en ligne. Ne cherchez plus\u00a0! PixelYourSite Consent Magic Pro est l&rsquo;outil id\u00e9al pour garantir l&rsquo;ergonomie de votre site web, optimiser ses op\u00e9rations et respecter la vie priv\u00e9e de vos utilisateurs.<\/p>\n<ul>\n<li>Les utilisateurs ont un contr\u00f4le total sur leurs param\u00e8tres de consentement aux cookies.<\/li>\n<li><\/li>\n<li>La fen\u00eatre contextuelle de consentement aux cookies peut \u00eatre facilement personnalis\u00e9e.<\/li>\n<li><\/li>\n<li>La gestion des param\u00e8tres des cookies s&rsquo;effectue via une interface conviviale.<\/li>\n<li><\/li>\n<li>La conformit\u00e9 au RGPD et au CCPA est facilit\u00e9e pour les propri\u00e9taires de sites web.<\/li>\n<li><\/li>\n<li>Des outils comme Google Analytics et Facebook Pixel sont int\u00e9gr\u00e9s.<\/li>\n<li>Les options d&rsquo;affichage de la banni\u00e8re de consentement aux cookies sont flexibles.<\/li>\n<li><\/li>\n<li>Une documentation compl\u00e8te et une assistance utilisateur sont fournies.<\/li>\n<\/ul>\n","protected":false},"excerpt":{"rendered":"<p>Ma\u00eetrisez les donn\u00e9es, la confidentialit\u00e9 et la conformit\u00e9 RGPD de votre site web gr\u00e2ce \u00e0 PixelYourSite Consent Magic Pro. Ce logiciel polyvalent simplifie la gestion du consentement aux cookies et le suivi des utilisateurs, vous offrant un contr\u00f4le total sur les personnes suivies et les donn\u00e9es collect\u00e9es sur votre site. Pr\u00e9servez la confiance de vos utilisateurs, optimisez votre r\u00e9f\u00e9rencement et restez en conformit\u00e9 avec la r\u00e9glementation gr\u00e2ce \u00e0 PixelYourSite Consent Magic Pro. Simplifiez d\u00e8s aujourd&rsquo;hui l&rsquo;exp\u00e9rience utilisateur sur votre site web avec cet outil intuitif et complet.<\/p>\n","protected":false},"featured_media":146903,"comment_status":"open","ping_status":"open","template":"","meta":[],"product_brand":[2627],"product_cat":[1207,1181,1186],"product_tag":[1327],"class_list":{"0":"post-138995","1":"product","2":"type-product","3":"status-publish","4":"has-post-thumbnail","6":"product_brand-pixelyoursite","7":"product_cat-commercialisation-wordpress-plugins","8":"product_cat-plugins","9":"product_cat-wordpress-plugins","10":"product_tag-pixelyoursite","11":"member-discount","12":"discount-restricted","14":"first","15":"instock","16":"sale","17":"downloadable","18":"virtual","19":"sold-individually","20":"purchasable","21":"product-type-simple"},"_links":{"self":[{"href":"https:\/\/gpl-love.com\/fr\/wp-json\/wp\/v2\/product\/138995","targetHints":{"allow":["GET"]}}],"collection":[{"href":"https:\/\/gpl-love.com\/fr\/wp-json\/wp\/v2\/product"}],"about":[{"href":"https:\/\/gpl-love.com\/fr\/wp-json\/wp\/v2\/types\/product"}],"replies":[{"embeddable":true,"href":"https:\/\/gpl-love.com\/fr\/wp-json\/wp\/v2\/comments?post=138995"}],"wp:featuredmedia":[{"embeddable":true,"href":"https:\/\/gpl-love.com\/fr\/wp-json\/wp\/v2\/media\/146903"}],"wp:attachment":[{"href":"https:\/\/gpl-love.com\/fr\/wp-json\/wp\/v2\/media?parent=138995"}],"wp:term":[{"taxonomy":"product_brand","embeddable":true,"href":"https:\/\/gpl-love.com\/fr\/wp-json\/wp\/v2\/product_brand?post=138995"},{"taxonomy":"product_cat","embeddable":true,"href":"https:\/\/gpl-love.com\/fr\/wp-json\/wp\/v2\/product_cat?post=138995"},{"taxonomy":"product_tag","embeddable":true,"href":"https:\/\/gpl-love.com\/fr\/wp-json\/wp\/v2\/product_tag?post=138995"}],"curies":[{"name":"wp","href":"https:\/\/api.w.org\/{rel}","templated":true}]}}