{"id":138987,"date":"2026-01-10T00:00:00","date_gmt":"2026-01-09T23:00:00","guid":{"rendered":"https:\/\/gpl-love.com\/fr\/produit\/wp-sheet-editor-automations\/"},"modified":"2026-04-19T00:31:37","modified_gmt":"2026-04-18T22:31:37","slug":"wp-sheet-editor-automations","status":"publish","type":"product","link":"https:\/\/gpl-love.com\/fr\/produit\/wp-sheet-editor-automations\/","title":{"rendered":"WP Sheet Editor Automations 1.1.0"},"content":{"rendered":"<h3>WP Sheet Editor Automations Traits<\/h3>\n<p>D\u00e9couvrez WP Sheet Editor Automations, un outil puissant et intuitif con\u00e7u pour simplifier la gestion de votre site WordPress. Gr\u00e2ce \u00e0 un contr\u00f4le efficace des donn\u00e9es, il vous permet de mettre \u00e0 jour en masse et facilement diff\u00e9rents aspects de votre feuille de calcul WordPress. Il planifie les mises \u00e0 jour des t\u00e2ches r\u00e9currentes selon des conditions d\u00e9finies, \u00e9liminant ainsi les saisies manuelles. De plus, vous pouvez appliquer des conditions SI\/SINON complexes pour modifier les cellules selon des crit\u00e8res pr\u00e9cis, optimisant ainsi les op\u00e9rations de votre organisation. Le logiciel r\u00e9agit dynamiquement aux modifications de votre feuille de calcul et d\u00e9clenche les actions appropri\u00e9es\u00a0: un \u00e9quilibre parfait entre automatisation intelligente et contr\u00f4le rigoureux. Et gr\u00e2ce \u00e0 un historique pr\u00e9cis de toutes les activit\u00e9s d&rsquo;automatisation accessible instantan\u00e9ment, vous serez toujours inform\u00e9 des changements effectu\u00e9s en arri\u00e8re-plan. Boostez votre productivit\u00e9, r\u00e9duisez les erreurs et gagnez un temps pr\u00e9cieux avec WP Sheet Editor Automations, l&rsquo;extension ultime pour une efficacit\u00e9 optimale et un fonctionnement fluide de votre plateforme WordPress.<\/p>\n<ul>\n<li>Cr\u00e9ez des r\u00e8gles pour simplifier la mise \u00e0 jour des diff\u00e9rents \u00e9l\u00e9ments de votre feuille de calcul WordPress.<\/li>\n<li>Planifiez des mises \u00e0 jour pour les t\u00e2ches r\u00e9currentes selon des conditions sp\u00e9cifiques.<\/li>\n<li>Utilisez des conditions SI\/SINON pour modifier les cellules selon des crit\u00e8res particuliers.<\/li>\n<li>Supervisez les modifications apport\u00e9es \u00e0 votre feuille de calcul et d\u00e9clenchez des actions en cons\u00e9quence.<\/li>\n<li>G\u00e9rez et suivez facilement les modifications gr\u00e2ce \u00e0 un historique de toutes les activit\u00e9s automatis\u00e9es.<\/li>\n<\/ul>\n","protected":false},"excerpt":{"rendered":"<p>L&rsquo;extension Automations est un outil puissant propos\u00e9 par les plugins WP Sheet Editor. Elle vous permet d&rsquo;automatiser de nombreuses t\u00e2ches, telles que les modifications en masse, les exportations et les importations, au sein de diff\u00e9rents \u00e9diteurs de feuilles de calcul sur WordPress. Sa capacit\u00e9 \u00e0 simplifier vos t\u00e2ches quotidiennes en les r\u00e9duisant \u00e0 quelques actions planifi\u00e9es en fait une extension incroyablement efficace pour optimiser votre productivit\u00e9.<\/p>\n","protected":false},"featured_media":146899,"comment_status":"open","ping_status":"open","template":"","meta":[],"product_brand":[2733],"product_cat":[1187,1181,1186],"product_tag":[1545],"class_list":{"0":"post-138987","1":"product","2":"type-product","3":"status-publish","4":"has-post-thumbnail","6":"product_brand-wp-sheet-editor","7":"product_cat-administration-wordpress-plugins","8":"product_cat-plugins","9":"product_cat-wordpress-plugins","10":"product_tag-wp-sheet-editor","11":"member-discount","12":"discount-restricted","14":"first","15":"instock","16":"sale","17":"downloadable","18":"virtual","19":"sold-individually","20":"purchasable","21":"product-type-simple"},"_links":{"self":[{"href":"https:\/\/gpl-love.com\/fr\/wp-json\/wp\/v2\/product\/138987","targetHints":{"allow":["GET"]}}],"collection":[{"href":"https:\/\/gpl-love.com\/fr\/wp-json\/wp\/v2\/product"}],"about":[{"href":"https:\/\/gpl-love.com\/fr\/wp-json\/wp\/v2\/types\/product"}],"replies":[{"embeddable":true,"href":"https:\/\/gpl-love.com\/fr\/wp-json\/wp\/v2\/comments?post=138987"}],"wp:featuredmedia":[{"embeddable":true,"href":"https:\/\/gpl-love.com\/fr\/wp-json\/wp\/v2\/media\/146899"}],"wp:attachment":[{"href":"https:\/\/gpl-love.com\/fr\/wp-json\/wp\/v2\/media?parent=138987"}],"wp:term":[{"taxonomy":"product_brand","embeddable":true,"href":"https:\/\/gpl-love.com\/fr\/wp-json\/wp\/v2\/product_brand?post=138987"},{"taxonomy":"product_cat","embeddable":true,"href":"https:\/\/gpl-love.com\/fr\/wp-json\/wp\/v2\/product_cat?post=138987"},{"taxonomy":"product_tag","embeddable":true,"href":"https:\/\/gpl-love.com\/fr\/wp-json\/wp\/v2\/product_tag?post=138987"}],"curies":[{"name":"wp","href":"https:\/\/api.w.org\/{rel}","templated":true}]}}