{"id":138985,"date":"2026-04-18T00:00:00","date_gmt":"2026-04-17T22:00:00","guid":{"rendered":"https:\/\/gpl-love.com\/fr\/produit\/bricks-max-addons-pro\/"},"modified":"2026-04-19T00:31:36","modified_gmt":"2026-04-18T22:31:36","slug":"bricks-max-addons-pro","status":"publish","type":"product","link":"https:\/\/gpl-love.com\/fr\/produit\/bricks-max-addons-pro\/","title":{"rendered":"Bricks Max Addons Pro 1.17.0"},"content":{"rendered":"<h3>Bricks Max Addons Pro Traits<\/h3>\n<ul>\n<li>\u00c9l\u00e9ments et blocs personnalisables, con\u00e7us sp\u00e9cifiquement pour les sites WordPress.<\/li>\n<li><\/li>\n<li>Fonctionnalit\u00e9 glisser-d\u00e9poser intuitive pour une personnalisation ais\u00e9e.<\/li>\n<li>Options de design avanc\u00e9es pour cr\u00e9er un site web \u00e0 l&rsquo;apparence unique.<\/li>\n<li>Compatibilit\u00e9 avec les principaux constructeurs de pages, dont Bricks.<\/li>\n<li>Mises \u00e0 jour r\u00e9guli\u00e8res et ajout de nouvelles fonctionnalit\u00e9s pour un site toujours \u00e0 la pointe de la technologie.<\/li>\n<li>Conception responsive pour une exp\u00e9rience utilisateur optimale sur mobile.<\/li>\n<li>Vaste collection d&rsquo;\u00e9l\u00e9ments pr\u00e9d\u00e9finis pour un d\u00e9ploiement rapide.<\/li>\n<\/ul>\n","protected":false},"excerpt":{"rendered":"<p>Max Addons pour Bricks propose une collection compl\u00e8te d&rsquo;extensions qui optimisent consid\u00e9rablement les fonctionnalit\u00e9s et les performances de l&rsquo;\u00e9diteur Bricks, un outil de r\u00e9f\u00e9rence pour la cr\u00e9ation de sites web WordPress. Privil\u00e9giant la rapidit\u00e9 et l&rsquo;efficacit\u00e9, Max Addons se distingue par une qualit\u00e9 de code sup\u00e9rieure \u00e0 celle de ses concurrents comme Bricksable. Des fonctionnalit\u00e9s remarquables telles que IconList et FluentForms sont particuli\u00e8rement appr\u00e9ci\u00e9es des utilisateurs pour leur int\u00e9gration fluide avec Bricks, simplifiant ainsi le processus de cr\u00e9ation de sites web et permettant un gain de temps pr\u00e9cieux lors du d\u00e9veloppement.<\/p>\n","protected":false},"featured_media":146898,"comment_status":"open","ping_status":"open","template":"","meta":[],"product_brand":[2775],"product_cat":[1189,1181,1186],"product_tag":[2367],"class_list":{"0":"post-138985","1":"product","2":"type-product","3":"status-publish","4":"has-post-thumbnail","6":"product_brand-bloompixel","7":"product_cat-personnalisation","8":"product_cat-plugins","9":"product_cat-wordpress-plugins","10":"product_tag-bloompixel","11":"member-discount","12":"discount-restricted","14":"first","15":"instock","16":"sale","17":"downloadable","18":"virtual","19":"sold-individually","20":"purchasable","21":"product-type-simple"},"_links":{"self":[{"href":"https:\/\/gpl-love.com\/fr\/wp-json\/wp\/v2\/product\/138985","targetHints":{"allow":["GET"]}}],"collection":[{"href":"https:\/\/gpl-love.com\/fr\/wp-json\/wp\/v2\/product"}],"about":[{"href":"https:\/\/gpl-love.com\/fr\/wp-json\/wp\/v2\/types\/product"}],"replies":[{"embeddable":true,"href":"https:\/\/gpl-love.com\/fr\/wp-json\/wp\/v2\/comments?post=138985"}],"wp:featuredmedia":[{"embeddable":true,"href":"https:\/\/gpl-love.com\/fr\/wp-json\/wp\/v2\/media\/146898"}],"wp:attachment":[{"href":"https:\/\/gpl-love.com\/fr\/wp-json\/wp\/v2\/media?parent=138985"}],"wp:term":[{"taxonomy":"product_brand","embeddable":true,"href":"https:\/\/gpl-love.com\/fr\/wp-json\/wp\/v2\/product_brand?post=138985"},{"taxonomy":"product_cat","embeddable":true,"href":"https:\/\/gpl-love.com\/fr\/wp-json\/wp\/v2\/product_cat?post=138985"},{"taxonomy":"product_tag","embeddable":true,"href":"https:\/\/gpl-love.com\/fr\/wp-json\/wp\/v2\/product_tag?post=138985"}],"curies":[{"name":"wp","href":"https:\/\/api.w.org\/{rel}","templated":true}]}}