{"id":138983,"date":"2025-12-15T00:00:00","date_gmt":"2025-12-14T23:00:00","guid":{"rendered":"https:\/\/gpl-love.com\/fr\/produit\/bricks-brickscore\/"},"modified":"2026-03-28T23:33:01","modified_gmt":"2026-03-28T22:33:01","slug":"bricks-brickscore","status":"publish","type":"product","link":"https:\/\/gpl-love.com\/fr\/produit\/bricks-brickscore\/","title":{"rendered":"Next Bricks Brickscore 2.2.9"},"content":{"rendered":"<h3>Next Bricks Brickscore Traits<\/h3>\n","protected":false},"excerpt":{"rendered":"<p>Brickscore pr\u00e9sente une suite d&rsquo;\u00e9lite de composants sp\u00e9cialement con\u00e7us pour enrichir le parcours Bricks Builder. Avec plus de 40 composants qui s&rsquo;int\u00e8grent parfaitement aux biblioth\u00e8ques JavaScript bien connues, Brickscore apporte des fonctionnalit\u00e9s distinctives con\u00e7ues uniquement pour son \u00e9cosyst\u00e8me. Chaque \u00e9l\u00e9ment est m\u00e9ticuleusement con\u00e7u en respectant les normes les plus \u00e9lev\u00e9es d&rsquo;accessibilit\u00e9, de r\u00e9f\u00e9rencement et de conception fluide pour garantir des performances optimales sur tous les appareils. De plus, Brickscore garantit des modules de sites Web de premier plan qui s&rsquo;adaptent sans effort, permettant aux d\u00e9veloppeurs de cr\u00e9er rapidement et facilement des sites Web haut de gamme.<\/p>\n","protected":false},"featured_media":146897,"comment_status":"open","ping_status":"open","template":"","meta":[],"product_brand":[2774],"product_cat":[1189,1181,1186],"product_tag":[2366],"class_list":{"0":"post-138983","1":"product","2":"type-product","3":"status-publish","4":"has-post-thumbnail","6":"product_brand-brickscore","7":"product_cat-personnalisation","8":"product_cat-plugins","9":"product_cat-wordpress-plugins","10":"product_tag-brickscore","11":"member-discount","12":"discount-restricted","14":"first","15":"instock","16":"sale","17":"downloadable","18":"virtual","19":"sold-individually","20":"purchasable","21":"product-type-simple"},"_links":{"self":[{"href":"https:\/\/gpl-love.com\/fr\/wp-json\/wp\/v2\/product\/138983","targetHints":{"allow":["GET"]}}],"collection":[{"href":"https:\/\/gpl-love.com\/fr\/wp-json\/wp\/v2\/product"}],"about":[{"href":"https:\/\/gpl-love.com\/fr\/wp-json\/wp\/v2\/types\/product"}],"replies":[{"embeddable":true,"href":"https:\/\/gpl-love.com\/fr\/wp-json\/wp\/v2\/comments?post=138983"}],"wp:featuredmedia":[{"embeddable":true,"href":"https:\/\/gpl-love.com\/fr\/wp-json\/wp\/v2\/media\/146897"}],"wp:attachment":[{"href":"https:\/\/gpl-love.com\/fr\/wp-json\/wp\/v2\/media?parent=138983"}],"wp:term":[{"taxonomy":"product_brand","embeddable":true,"href":"https:\/\/gpl-love.com\/fr\/wp-json\/wp\/v2\/product_brand?post=138983"},{"taxonomy":"product_cat","embeddable":true,"href":"https:\/\/gpl-love.com\/fr\/wp-json\/wp\/v2\/product_cat?post=138983"},{"taxonomy":"product_tag","embeddable":true,"href":"https:\/\/gpl-love.com\/fr\/wp-json\/wp\/v2\/product_tag?post=138983"}],"curies":[{"name":"wp","href":"https:\/\/api.w.org\/{rel}","templated":true}]}}