{"id":138981,"date":"2026-03-21T00:00:00","date_gmt":"2026-03-20T23:00:00","guid":{"rendered":"https:\/\/gpl-love.com\/fr\/produit\/bricks-advanced-themer\/"},"modified":"2026-03-21T23:32:32","modified_gmt":"2026-03-21T22:32:32","slug":"bricks-advanced-themer","status":"publish","type":"product","link":"https:\/\/gpl-love.com\/fr\/produit\/bricks-advanced-themer\/","title":{"rendered":"Bricks Advanced Themer 3.3.14"},"content":{"rendered":"<h3>Bricks Advanced Themer Traits<\/h3>\n","protected":false},"excerpt":{"rendered":"<p>Advanced Themer augmente votre capacit\u00e9 \u00e0 cr\u00e9er des sites Web \u00e0 l&rsquo;aide de Bricks en offrant un large \u00e9ventail d&rsquo;am\u00e9liorations de productivit\u00e9 visant \u00e0 rendre votre processus de d\u00e9veloppement plus efficace et plus simple.<\/p>\n","protected":false},"featured_media":146896,"comment_status":"open","ping_status":"open","template":"","meta":[],"product_brand":[2773],"product_cat":[1189,1181,1186],"product_tag":[2365],"class_list":{"0":"post-138981","1":"product","2":"type-product","3":"status-publish","4":"has-post-thumbnail","6":"product_brand-advanced-themer","7":"product_cat-personnalisation","8":"product_cat-plugins","9":"product_cat-wordpress-plugins","10":"product_tag-advanced-themer","11":"member-discount","12":"discount-restricted","14":"first","15":"instock","16":"sale","17":"downloadable","18":"virtual","19":"sold-individually","20":"purchasable","21":"product-type-simple"},"_links":{"self":[{"href":"https:\/\/gpl-love.com\/fr\/wp-json\/wp\/v2\/product\/138981","targetHints":{"allow":["GET"]}}],"collection":[{"href":"https:\/\/gpl-love.com\/fr\/wp-json\/wp\/v2\/product"}],"about":[{"href":"https:\/\/gpl-love.com\/fr\/wp-json\/wp\/v2\/types\/product"}],"replies":[{"embeddable":true,"href":"https:\/\/gpl-love.com\/fr\/wp-json\/wp\/v2\/comments?post=138981"}],"wp:featuredmedia":[{"embeddable":true,"href":"https:\/\/gpl-love.com\/fr\/wp-json\/wp\/v2\/media\/146896"}],"wp:attachment":[{"href":"https:\/\/gpl-love.com\/fr\/wp-json\/wp\/v2\/media?parent=138981"}],"wp:term":[{"taxonomy":"product_brand","embeddable":true,"href":"https:\/\/gpl-love.com\/fr\/wp-json\/wp\/v2\/product_brand?post=138981"},{"taxonomy":"product_cat","embeddable":true,"href":"https:\/\/gpl-love.com\/fr\/wp-json\/wp\/v2\/product_cat?post=138981"},{"taxonomy":"product_tag","embeddable":true,"href":"https:\/\/gpl-love.com\/fr\/wp-json\/wp\/v2\/product_tag?post=138981"}],"curies":[{"name":"wp","href":"https:\/\/api.w.org\/{rel}","templated":true}]}}