{"id":138977,"date":"2025-06-12T00:00:00","date_gmt":"2025-06-11T22:00:00","guid":{"rendered":"https:\/\/gpl-love.com\/fr\/produit\/newsletter-the-events-calendar\/"},"modified":"2026-03-21T00:01:02","modified_gmt":"2026-03-20T23:01:02","slug":"newsletter-the-events-calendar","status":"publish","type":"product","link":"https:\/\/gpl-love.com\/fr\/produit\/newsletter-the-events-calendar\/","title":{"rendered":"Newsletter The Events Calendar 1.5.4"},"content":{"rendered":"<h3>Newsletter The Events Calendar Traits<\/h3>\n<p>Adaptez-vous \u00e0 votre image de marque gr\u00e2ce \u00e0 des mod\u00e8les personnalisables et profitez de fonctionnalit\u00e9s d&rsquo;automatisation qui vous font gagner du temps tout en am\u00e9liorant l&rsquo;engagement. Compatible avec tous les appareils et offrant un taux de d\u00e9livrabilit\u00e9 \u00e9lev\u00e9, cette extension est un atout indispensable pour toute entreprise ou personne souhaitant optimiser son calendrier d&rsquo;\u00e9v\u00e9nements. Am\u00e9liorez d\u00e8s aujourd&rsquo;hui vos strat\u00e9gies de communication avec l&rsquo;extension Newsletter du Calendrier des \u00e9v\u00e9nements\u00a0: la cl\u00e9 d&rsquo;un marketing \u00e9v\u00e9nementiel efficace.<\/p>\n","protected":false},"excerpt":{"rendered":"<p>Maximisez votre strat\u00e9gie de marketing \u00e9v\u00e9nementiel avec le module compl\u00e9mentaire Newsletter The Event Calendar. Cet outil innovant se connecte de mani\u00e8re transparente \u00e0 votre calendrier d&rsquo;\u00e9v\u00e9nements existant, vous permettant d&rsquo;envoyer des newsletters engageantes et opportunes directement \u00e0 votre public cible. Gr\u00e2ce \u00e0 sa conception intuitive et \u00e0 son interface conviviale, vous pouvez promouvoir des \u00e9v\u00e9nements \u00e0 venir, mettre en \u00e9vidence des dates importantes et partager du contenu engageant en un rien de temps.<\/p>\n","protected":false},"featured_media":146894,"comment_status":"open","ping_status":"open","template":"","meta":[],"product_brand":[2602],"product_cat":[1189,1181,1186],"product_tag":[2261],"class_list":{"0":"post-138977","1":"product","2":"type-product","3":"status-publish","4":"has-post-thumbnail","6":"product_brand-newsletter","7":"product_cat-personnalisation","8":"product_cat-plugins","9":"product_cat-wordpress-plugins","10":"product_tag-newsletter","11":"member-discount","12":"discount-restricted","14":"first","15":"instock","16":"sale","17":"downloadable","18":"virtual","19":"sold-individually","20":"purchasable","21":"product-type-simple"},"_links":{"self":[{"href":"https:\/\/gpl-love.com\/fr\/wp-json\/wp\/v2\/product\/138977","targetHints":{"allow":["GET"]}}],"collection":[{"href":"https:\/\/gpl-love.com\/fr\/wp-json\/wp\/v2\/product"}],"about":[{"href":"https:\/\/gpl-love.com\/fr\/wp-json\/wp\/v2\/types\/product"}],"replies":[{"embeddable":true,"href":"https:\/\/gpl-love.com\/fr\/wp-json\/wp\/v2\/comments?post=138977"}],"wp:featuredmedia":[{"embeddable":true,"href":"https:\/\/gpl-love.com\/fr\/wp-json\/wp\/v2\/media\/146894"}],"wp:attachment":[{"href":"https:\/\/gpl-love.com\/fr\/wp-json\/wp\/v2\/media?parent=138977"}],"wp:term":[{"taxonomy":"product_brand","embeddable":true,"href":"https:\/\/gpl-love.com\/fr\/wp-json\/wp\/v2\/product_brand?post=138977"},{"taxonomy":"product_cat","embeddable":true,"href":"https:\/\/gpl-love.com\/fr\/wp-json\/wp\/v2\/product_cat?post=138977"},{"taxonomy":"product_tag","embeddable":true,"href":"https:\/\/gpl-love.com\/fr\/wp-json\/wp\/v2\/product_tag?post=138977"}],"curies":[{"name":"wp","href":"https:\/\/api.w.org\/{rel}","templated":true}]}}