{"id":138975,"date":"2026-02-26T00:00:00","date_gmt":"2026-02-25T23:00:00","guid":{"rendered":"https:\/\/gpl-love.com\/fr\/produit\/newsletter-forminator\/"},"modified":"2026-03-21T00:01:01","modified_gmt":"2026-03-20T23:01:01","slug":"newsletter-forminator","status":"publish","type":"product","link":"https:\/\/gpl-love.com\/fr\/produit\/newsletter-forminator\/","title":{"rendered":"Newsletter Forminator 1.2.2"},"content":{"rendered":"<h3>Newsletter Forminator Traits<\/h3>\n<p>Optimisez vos strat\u00e9gies d&#8217;emailing gr\u00e2ce \u00e0 l&rsquo;extension Newsletter Forminator. Elle s&rsquo;int\u00e8gre parfaitement \u00e0 Forminator, vous permettant de collecter des adresses email et de fid\u00e9liser efficacement vos prospects. Avec ses options de personnalisation avanc\u00e9es, sa gestion simplifi\u00e9e des abonn\u00e9s et sa synchronisation directe avec l&rsquo;extension Newsletter, c&rsquo;est un outil indispensable pour une communication personnalis\u00e9e et de qualit\u00e9. Faites le bon choix pour votre site WordPress et constatez une nette am\u00e9lioration de l&rsquo;engagement de vos abonn\u00e9s.<\/p>\n<ul>\n<li>Int\u00e9gration du plugin Forminator<\/li>\n<li><\/li>\n<li>Collecte directe des adresses e-mail via les formulaires Forminator<\/li>\n<li><\/li>\n<li>Synchronisation des adresses e-mail avec le plugin Newsletter<\/li>\n<li><\/li>\n<li>Possibilit\u00e9 d&rsquo;ajouter des utilisateurs \u00e0 des listes de diffusion sp\u00e9cifiques<\/li>\n<li>Personnalisation des messages d&rsquo;inscription et des e-mails de confirmation d&rsquo;abonnement<\/li>\n<li>Gestion simplifi\u00e9e des abonn\u00e9s \u00e0 la newsletter depuis le tableau de bord WordPress<\/li>\n<\/ul>\n","protected":false},"excerpt":{"rendered":"<p>Am\u00e9liorez l&rsquo;engagement de vos abonn\u00e9s avec le module compl\u00e9mentaire Forminator convivial pour le plugin Newsletter. Connu pour ses riches fonctionnalit\u00e9s &#8211; m\u00eame dans la version gratuite &#8211; et sa conception intuitive, Forminator permet une int\u00e9gration rapide des formulaires de contact dans votre processus d&rsquo;abonnement \u00e0 la newsletter, am\u00e9liorant ainsi les fonctionnalit\u00e9s et l&rsquo;exp\u00e9rience interactive de votre site Web WordPress.<\/p>\n","protected":false},"featured_media":146893,"comment_status":"open","ping_status":"open","template":"","meta":[],"product_brand":[2602],"product_cat":[1189,1181,1186],"product_tag":[2261],"class_list":{"0":"post-138975","1":"product","2":"type-product","3":"status-publish","4":"has-post-thumbnail","6":"product_brand-newsletter","7":"product_cat-personnalisation","8":"product_cat-plugins","9":"product_cat-wordpress-plugins","10":"product_tag-newsletter","11":"member-discount","12":"discount-restricted","14":"first","15":"instock","16":"sale","17":"downloadable","18":"virtual","19":"sold-individually","20":"purchasable","21":"product-type-simple"},"_links":{"self":[{"href":"https:\/\/gpl-love.com\/fr\/wp-json\/wp\/v2\/product\/138975","targetHints":{"allow":["GET"]}}],"collection":[{"href":"https:\/\/gpl-love.com\/fr\/wp-json\/wp\/v2\/product"}],"about":[{"href":"https:\/\/gpl-love.com\/fr\/wp-json\/wp\/v2\/types\/product"}],"replies":[{"embeddable":true,"href":"https:\/\/gpl-love.com\/fr\/wp-json\/wp\/v2\/comments?post=138975"}],"wp:featuredmedia":[{"embeddable":true,"href":"https:\/\/gpl-love.com\/fr\/wp-json\/wp\/v2\/media\/146893"}],"wp:attachment":[{"href":"https:\/\/gpl-love.com\/fr\/wp-json\/wp\/v2\/media?parent=138975"}],"wp:term":[{"taxonomy":"product_brand","embeddable":true,"href":"https:\/\/gpl-love.com\/fr\/wp-json\/wp\/v2\/product_brand?post=138975"},{"taxonomy":"product_cat","embeddable":true,"href":"https:\/\/gpl-love.com\/fr\/wp-json\/wp\/v2\/product_cat?post=138975"},{"taxonomy":"product_tag","embeddable":true,"href":"https:\/\/gpl-love.com\/fr\/wp-json\/wp\/v2\/product_tag?post=138975"}],"curies":[{"name":"wp","href":"https:\/\/api.w.org\/{rel}","templated":true}]}}