{"id":138973,"date":"2026-04-18T00:00:00","date_gmt":"2026-04-17T22:00:00","guid":{"rendered":"https:\/\/gpl-love.com\/fr\/produit\/wpc-frequently-bought-together-for-woocommerce\/"},"modified":"2026-04-19T00:31:35","modified_gmt":"2026-04-18T22:31:35","slug":"wpc-frequently-bought-together-for-woocommerce","status":"publish","type":"product","link":"https:\/\/gpl-love.com\/fr\/produit\/wpc-frequently-bought-together-for-woocommerce\/","title":{"rendered":"WPC Frequently Bought Together pour WooCommerce 7.8.1"},"content":{"rendered":"<h3>WPC Frequently Bought Together pour WooCommerce Traits<\/h3>\n<p>Exploitez pleinement le potentiel de votre boutique WooCommerce gr\u00e2ce \u00e0 l&rsquo;extension WPC Frequently Bought Together. Cette puissante extension de regroupement de produits WooCommerce est con\u00e7ue pour augmenter vos ventes sans effort en recommandant des produits compl\u00e9mentaires. Imaginez booster vos ventes WooCommerce gr\u00e2ce \u00e0 des offres group\u00e9es qui incitent vos clients \u00e0 ajouter davantage d&rsquo;articles \u00e0 leur panier, augmentant ainsi le panier moyen.<\/p>\n<p>Configurer la fonctionnalit\u00e9 \u00ab\u00a0Produits fr\u00e9quemment achet\u00e9s ensemble\u00a0\u00bb de WooCommerce est simple et permet une optimisation rapide de votre boutique. L&rsquo;extension WPC est l&rsquo;une des meilleures extensions WooCommerce pour les recommandations de produits. Elle propose des strat\u00e9gies de vente crois\u00e9e efficaces qui enrichissent l&rsquo;exp\u00e9rience d&rsquo;achat. En offrant des suggestions de produits personnalis\u00e9es, les clients sont plus enclins \u00e0 acheter des articles compl\u00e9mentaires.<\/p>\n<p>Cette extension optimise non seulement les boutiques WooCommerce, mais elle favorise \u00e9galement un parcours d&rsquo;achat fluide, encourageant les clients \u00e0 explorer et \u00e0 acheter davantage. Qu&rsquo;il s&rsquo;agisse de sugg\u00e9rer des accessoires ou des produits compl\u00e9mentaires, l&rsquo;extension WPC garantit que chaque suggestion est naturelle et pertinente. Boostez vos ventes et la satisfaction de vos clients gr\u00e2ce \u00e0 l&rsquo;extension WPC Frequently Bought Together pour WooCommerce.<\/p>\n<ul>\n<li>Int\u00e9gration parfaite avec WooCommerce pour optimiser les strat\u00e9gies de vente incitative.<\/li>\n<li><\/li>\n<li>Suggestions automatiques de produits compl\u00e9mentaires pour augmenter le panier moyen.<\/li>\n<li><\/li>\n<li>Options d&rsquo;affichage personnalisables pour une parfaite harmonie avec l&rsquo;identit\u00e9 visuelle et la mise en page de votre boutique.<\/li>\n<li><\/li>\n<li>Interface utilisateur intuitive pour une configuration et une gestion simplifi\u00e9es.<\/li>\n<li><\/li>\n<li>S\u00e9lection manuelle de produits associ\u00e9s pour des recommandations personnalis\u00e9es.<\/li>\n<li><\/li>\n<li>Analyses avanc\u00e9es pour un suivi pr\u00e9cis des performances et une optimisation des suggestions.<\/li>\n<li><\/li>\n<li>Conception responsive pour une exp\u00e9rience d&rsquo;achat optimale sur tous les appareils.<\/li>\n<li><\/li>\n<li>Compatible avec de nombreux th\u00e8mes et extensions WooCommerce.<\/li>\n<li><\/li>\n<li>L\u00e9ger et optimis\u00e9 pour un chargement rapide.<\/li>\n<li><\/li>\n<li>Mises \u00e0 jour r\u00e9guli\u00e8res et assistance pour une compatibilit\u00e9 garantie avec les derni\u00e8res versions de WooCommerce.<\/li>\n<\/ul>\n","protected":false},"excerpt":{"rendered":"<p>WPC Fr\u00e9quemment achet\u00e9 ensemble pour WooCommerce est un plugin avanc\u00e9 con\u00e7u pour augmenter les ventes en mettant en \u0153uvre des techniques de vente crois\u00e9e. Il fournit des recommandations d&rsquo;achat de produits sur la page de description du produit individuel, incitant les clients \u00e0 acheter des articles connexes \u00e0 un prix r\u00e9duit.<\/p>\n","protected":false},"featured_media":146892,"comment_status":"open","ping_status":"open","template":"","meta":[],"product_brand":[2772],"product_cat":[1182,1223,1181],"product_tag":[2364],"class_list":{"0":"post-138973","1":"product","2":"type-product","3":"status-publish","4":"has-post-thumbnail","6":"product_brand-wpclever","7":"product_cat-commerce-electronique-plugins","8":"product_cat-personnalisation-commerce-electronique-plugins","9":"product_cat-plugins","10":"product_tag-wpclever","11":"member-discount","12":"discount-restricted","14":"first","15":"instock","16":"sale","17":"downloadable","18":"virtual","19":"sold-individually","20":"purchasable","21":"product-type-simple"},"_links":{"self":[{"href":"https:\/\/gpl-love.com\/fr\/wp-json\/wp\/v2\/product\/138973","targetHints":{"allow":["GET"]}}],"collection":[{"href":"https:\/\/gpl-love.com\/fr\/wp-json\/wp\/v2\/product"}],"about":[{"href":"https:\/\/gpl-love.com\/fr\/wp-json\/wp\/v2\/types\/product"}],"replies":[{"embeddable":true,"href":"https:\/\/gpl-love.com\/fr\/wp-json\/wp\/v2\/comments?post=138973"}],"wp:featuredmedia":[{"embeddable":true,"href":"https:\/\/gpl-love.com\/fr\/wp-json\/wp\/v2\/media\/146892"}],"wp:attachment":[{"href":"https:\/\/gpl-love.com\/fr\/wp-json\/wp\/v2\/media?parent=138973"}],"wp:term":[{"taxonomy":"product_brand","embeddable":true,"href":"https:\/\/gpl-love.com\/fr\/wp-json\/wp\/v2\/product_brand?post=138973"},{"taxonomy":"product_cat","embeddable":true,"href":"https:\/\/gpl-love.com\/fr\/wp-json\/wp\/v2\/product_cat?post=138973"},{"taxonomy":"product_tag","embeddable":true,"href":"https:\/\/gpl-love.com\/fr\/wp-json\/wp\/v2\/product_tag?post=138973"}],"curies":[{"name":"wp","href":"https:\/\/api.w.org\/{rel}","templated":true}]}}