{"id":138971,"date":"2026-03-18T00:00:00","date_gmt":"2026-03-17T23:00:00","guid":{"rendered":"https:\/\/gpl-love.com\/fr\/produit\/wpc-added-to-cart-notification-for-woocommerce\/"},"modified":"2026-03-21T00:00:59","modified_gmt":"2026-03-20T23:00:59","slug":"wpc-added-to-cart-notification-for-woocommerce","status":"publish","type":"product","link":"https:\/\/gpl-love.com\/fr\/produit\/wpc-added-to-cart-notification-for-woocommerce\/","title":{"rendered":"WPC Added To Cart Notification pour WooCommerce 3.1.9"},"content":{"rendered":"<h3>WPC Added To Cart Notification pour WooCommerce Traits<\/h3>\n<p>D\u00e9couvrez le pouvoir transformateur de WPC Added To Cart Notification pour WooCommerce, une extension qui am\u00e9liore l&rsquo;exp\u00e9rience d&rsquo;achat et renforce l&rsquo;engagement client. Que vous recherchiez un guide d&rsquo;installation complet ou que vous souhaitiez simplement apprendre \u00e0 utiliser WPC Added To Cart Notification, cet outil s&rsquo;int\u00e8gre parfaitement \u00e0 toute boutique WooCommerce. Des conseils de personnalisation et des bonnes pratiques vous garantissent des notifications en harmonie avec l&rsquo;esth\u00e9tique et l&rsquo;image de marque de votre boutique.<\/p>\n<p>Vous envisagez de l&rsquo;acheter\u00a0? Un avis sur WPC Added To Cart Notification pour WooCommerce met en lumi\u00e8re ses atouts majeurs, des alertes personnalisables \u00e0 une interface intuitive. L&rsquo;installation de cette extension est simple et offre des avantages imm\u00e9diats, comme une communication am\u00e9lior\u00e9e et une exp\u00e9rience utilisateur optimis\u00e9e. Parmi les extensions de notification d&rsquo;ajout au panier pour WooCommerce, celle-ci se distingue par sa robustesse et sa facilit\u00e9 d&rsquo;utilisation.<\/p>\n<p>Am\u00e9liorez WooCommerce avec WPC Added To Cart Notification en optimisant les interactions client et en renfor\u00e7ant la satisfaction. Des conseils de d\u00e9pannage et des informations de compatibilit\u00e9 garantissent un fonctionnement optimal sur diff\u00e9rentes configurations. Id\u00e9al pour les boutiques WooCommerce.<\/p>\n<ul>\n<li>Notification instantan\u00e9e des clients lors de l&rsquo;ajout d&rsquo;articles \u00e0 leur panier<\/li>\n<li><\/li>\n<li>Am\u00e9lioration de l&rsquo;exp\u00e9rience utilisateur gr\u00e2ce \u00e0 un retour d&rsquo;information en temps r\u00e9el<\/li>\n<li><\/li>\n<li>Messages de notification personnalisables aux couleurs de votre boutique<\/li>\n<li><\/li>\n<li>Prise en charge de diff\u00e9rents styles de notification, notamment les pop-ups et les banni\u00e8res<\/li>\n<li><\/li>\n<li>Int\u00e9gration facile avec les boutiques WooCommerce existantes<\/li>\n<li>D\u00e9lai et dur\u00e9e d&rsquo;affichage des notifications configurables<\/li>\n<li>Conception responsive pour une utilisation optimale sur tous les appareils<\/li>\n<li>Possibilit\u00e9 d&rsquo;inclure les images et les d\u00e9tails des produits dans les notifications<\/li>\n<li>Extension l\u00e9g\u00e8re pour un impact minimal sur les performances du site<\/li>\n<li><\/li>\n<li>Compatible avec la plupart des th\u00e8mes et extensions WordPress<\/li>\n<\/ul>\n","protected":false},"excerpt":{"rendered":"<p>La notification WPC ajout\u00e9 au panier est un plugin robuste con\u00e7u pour mettre \u00e0 niveau votre vitrine num\u00e9rique WooCommerce. Il donne des notifications personnalis\u00e9es chaque fois qu&rsquo;un produit est plac\u00e9 dans le panier, guidant les clients vers leurs prochaines \u00e9tapes et garantissant une navigation transparente tout au long de leur exp\u00e9rience d&rsquo;achat.<\/p>\n","protected":false},"featured_media":146891,"comment_status":"open","ping_status":"open","template":"","meta":[],"product_brand":[2772],"product_cat":[1182,1223,1181],"product_tag":[2364],"class_list":{"0":"post-138971","1":"product","2":"type-product","3":"status-publish","4":"has-post-thumbnail","6":"product_brand-wpclever","7":"product_cat-commerce-electronique-plugins","8":"product_cat-personnalisation-commerce-electronique-plugins","9":"product_cat-plugins","10":"product_tag-wpclever","11":"member-discount","12":"discount-restricted","14":"first","15":"instock","16":"sale","17":"downloadable","18":"virtual","19":"sold-individually","20":"purchasable","21":"product-type-simple"},"_links":{"self":[{"href":"https:\/\/gpl-love.com\/fr\/wp-json\/wp\/v2\/product\/138971","targetHints":{"allow":["GET"]}}],"collection":[{"href":"https:\/\/gpl-love.com\/fr\/wp-json\/wp\/v2\/product"}],"about":[{"href":"https:\/\/gpl-love.com\/fr\/wp-json\/wp\/v2\/types\/product"}],"replies":[{"embeddable":true,"href":"https:\/\/gpl-love.com\/fr\/wp-json\/wp\/v2\/comments?post=138971"}],"wp:featuredmedia":[{"embeddable":true,"href":"https:\/\/gpl-love.com\/fr\/wp-json\/wp\/v2\/media\/146891"}],"wp:attachment":[{"href":"https:\/\/gpl-love.com\/fr\/wp-json\/wp\/v2\/media?parent=138971"}],"wp:term":[{"taxonomy":"product_brand","embeddable":true,"href":"https:\/\/gpl-love.com\/fr\/wp-json\/wp\/v2\/product_brand?post=138971"},{"taxonomy":"product_cat","embeddable":true,"href":"https:\/\/gpl-love.com\/fr\/wp-json\/wp\/v2\/product_cat?post=138971"},{"taxonomy":"product_tag","embeddable":true,"href":"https:\/\/gpl-love.com\/fr\/wp-json\/wp\/v2\/product_tag?post=138971"}],"curies":[{"name":"wp","href":"https:\/\/api.w.org\/{rel}","templated":true}]}}