{"id":138969,"date":"2026-03-16T00:00:00","date_gmt":"2026-03-15T23:00:00","guid":{"rendered":"https:\/\/gpl-love.com\/fr\/produit\/wpc-variations-radio-buttons-for-woocommerce\/"},"modified":"2026-03-21T00:00:58","modified_gmt":"2026-03-20T23:00:58","slug":"wpc-variations-radio-buttons-for-woocommerce","status":"publish","type":"product","link":"https:\/\/gpl-love.com\/fr\/produit\/wpc-variations-radio-buttons-for-woocommerce\/","title":{"rendered":"WPC Variations Radio Buttons pour WooCommerce 3.7.4"},"content":{"rendered":"<h3>WPC Variations Radio Buttons pour WooCommerce Traits<\/h3>\n<p>D\u00e9couvrez le pouvoir transformateur des boutons radio WPC Variations pour WooCommerce. Am\u00e9liorez l&rsquo;exp\u00e9rience d&rsquo;achat en int\u00e9grant facilement ce plugin pour pr\u00e9senter les variations de vos produits. Un guide d&rsquo;installation complet vous accompagne pas \u00e0 pas, garantissant une mise en service rapide. Apprenez \u00e0 utiliser les boutons radio WPC Variations dans WooCommerce pour proposer des options de produits avanc\u00e9es et optimiser l&rsquo;interaction utilisateur.<\/p>\n<p>La personnalisation est essentielle, et ce plugin vous permet d&rsquo;adapter facilement votre boutique WooCommerce \u00e0 vos besoins sp\u00e9cifiques. D\u00e9couvrez les bonnes pratiques pour optimiser et simplifier votre boutique en ligne gr\u00e2ce aux boutons radio WPC Variations pour WooCommerce. Ce plugin offre des fonctionnalit\u00e9s con\u00e7ues pour booster vos ventes, ce qui en fait un outil indispensable pour tout e-commer\u00e7ant.<\/p>\n<p>Le d\u00e9pannage est simple gr\u00e2ce au guide utilisateur du plugin WPC Variations pour WooCommerce, vous assurant une exp\u00e9rience fluide m\u00eame en cas de probl\u00e8me. Compatible avec les th\u00e8mes WooCommerce, ce plugin garantit une exp\u00e9rience utilisateur coh\u00e9rente et captivante.<\/p>\n<p>Que votre objectif soit d&rsquo;augmenter vos ventes ou d&rsquo;am\u00e9liorer l&rsquo;interaction utilisateur, les boutons radio WPC Variations sont la solution id\u00e9ale.<\/p>\n<ul>\n<li>Int\u00e9gration fluide avec WooCommerce pour une exp\u00e9rience utilisateur optimis\u00e9e<\/li>\n<li><\/li>\n<li>Options de boutons radio personnalisables pour les variations de produits<\/li>\n<li><\/li>\n<li>S\u00e9lection de produits simplifi\u00e9e gr\u00e2ce \u00e0 des indications visuelles claires<\/li>\n<li><\/li>\n<li>Nombre illimit\u00e9 de variations de produits pour une flexibilit\u00e9 maximale<\/li>\n<li><\/li>\n<li>Interface intuitive pour une configuration et une gestion rapides<\/li>\n<li><\/li>\n<li>Compatible avec les th\u00e8mes et plugins WooCommerce les plus populaires<\/li>\n<li><\/li>\n<li>Am\u00e9lioration des taux de conversion gr\u00e2ce \u00e0 la simplification du processus d&rsquo;achat<\/li>\n<li><\/li>\n<li>Conception adapt\u00e9e aux mobiles pour une accessibilit\u00e9 optimale sur tous les appareils<\/li>\n<li><\/li>\n<li>L\u00e9ger et optimis\u00e9 pour un chargement rapide<\/li>\n<li><\/li>\n<li>Mises \u00e0 jour r\u00e9guli\u00e8res pour une compatibilit\u00e9 avec les derni\u00e8res versions de WooCommerce<\/li>\n<\/ul>\n","protected":false},"excerpt":{"rendered":"<p>Le plugin WPC Variations Radio Buttons pour WooCommerce am\u00e9liore l\u2019interface utilisateur des produits variables. Il remplace le menu d\u00e9roulant conventionnel par des boutons radio, permettant aux clients de voir toutes les variantes et attributs du produit sur un seul \u00e9cran. Cela rend la s\u00e9lection des produits plus conviviale et plus efficace.<\/p>\n","protected":false},"featured_media":146890,"comment_status":"open","ping_status":"open","template":"","meta":[],"product_brand":[2772],"product_cat":[1182,1223,1181],"product_tag":[2364],"class_list":{"0":"post-138969","1":"product","2":"type-product","3":"status-publish","4":"has-post-thumbnail","6":"product_brand-wpclever","7":"product_cat-commerce-electronique-plugins","8":"product_cat-personnalisation-commerce-electronique-plugins","9":"product_cat-plugins","10":"product_tag-wpclever","11":"member-discount","12":"discount-restricted","14":"first","15":"instock","16":"sale","17":"downloadable","18":"virtual","19":"sold-individually","20":"purchasable","21":"product-type-simple"},"_links":{"self":[{"href":"https:\/\/gpl-love.com\/fr\/wp-json\/wp\/v2\/product\/138969","targetHints":{"allow":["GET"]}}],"collection":[{"href":"https:\/\/gpl-love.com\/fr\/wp-json\/wp\/v2\/product"}],"about":[{"href":"https:\/\/gpl-love.com\/fr\/wp-json\/wp\/v2\/types\/product"}],"replies":[{"embeddable":true,"href":"https:\/\/gpl-love.com\/fr\/wp-json\/wp\/v2\/comments?post=138969"}],"wp:featuredmedia":[{"embeddable":true,"href":"https:\/\/gpl-love.com\/fr\/wp-json\/wp\/v2\/media\/146890"}],"wp:attachment":[{"href":"https:\/\/gpl-love.com\/fr\/wp-json\/wp\/v2\/media?parent=138969"}],"wp:term":[{"taxonomy":"product_brand","embeddable":true,"href":"https:\/\/gpl-love.com\/fr\/wp-json\/wp\/v2\/product_brand?post=138969"},{"taxonomy":"product_cat","embeddable":true,"href":"https:\/\/gpl-love.com\/fr\/wp-json\/wp\/v2\/product_cat?post=138969"},{"taxonomy":"product_tag","embeddable":true,"href":"https:\/\/gpl-love.com\/fr\/wp-json\/wp\/v2\/product_tag?post=138969"}],"curies":[{"name":"wp","href":"https:\/\/api.w.org\/{rel}","templated":true}]}}