{"id":138967,"date":"2026-05-05T00:00:00","date_gmt":"2026-05-04T22:00:00","guid":{"rendered":"https:\/\/gpl-love.com\/fr\/produit\/wpc-estimated-delivery-date-for-woocommerce\/"},"modified":"2026-05-05T12:33:00","modified_gmt":"2026-05-05T10:33:00","slug":"wpc-estimated-delivery-date-for-woocommerce","status":"publish","type":"product","link":"https:\/\/gpl-love.com\/fr\/produit\/wpc-estimated-delivery-date-for-woocommerce\/","title":{"rendered":"WPC Estimated Delivery Date pour WooCommerce 2.6.5"},"content":{"rendered":"<h3>WPC Estimated Delivery Date pour WooCommerce Traits<\/h3>\n<p>Vous souhaitez am\u00e9liorer l&rsquo;exp\u00e9rience utilisateur de votre boutique en ligne\u00a0? L&rsquo;extension WPC Estimated Delivery Date pour WooCommerce est la solution id\u00e9ale pour informer vos clients et les satisfaire. Cet outil performant d&rsquo;estimation de la date de livraison WooCommerce s&rsquo;int\u00e8gre facilement et affiche un calendrier de livraison clair et pr\u00e9cis directement sur la page de paiement.<\/p>\n<p>Configurer la fonctionnalit\u00e9 de date de livraison estim\u00e9e WooCommerce est simple gr\u00e2ce au guide d&rsquo;installation complet. D\u00e9couvrez comment ajouter facilement des dates de livraison estim\u00e9es dans WooCommerce et les configurer selon vos besoins. Personnalisez davantage l&rsquo;exp\u00e9rience gr\u00e2ce aux options de personnalisation de la date de livraison estim\u00e9e WooCommerce, afin que le widget s&rsquo;int\u00e8gre parfaitement au design de votre boutique.<\/p>\n<p>Cette extension am\u00e9liore l&rsquo;exp\u00e9rience client en offrant une pr\u00e9diction pr\u00e9cise du d\u00e9lai de livraison WooCommerce, r\u00e9duisant ainsi l&rsquo;incertitude et renfor\u00e7ant la confiance. Affichez facilement les dates de livraison dans le panier WooCommerce gr\u00e2ce \u00e0 cette extension performante, pour une transparence accrue et une satisfaction client optimale.<\/p>\n<p>Pour ceux qui souhaitent afficher une date de livraison estim\u00e9e sur la page de paiement WooCommerce, cette extension est indispensable.<\/p>\n<ul>\n<li>Fournit des estimations pr\u00e9cises des dates de livraison pour les commandes WooCommerce<\/li>\n<li>Am\u00e9liore la satisfaction client gr\u00e2ce \u00e0 des d\u00e9lais de livraison clairs<\/li>\n<li>S&rsquo;int\u00e8gre facilement aux boutiques WooCommerce existantes<\/li>\n<li>Param\u00e8tres personnalisables pour des estimations de livraison sur mesure<\/li>\n<li>Prise en charge de plusieurs modes et zones de livraison<\/li>\n<li>Mise \u00e0 jour automatique des dates de livraison en cas de modification de commande<\/li>\n<li>Interface conviviale pour une configuration facile<\/li>\n<li>R\u00e9duit les demandes des clients concernant la livraison de leurs commandes<\/li>\n<li>Aide \u00e0 g\u00e9rer les attentes des clients gr\u00e2ce \u00e0 des informations fiables<\/li>\n<li>Compatible avec les plugins de livraison WooCommerce les plus populaires<\/li>\n<\/ul>\n","protected":false},"excerpt":{"rendered":"<p>La date de livraison estim\u00e9e WPC pour WooCommerce est un outil essentiel qui am\u00e9liore le parcours d&rsquo;achat en ligne en fournissant aux acheteurs une date de livraison approximative pour leurs commandes. Cette fonctionnalit\u00e9 aide non seulement les clients dans leur planification, mais les incite \u00e9galement \u00e0 proc\u00e9der rapidement \u00e0 leurs achats.<\/p>\n","protected":false},"featured_media":146889,"comment_status":"open","ping_status":"open","template":"","meta":[],"product_brand":[2772],"product_cat":[1182,1223,1181],"product_tag":[2364],"class_list":{"0":"post-138967","1":"product","2":"type-product","3":"status-publish","4":"has-post-thumbnail","6":"product_brand-wpclever","7":"product_cat-commerce-electronique-plugins","8":"product_cat-personnalisation-commerce-electronique-plugins","9":"product_cat-plugins","10":"product_tag-wpclever","11":"member-discount","12":"discount-restricted","14":"first","15":"instock","16":"sale","17":"downloadable","18":"virtual","19":"sold-individually","20":"purchasable","21":"product-type-simple"},"_links":{"self":[{"href":"https:\/\/gpl-love.com\/fr\/wp-json\/wp\/v2\/product\/138967","targetHints":{"allow":["GET"]}}],"collection":[{"href":"https:\/\/gpl-love.com\/fr\/wp-json\/wp\/v2\/product"}],"about":[{"href":"https:\/\/gpl-love.com\/fr\/wp-json\/wp\/v2\/types\/product"}],"replies":[{"embeddable":true,"href":"https:\/\/gpl-love.com\/fr\/wp-json\/wp\/v2\/comments?post=138967"}],"wp:featuredmedia":[{"embeddable":true,"href":"https:\/\/gpl-love.com\/fr\/wp-json\/wp\/v2\/media\/146889"}],"wp:attachment":[{"href":"https:\/\/gpl-love.com\/fr\/wp-json\/wp\/v2\/media?parent=138967"}],"wp:term":[{"taxonomy":"product_brand","embeddable":true,"href":"https:\/\/gpl-love.com\/fr\/wp-json\/wp\/v2\/product_brand?post=138967"},{"taxonomy":"product_cat","embeddable":true,"href":"https:\/\/gpl-love.com\/fr\/wp-json\/wp\/v2\/product_cat?post=138967"},{"taxonomy":"product_tag","embeddable":true,"href":"https:\/\/gpl-love.com\/fr\/wp-json\/wp\/v2\/product_tag?post=138967"}],"curies":[{"name":"wp","href":"https:\/\/api.w.org\/{rel}","templated":true}]}}