{"id":138965,"date":"2025-12-23T00:00:00","date_gmt":"2025-12-22T23:00:00","guid":{"rendered":"https:\/\/gpl-love.com\/fr\/produit\/wpc-custom-related-products-for-woocommerce\/"},"modified":"2026-03-21T00:00:57","modified_gmt":"2026-03-20T23:00:57","slug":"wpc-custom-related-products-for-woocommerce","status":"publish","type":"product","link":"https:\/\/gpl-love.com\/fr\/produit\/wpc-custom-related-products-for-woocommerce\/","title":{"rendered":"WPC Custom Related Products pour WooCommerce 3.2.2"},"content":{"rendered":"<h3>WPC Custom Related Products pour WooCommerce Traits<\/h3>\n<p>D\u00e9couvrez la solution id\u00e9ale pour optimiser votre boutique WooCommerce gr\u00e2ce \u00e0 l&rsquo;extension WPC Custom Related Products. Cet outil puissant est largement reconnu comme la meilleure extension de produits associ\u00e9s pour WooCommerce, offrant une int\u00e9gration fluide et une interface intuitive. Apprenez facilement \u00e0 configurer des produits associ\u00e9s personnalis\u00e9s dans WooCommerce gr\u00e2ce \u00e0 un guide complet de personnalisation.<\/p>\n<p>Pour booster vos ventes, les fonctionnalit\u00e9s des extensions WooCommerce de vente incitative et de vente crois\u00e9e sont essentielles. Elles permettent de proposer des produits associ\u00e9s avanc\u00e9s, garantissant ainsi \u00e0 vos clients de voir les articles les plus pertinents, d&rsquo;am\u00e9liorer leur exp\u00e9rience d&rsquo;achat et d&rsquo;augmenter les taux de conversion.<\/p>\n<p>Le tutoriel de l&rsquo;extension WooCommerce Related Products permet \u00e0 tous de se familiariser avec son utilisation, m\u00eame sans connaissances techniques pr\u00e9alables. De plus, profitez de la flexibilit\u00e9 d&rsquo;une extension de recommandations de produits personnalis\u00e9es pour adapter les suggestions en fonction du comportement de vos clients.<\/p>\n<p>Pour les petits budgets, l&rsquo;extension WooCommerce Related Products est disponible en t\u00e9l\u00e9chargement gratuit. Transformez la pr\u00e9sentation de vos produits et explorez toutes les possibilit\u00e9s.<\/p>\n<ul>\n<li>Augmente les opportunit\u00e9s de vente crois\u00e9e en affichant des produits similaires sur les pages produits.<\/li>\n<li><\/li>\n<li>S&rsquo;int\u00e8gre parfaitement \u00e0 WooCommerce pour une exp\u00e9rience d&rsquo;achat fluide.<\/li>\n<li><\/li>\n<li>Param\u00e8tres personnalisables pour adapter les suggestions de produits similaires aux besoins de votre boutique.<\/li>\n<li><\/li>\n<li>Prise en charge de la s\u00e9lection manuelle des produits similaires pour un contr\u00f4le accru.<\/li>\n<li><\/li>\n<li>Augmente le panier moyen en encourageant les achats compl\u00e9mentaires.<\/li>\n<li><\/li>\n<li>Interface intuitive pour une configuration rapide et facile.<\/li>\n<li><\/li>\n<li>Compatible avec une large gamme de th\u00e8mes et plugins WooCommerce.<\/li>\n<li><\/li>\n<li>Conception responsive pour une compatibilit\u00e9 optimale avec les appareils mobiles.<\/li>\n<li><\/li>\n<li>Am\u00e9liore l&rsquo;engagement client gr\u00e2ce \u00e0 des recommandations de produits personnalis\u00e9es.<\/li>\n<li><\/li>\n<li>Optimise la d\u00e9couverte des produits, ce qui se traduit par une augmentation des conversions.<\/li>\n<\/ul>\n","protected":false},"excerpt":{"rendered":"<p>Le plugin WPC Custom Related Products est un instrument efficace sp\u00e9cialement d\u00e9velopp\u00e9 pour booster les techniques de vente crois\u00e9e et de vente incitative dans les magasins WooCommerce. Ce plugin permet aux propri\u00e9taires de magasins d&rsquo;\u00e9tablir des produits connexes personnalis\u00e9s, des ventes incitatives et crois\u00e9es, garantissant ainsi \u00e0 leurs clients les suggestions de produits les plus pertinentes.<\/p>\n","protected":false},"featured_media":146888,"comment_status":"open","ping_status":"open","template":"","meta":[],"product_brand":[2772],"product_cat":[1182,1223,1181],"product_tag":[2364],"class_list":{"0":"post-138965","1":"product","2":"type-product","3":"status-publish","4":"has-post-thumbnail","6":"product_brand-wpclever","7":"product_cat-commerce-electronique-plugins","8":"product_cat-personnalisation-commerce-electronique-plugins","9":"product_cat-plugins","10":"product_tag-wpclever","11":"member-discount","12":"discount-restricted","14":"first","15":"instock","16":"sale","17":"downloadable","18":"virtual","19":"sold-individually","20":"purchasable","21":"product-type-simple"},"_links":{"self":[{"href":"https:\/\/gpl-love.com\/fr\/wp-json\/wp\/v2\/product\/138965","targetHints":{"allow":["GET"]}}],"collection":[{"href":"https:\/\/gpl-love.com\/fr\/wp-json\/wp\/v2\/product"}],"about":[{"href":"https:\/\/gpl-love.com\/fr\/wp-json\/wp\/v2\/types\/product"}],"replies":[{"embeddable":true,"href":"https:\/\/gpl-love.com\/fr\/wp-json\/wp\/v2\/comments?post=138965"}],"wp:featuredmedia":[{"embeddable":true,"href":"https:\/\/gpl-love.com\/fr\/wp-json\/wp\/v2\/media\/146888"}],"wp:attachment":[{"href":"https:\/\/gpl-love.com\/fr\/wp-json\/wp\/v2\/media?parent=138965"}],"wp:term":[{"taxonomy":"product_brand","embeddable":true,"href":"https:\/\/gpl-love.com\/fr\/wp-json\/wp\/v2\/product_brand?post=138965"},{"taxonomy":"product_cat","embeddable":true,"href":"https:\/\/gpl-love.com\/fr\/wp-json\/wp\/v2\/product_cat?post=138965"},{"taxonomy":"product_tag","embeddable":true,"href":"https:\/\/gpl-love.com\/fr\/wp-json\/wp\/v2\/product_tag?post=138965"}],"curies":[{"name":"wp","href":"https:\/\/api.w.org\/{rel}","templated":true}]}}