{"id":138961,"date":"2025-11-27T00:00:00","date_gmt":"2025-11-26T23:00:00","guid":{"rendered":"https:\/\/gpl-love.com\/fr\/produit\/wpc-smart-linked-products-upsells-and-cross-sells-for-woocommerce\/"},"modified":"2026-03-21T00:00:55","modified_gmt":"2026-03-20T23:00:55","slug":"wpc-smart-linked-products-upsells-and-cross-sells-for-woocommerce","status":"publish","type":"product","link":"https:\/\/gpl-love.com\/fr\/produit\/wpc-smart-linked-products-upsells-and-cross-sells-for-woocommerce\/","title":{"rendered":"WPC Smart Linked Products Upsells et Cross-sells pour WooCommerce 1.4.1"},"content":{"rendered":"<h3>WPC Smart Linked Products Upsells et Cross-sells pour WooCommerce Traits<\/h3>\n<p>Lib\u00e9rez le potentiel de votre boutique WooCommerce gr\u00e2ce \u00e0 l&rsquo;extension WPC Smart Linked Products, l&rsquo;outil id\u00e9al pour booster vos ventes gr\u00e2ce \u00e0 des ventes additionnelles et crois\u00e9es strat\u00e9giques. Cette puissante extension WooCommerce est con\u00e7ue pour optimiser les recommandations de produits, ce qui en fait l&rsquo;un des meilleurs outils de vente additionnelle disponibles pour WooCommerce. D\u00e9couvrez comment utiliser WPC Smart Linked Products pour lier facilement des produits similaires et guider vos clients vers des articles compl\u00e9mentaires susceptibles de leur plaire.<\/p>\n<p>Mettre en \u0153uvre des strat\u00e9gies de vente crois\u00e9e efficaces avec WooCommerce n&rsquo;a jamais \u00e9t\u00e9 aussi simple. Gr\u00e2ce \u00e0 cette extension avanc\u00e9e de liaison de produits WooCommerce, augmentez vos ventes en tirant parti de solutions de vente additionnelle intelligentes qui s&rsquo;int\u00e8grent directement \u00e0 votre boutique. Le guide d&rsquo;installation intuitif de WPC Smart Linked Products garantit une configuration simple et rapide pour un impact imm\u00e9diat.<\/p>\n<p>Maximisez vos revenus gr\u00e2ce aux solutions de vente additionnelle intelligentes de WooCommerce et am\u00e9liorez l&rsquo;exp\u00e9rience client gr\u00e2ce \u00e0 un moteur de recommandations de produits performant. En suivant les bonnes pratiques de vente additionnelle et crois\u00e9e WooCommerce, optimisez sans effort vos ventes additionnelles et crois\u00e9es, am\u00e9liorez la satisfaction client et boostez vos ventes.<\/p>\n<p>Que votre objectif soit\u2026<\/p>\n<ul>\n<li>Int\u00e9gration fluide avec WooCommerce pour optimiser vos strat\u00e9gies de vente<\/li>\n<li>Tableau de bord intuitif pour une gestion efficace des produits associ\u00e9s<\/li>\n<li>Options avanc\u00e9es de vente incitative et de vente crois\u00e9e pour booster votre chiffre d&rsquo;affaires<\/li>\n<li>Recommandations de produits personnalisables selon les pr\u00e9f\u00e9rences de vos clients<\/li>\n<li>Compatibilit\u00e9 avec de nombreux th\u00e8mes et extensions WooCommerce<\/li>\n<li>Suggestions de produits automatis\u00e9es pour augmenter le panier moyen<\/li>\n<li>Installation facile et rapide, sans aucune connaissance en programmation<\/li>\n<li>Design responsive pour une exp\u00e9rience utilisateur optimale sur tous les appareils<\/li>\n<li>Analyses d\u00e9taill\u00e9es pour suivre les performances et optimiser vos strat\u00e9gies de vente<\/li>\n<li>Mises \u00e0 jour r\u00e9guli\u00e8res pour une fonctionnalit\u00e9 et une s\u00e9curit\u00e9 renforc\u00e9es<\/li>\n<\/ul>\n","protected":false},"excerpt":{"rendered":"<p>Le plugin WPC Smart Linked Products est un outil dynamique pour am\u00e9liorer le fonctionnement de votre boutique WooCommerce et convertir les ventes. Il permet la vente incitative et la vente crois\u00e9e en g\u00e9n\u00e9rant intelligemment des liens de produits dans votre boutique, en fonction de facteurs tels que le comportement des clients, les cat\u00e9gories de produits ou des crit\u00e8res personnalis\u00e9s.<\/p>\n","protected":false},"featured_media":146886,"comment_status":"open","ping_status":"open","template":"","meta":[],"product_brand":[2772],"product_cat":[1182,1223,1181],"product_tag":[2364],"class_list":{"0":"post-138961","1":"product","2":"type-product","3":"status-publish","4":"has-post-thumbnail","6":"product_brand-wpclever","7":"product_cat-commerce-electronique-plugins","8":"product_cat-personnalisation-commerce-electronique-plugins","9":"product_cat-plugins","10":"product_tag-wpclever","11":"member-discount","12":"discount-restricted","14":"first","15":"instock","16":"sale","17":"downloadable","18":"virtual","19":"sold-individually","20":"purchasable","21":"product-type-simple"},"_links":{"self":[{"href":"https:\/\/gpl-love.com\/fr\/wp-json\/wp\/v2\/product\/138961","targetHints":{"allow":["GET"]}}],"collection":[{"href":"https:\/\/gpl-love.com\/fr\/wp-json\/wp\/v2\/product"}],"about":[{"href":"https:\/\/gpl-love.com\/fr\/wp-json\/wp\/v2\/types\/product"}],"replies":[{"embeddable":true,"href":"https:\/\/gpl-love.com\/fr\/wp-json\/wp\/v2\/comments?post=138961"}],"wp:featuredmedia":[{"embeddable":true,"href":"https:\/\/gpl-love.com\/fr\/wp-json\/wp\/v2\/media\/146886"}],"wp:attachment":[{"href":"https:\/\/gpl-love.com\/fr\/wp-json\/wp\/v2\/media?parent=138961"}],"wp:term":[{"taxonomy":"product_brand","embeddable":true,"href":"https:\/\/gpl-love.com\/fr\/wp-json\/wp\/v2\/product_brand?post=138961"},{"taxonomy":"product_cat","embeddable":true,"href":"https:\/\/gpl-love.com\/fr\/wp-json\/wp\/v2\/product_cat?post=138961"},{"taxonomy":"product_tag","embeddable":true,"href":"https:\/\/gpl-love.com\/fr\/wp-json\/wp\/v2\/product_tag?post=138961"}],"curies":[{"name":"wp","href":"https:\/\/api.w.org\/{rel}","templated":true}]}}