{"id":138959,"date":"2025-12-25T00:00:00","date_gmt":"2025-12-24T23:00:00","guid":{"rendered":"https:\/\/gpl-love.com\/fr\/produit\/wpc-smart-notifications-for-woocommerce\/"},"modified":"2026-03-21T00:00:55","modified_gmt":"2026-03-20T23:00:55","slug":"wpc-smart-notifications-for-woocommerce","status":"publish","type":"product","link":"https:\/\/gpl-love.com\/fr\/produit\/wpc-smart-notifications-for-woocommerce\/","title":{"rendered":"WPC Smart Notifications pour WooCommerce 2.4.7"},"content":{"rendered":"<h3>WPC Smart Notifications pour WooCommerce Traits<\/h3>\n<p>D\u00e9couvrez le pouvoir transformateur de WPC Smart Notifications pour WooCommerce, une extension r\u00e9volutionnaire con\u00e7ue pour optimiser vos boutiques en ligne sans effort. Configurer WPC Smart Notifications pour WooCommerce est un jeu d&rsquo;enfant gr\u00e2ce au guide d&rsquo;installation complet, garantissant une int\u00e9gration fluide. L&rsquo;extension offre une exp\u00e9rience de configuration intuitive, avec des tutoriels disponibles pour vous guider dans la personnalisation des notifications en fonction de vos besoins sp\u00e9cifiques.<\/p>\n<p>Apprenez \u00e0 utiliser efficacement WPC Smart Notifications pour WooCommerce en d\u00e9couvrant les bonnes pratiques pour am\u00e9liorer l&rsquo;engagement client et booster vos ventes. Consultez les avis et t\u00e9moignages d&rsquo;utilisateurs pour comprendre les avantages concrets de cet outil puissant. Le guide d&rsquo;int\u00e9gration fournit des instructions claires pour int\u00e9grer facilement l&rsquo;extension \u00e0 n&rsquo;importe quelle configuration WooCommerce, ce qui en fait un \u00e9l\u00e9ment essentiel pour am\u00e9liorer vos ventes et l&rsquo;interaction client.<\/p>\n<p>L&rsquo;extension WPC Smart Notifications pour WooCommerce propose des commandes intuitives qui permettent une personnalisation ais\u00e9e, garantissant ainsi que les notifications correspondent \u00e0 l&rsquo;esth\u00e9tique et au style de communication de votre marque. Des conseils de d\u00e9pannage sont facilement accessibles pour r\u00e9soudre rapidement tout probl\u00e8me \u00e9ventuel et assurer un service continu. Am\u00e9liorez l&rsquo;exp\u00e9rience e-commerce et augmentez vos ventes en optimisant WooCommerce avec WPC Smart Notifications.<\/p>\n<ul>\n<li>Int\u00e9gration fluide avec la plateforme WooCommerce<\/li>\n<li><\/li>\n<li>Notifications en temps r\u00e9el pour les mises \u00e0 jour et les changements de statut des commandes<\/li>\n<li>Param\u00e8tres d&rsquo;alerte personnalisables pour des notifications sur mesure<\/li>\n<li>Am\u00e9liorez l&rsquo;engagement client gr\u00e2ce \u00e0 des messages cibl\u00e9s<\/li>\n<li>R\u00e9duisez l&rsquo;abandon de panier gr\u00e2ce \u00e0 des alertes opportunes<\/li>\n<li>Configuration facile gr\u00e2ce \u00e0 une interface utilisateur intuitive<\/li>\n<li>Prise en charge de plusieurs canaux de notification, tels que l&rsquo;e-mail et les SMS<\/li>\n<li>Accro\u00eetez la satisfaction client gr\u00e2ce \u00e0 une communication rapide<\/li>\n<li>Compatible avec les appareils mobiles et les ordinateurs<\/li>\n<li>Boostez vos ventes en informant et en fid\u00e9lisant vos clients<\/li>\n<\/ul>\n","protected":false},"excerpt":{"rendered":"<p>WPC Product Bundles pour WooCommerce est un plugin interactif con\u00e7u pour augmenter les ventes en proposant aux clients des offres group\u00e9es avantageuses. Il vous permet de regrouper certains produits et de les vendre sous forme de package, augmentant potentiellement la valeur moyenne des commandes et assurant la satisfaction du client. Le plugin am\u00e9liore l&rsquo;exp\u00e9rience d&rsquo;achat, transformant les visiteurs du site en clients r\u00e9guliers.<\/p>\n","protected":false},"featured_media":146885,"comment_status":"open","ping_status":"open","template":"","meta":[],"product_brand":[2772],"product_cat":[1182,1223,1181],"product_tag":[2364],"class_list":{"0":"post-138959","1":"product","2":"type-product","3":"status-publish","4":"has-post-thumbnail","6":"product_brand-wpclever","7":"product_cat-commerce-electronique-plugins","8":"product_cat-personnalisation-commerce-electronique-plugins","9":"product_cat-plugins","10":"product_tag-wpclever","11":"member-discount","12":"discount-restricted","14":"first","15":"instock","16":"sale","17":"downloadable","18":"virtual","19":"sold-individually","20":"purchasable","21":"product-type-simple"},"_links":{"self":[{"href":"https:\/\/gpl-love.com\/fr\/wp-json\/wp\/v2\/product\/138959","targetHints":{"allow":["GET"]}}],"collection":[{"href":"https:\/\/gpl-love.com\/fr\/wp-json\/wp\/v2\/product"}],"about":[{"href":"https:\/\/gpl-love.com\/fr\/wp-json\/wp\/v2\/types\/product"}],"replies":[{"embeddable":true,"href":"https:\/\/gpl-love.com\/fr\/wp-json\/wp\/v2\/comments?post=138959"}],"wp:featuredmedia":[{"embeddable":true,"href":"https:\/\/gpl-love.com\/fr\/wp-json\/wp\/v2\/media\/146885"}],"wp:attachment":[{"href":"https:\/\/gpl-love.com\/fr\/wp-json\/wp\/v2\/media?parent=138959"}],"wp:term":[{"taxonomy":"product_brand","embeddable":true,"href":"https:\/\/gpl-love.com\/fr\/wp-json\/wp\/v2\/product_brand?post=138959"},{"taxonomy":"product_cat","embeddable":true,"href":"https:\/\/gpl-love.com\/fr\/wp-json\/wp\/v2\/product_cat?post=138959"},{"taxonomy":"product_tag","embeddable":true,"href":"https:\/\/gpl-love.com\/fr\/wp-json\/wp\/v2\/product_tag?post=138959"}],"curies":[{"name":"wp","href":"https:\/\/api.w.org\/{rel}","templated":true}]}}