{"id":138957,"date":"2026-03-16T00:00:00","date_gmt":"2026-03-15T23:00:00","guid":{"rendered":"https:\/\/gpl-love.com\/fr\/produit\/wpc-price-by-user-role-for-woocommerce\/"},"modified":"2026-03-21T00:00:54","modified_gmt":"2026-03-20T23:00:54","slug":"wpc-price-by-user-role-for-woocommerce","status":"publish","type":"product","link":"https:\/\/gpl-love.com\/fr\/produit\/wpc-price-by-user-role-for-woocommerce\/","title":{"rendered":"WPC Price par User Role pour WooCommerce 2.3.2"},"content":{"rendered":"<h3>WPC Price par User Role pour WooCommerce Traits<\/h3>\n<p>Exploitez pleinement le potentiel de votre boutique WooCommerce gr\u00e2ce \u00e0 l&rsquo;extension WPC Price by User Role. Cet outil puissant permet une tarification dynamique adapt\u00e9e aux r\u00f4les des utilisateurs, simplifiant ainsi la mise en place de strat\u00e9gies tarifaires personnalis\u00e9es. D\u00e9couvrez comment configurer l&rsquo;extension WPC Price by User Role gr\u00e2ce \u00e0 un tutoriel simple et intuitif, et explorez un guide WooCommerce complet pr\u00e9sentant les bonnes pratiques en mati\u00e8re de tarification par r\u00f4le.<\/p>\n<p>Configurer WPC Price by User Role est un jeu d&rsquo;enfant, garantissant une int\u00e9gration parfaite \u00e0 toute installation WooCommerce. B\u00e9n\u00e9ficiez d&rsquo;une tarification personnalis\u00e9e pour chaque r\u00f4le, offrant une grande flexibilit\u00e9 pour r\u00e9pondre aux besoins vari\u00e9s de vos clients. Que vous souhaitiez ajuster les prix WooCommerce en fonction des r\u00f4les ou simplement explorer les possibilit\u00e9s de personnalisation des prix, cette extension vous offre une solution performante.<\/p>\n<p>Les instructions d&rsquo;installation sont simples et vous guident pas \u00e0 pas dans l&rsquo;ajout de cette extension WooCommerce indispensable pour la tarification par r\u00f4le. Apprenez-en davantage sur les strat\u00e9gies de tarification efficaces par r\u00f4le et utilisez nos conseils d&rsquo;int\u00e9gration pour optimiser l&rsquo;efficacit\u00e9 de votre boutique en ligne. D\u00e9couvrez ses nombreuses fonctionnalit\u00e9s et ses avantages.<\/p>\n<ul>\n<li>Strat\u00e9gies tarifaires personnalis\u00e9es selon les r\u00f4les des utilisateurs<\/li>\n<li>Int\u00e9gration fluide avec WooCommerce<\/li>\n<li>Ajustements de prix dynamiques pour des groupes d&rsquo;utilisateurs sp\u00e9cifiques<\/li>\n<li>Prise en charge des mod\u00e8les de tarification pour la vente en gros, la vente au d\u00e9tail et les abonnements<\/li>\n<li>Configuration facile gr\u00e2ce \u00e0 une interface utilisateur intuitive<\/li>\n<li>Augmentation des ventes gr\u00e2ce au ciblage de diff\u00e9rents segments de client\u00e8le<\/li>\n<li>Attribution flexible des r\u00f4les pour des exp\u00e9riences personnalis\u00e9es<\/li>\n<li>Am\u00e9lioration de l&rsquo;engagement des utilisateurs gr\u00e2ce \u00e0 une tarification personnalis\u00e9e<\/li>\n<li>Compatible avec diverses extensions WooCommerce<\/li>\n<li>Am\u00e9liore les taux de conversion gr\u00e2ce \u00e0 des strat\u00e9gies de tarification cibl\u00e9es<\/li>\n<\/ul>\n","protected":false},"excerpt":{"rendered":"<p>WPC Composite Products est un plugin polyvalent con\u00e7u sp\u00e9cifiquement pour aider \u00e0 la cr\u00e9ation et \u00e0 la commercialisation d&rsquo;offres group\u00e9es de produits dans WooCommerce. Il apporte commodit\u00e9 et efficacit\u00e9 en g\u00e9rant des t\u00e2ches de calcul complexes, telles que la tarification et la gestion des stocks de produits composites. Il s&rsquo;agit d&rsquo;un outil ultime pour rationaliser le processus de regroupement de produits pour les magasins en ligne, en particulier ceux proposant divers produits group\u00e9s ou des kits de produits personnalis\u00e9s.<\/p>\n","protected":false},"featured_media":146884,"comment_status":"open","ping_status":"open","template":"","meta":[],"product_brand":[2772],"product_cat":[1182,1223,1181],"product_tag":[2364],"class_list":{"0":"post-138957","1":"product","2":"type-product","3":"status-publish","4":"has-post-thumbnail","6":"product_brand-wpclever","7":"product_cat-commerce-electronique-plugins","8":"product_cat-personnalisation-commerce-electronique-plugins","9":"product_cat-plugins","10":"product_tag-wpclever","11":"member-discount","12":"discount-restricted","14":"first","15":"instock","16":"sale","17":"downloadable","18":"virtual","19":"sold-individually","20":"purchasable","21":"product-type-simple"},"_links":{"self":[{"href":"https:\/\/gpl-love.com\/fr\/wp-json\/wp\/v2\/product\/138957","targetHints":{"allow":["GET"]}}],"collection":[{"href":"https:\/\/gpl-love.com\/fr\/wp-json\/wp\/v2\/product"}],"about":[{"href":"https:\/\/gpl-love.com\/fr\/wp-json\/wp\/v2\/types\/product"}],"replies":[{"embeddable":true,"href":"https:\/\/gpl-love.com\/fr\/wp-json\/wp\/v2\/comments?post=138957"}],"wp:featuredmedia":[{"embeddable":true,"href":"https:\/\/gpl-love.com\/fr\/wp-json\/wp\/v2\/media\/146884"}],"wp:attachment":[{"href":"https:\/\/gpl-love.com\/fr\/wp-json\/wp\/v2\/media?parent=138957"}],"wp:term":[{"taxonomy":"product_brand","embeddable":true,"href":"https:\/\/gpl-love.com\/fr\/wp-json\/wp\/v2\/product_brand?post=138957"},{"taxonomy":"product_cat","embeddable":true,"href":"https:\/\/gpl-love.com\/fr\/wp-json\/wp\/v2\/product_cat?post=138957"},{"taxonomy":"product_tag","embeddable":true,"href":"https:\/\/gpl-love.com\/fr\/wp-json\/wp\/v2\/product_tag?post=138957"}],"curies":[{"name":"wp","href":"https:\/\/api.w.org\/{rel}","templated":true}]}}