{"id":138953,"date":"2026-03-20T00:00:00","date_gmt":"2026-03-19T23:00:00","guid":{"rendered":"https:\/\/gpl-love.com\/fr\/produit\/wpc-price-by-quantity-for-woocommerce\/"},"modified":"2026-03-21T00:00:51","modified_gmt":"2026-03-20T23:00:51","slug":"wpc-price-by-quantity-for-woocommerce","status":"publish","type":"product","link":"https:\/\/gpl-love.com\/fr\/produit\/wpc-price-by-quantity-for-woocommerce\/","title":{"rendered":"WPC Price par Quantity pour WooCommerce 5.3.9"},"content":{"rendered":"<h3>WPC Price par Quantity pour WooCommerce Traits<\/h3>\n<p>Exploitez pleinement le potentiel de WooCommerce avec l&rsquo;extension WPC Price by Quantity, un outil polyvalent con\u00e7u pour transformer vos strat\u00e9gies tarifaires. Cette extension de tarification dynamique pour WooCommerce offre une solution simple aux entreprises recherchant un mod\u00e8le de tarification flexible. Gr\u00e2ce \u00e0 cette extension de tarification d\u00e9gressive pour WooCommerce, cr\u00e9er une strat\u00e9gie tarifaire personnalis\u00e9e devient un jeu d&rsquo;enfant, avec des ajustements automatiques en fonction des quantit\u00e9s.<\/p>\n<p>Imaginez proposer facilement \u00e0 vos clients des remises sur volume attractives. La solution de tarification group\u00e9e pour WooCommerce permet une gestion intuitive des prix en fonction des quantit\u00e9s, garantissant ainsi des prix comp\u00e9titifs et une satisfaction client accrue. D\u00e9finir un prix en fonction de la quantit\u00e9 dans WooCommerce n&rsquo;a jamais \u00e9t\u00e9 aussi simple gr\u00e2ce \u00e0 l&rsquo;interface conviviale de l&rsquo;extension.<\/p>\n<p>L&rsquo;extension de remise sur quantit\u00e9 pour WooCommerce offre un avantage strat\u00e9gique, en facilitant la mise en \u0153uvre de r\u00e8gles tarifaires avanc\u00e9es. Qu&rsquo;il s&rsquo;agisse d&rsquo;un prix personnalis\u00e9 en fonction de la quantit\u00e9 ou d&rsquo;une tarification de groupe, cette extension de remise sur volume pour WooCommerce r\u00e9pond efficacement \u00e0 tous vos besoins en mati\u00e8re de tarification.<\/p>\n<p>De la tarification flexible aux remises automatiques, cette extension est le choix id\u00e9al pour les entreprises souhaitant optimiser leur strat\u00e9gie tarifaire. D\u00e9couvrez comment booster vos ventes et am\u00e9liorer votre exp\u00e9rience client.<\/p>\n<ul>\n<li>Tarification dynamique bas\u00e9e sur la quantit\u00e9 achet\u00e9e<\/li>\n<li>Int\u00e9gration WooCommerce transparente<\/li>\n<li>R\u00e8gles de remise personnalisables<\/li>\n<li>Interface conviviale pour une configuration facile<\/li>\n<li>Prise en charge des structures de prix \u00e0 paliers<\/li>\n<li>Am\u00e9lioration de l&rsquo;engagement client gr\u00e2ce aux remises sur volume<\/li>\n<li>Augmentation des ventes en incitant aux achats importants<\/li>\n<li>Mise \u00e0 jour des prix en temps r\u00e9el dans le panier<\/li>\n<li>Compatible avec diff\u00e9rents types de produits<\/li>\n<li>Augmentation du panier moyen gr\u00e2ce \u00e0 une tarification strat\u00e9gique<\/li>\n<\/ul>\n","protected":false},"excerpt":{"rendered":"<p>WPC Price by Quantity pour WooCommerce est un plugin polyvalent con\u00e7u pour am\u00e9liorer les ventes en motivant les clients \u00e0 acheter des articles en gros. Il propose deux strat\u00e9gies de tarification importantes\u00a0: la tarification en volume et la tarification \u00e9chelonn\u00e9e. Ces m\u00e9thodes permettent diff\u00e9rentes tarifications en fonction de la quantit\u00e9. Ce plugin offre non seulement des remises, mais fonctionne \u00e9galement comme un instrument avanc\u00e9 de tarification \u00e0 plusieurs niveaux, fournissant une solution compl\u00e8te pour les magasins WooCommerce cherchant \u00e0 am\u00e9liorer leurs ventes via une tarification strat\u00e9gique bas\u00e9e sur la quantit\u00e9.<\/p>\n","protected":false},"featured_media":146882,"comment_status":"open","ping_status":"open","template":"","meta":[],"product_brand":[2772],"product_cat":[1182,1223,1181],"product_tag":[2364],"class_list":{"0":"post-138953","1":"product","2":"type-product","3":"status-publish","4":"has-post-thumbnail","6":"product_brand-wpclever","7":"product_cat-commerce-electronique-plugins","8":"product_cat-personnalisation-commerce-electronique-plugins","9":"product_cat-plugins","10":"product_tag-wpclever","11":"member-discount","12":"discount-restricted","14":"first","15":"instock","16":"sale","17":"downloadable","18":"virtual","19":"sold-individually","20":"purchasable","21":"product-type-simple"},"_links":{"self":[{"href":"https:\/\/gpl-love.com\/fr\/wp-json\/wp\/v2\/product\/138953","targetHints":{"allow":["GET"]}}],"collection":[{"href":"https:\/\/gpl-love.com\/fr\/wp-json\/wp\/v2\/product"}],"about":[{"href":"https:\/\/gpl-love.com\/fr\/wp-json\/wp\/v2\/types\/product"}],"replies":[{"embeddable":true,"href":"https:\/\/gpl-love.com\/fr\/wp-json\/wp\/v2\/comments?post=138953"}],"wp:featuredmedia":[{"embeddable":true,"href":"https:\/\/gpl-love.com\/fr\/wp-json\/wp\/v2\/media\/146882"}],"wp:attachment":[{"href":"https:\/\/gpl-love.com\/fr\/wp-json\/wp\/v2\/media?parent=138953"}],"wp:term":[{"taxonomy":"product_brand","embeddable":true,"href":"https:\/\/gpl-love.com\/fr\/wp-json\/wp\/v2\/product_brand?post=138953"},{"taxonomy":"product_cat","embeddable":true,"href":"https:\/\/gpl-love.com\/fr\/wp-json\/wp\/v2\/product_cat?post=138953"},{"taxonomy":"product_tag","embeddable":true,"href":"https:\/\/gpl-love.com\/fr\/wp-json\/wp\/v2\/product_tag?post=138953"}],"curies":[{"name":"wp","href":"https:\/\/api.w.org\/{rel}","templated":true}]}}