{"id":138949,"date":"2026-03-16T00:00:00","date_gmt":"2026-03-15T23:00:00","guid":{"rendered":"https:\/\/gpl-love.com\/fr\/produit\/wpc-product-quantity-for-woocommerce\/"},"modified":"2026-03-21T00:00:50","modified_gmt":"2026-03-20T23:00:50","slug":"wpc-product-quantity-for-woocommerce","status":"publish","type":"product","link":"https:\/\/gpl-love.com\/fr\/produit\/wpc-product-quantity-for-woocommerce\/","title":{"rendered":"WPC Product Quantity pour WooCommerce 5.1.6"},"content":{"rendered":"<h3>WPC Product Quantity pour WooCommerce Traits<\/h3>\n<p>G\u00e9rer les quantit\u00e9s de produits dans WooCommerce est d\u00e9sormais plus simple gr\u00e2ce \u00e0 l&rsquo;extension WPC Product Quantity pour WooCommerce. Cet outil simplifie le processus de d\u00e9finition des quantit\u00e9s de produits dans WooCommerce, offrant flexibilit\u00e9 et pr\u00e9cision. Besoin d&rsquo;augmenter la quantit\u00e9 d&rsquo;un produit dans WooCommerce ou de l&rsquo;ajuster pour les soldes saisonni\u00e8res\u00a0? L&rsquo;interface intuitive de l&rsquo;extension garantit une gestion fluide des quantit\u00e9s de produits WooCommerce.<\/p>\n<p>Pour les entreprises disposant d&rsquo;un stock important, la fonction de mise \u00e0 jour group\u00e9e des quantit\u00e9s de produits WooCommerce est une v\u00e9ritable r\u00e9volution, permettant des ajustements rapides sur plusieurs produits. Vous d\u00e9butez avec WooCommerce\u00a0? L&rsquo;extension inclut un guide complet des param\u00e8tres de quantit\u00e9 de produits WooCommerce pour simplifier la configuration.<\/p>\n<p>Un contr\u00f4le pr\u00e9cis des quantit\u00e9s de produits est essentiel \u00e0 l&rsquo;efficacit\u00e9 de votre entreprise. Cette extension WooCommerce d\u00e9di\u00e9e \u00e0 la gestion des quantit\u00e9s de produits offre une solution robuste, avec des fonctionnalit\u00e9s compl\u00e8tes pour la configuration des limites de quantit\u00e9. Qu&rsquo;il s&rsquo;agisse de d\u00e9finir des quantit\u00e9s minimales de commande ou de g\u00e9rer les niveaux de stock, cet outil couvre tous vos besoins. B\u00e9n\u00e9ficiez d&rsquo;un contr\u00f4le accru gr\u00e2ce \u00e0 un outil de gestion des quantit\u00e9s de produits WooCommerce qui r\u00e9pond \u00e0 divers besoins commerciaux, garantissant ainsi \u00e0 vos clients la disponibilit\u00e9 des produits qu&rsquo;ils recherchent.<\/p>\n<ul>\n<li>Int\u00e9gration fluide avec WooCommerce pour une configuration simplifi\u00e9e.<\/li>\n<li><\/li>\n<li>Permet d&rsquo;ajuster dynamiquement les quantit\u00e9s de produits.<\/li>\n<li><\/li>\n<li>Limites d&rsquo;achat minimales et maximales personnalisables.<\/li>\n<li><\/li>\n<li>Option pour d\u00e9finir les incr\u00e9ments et les paliers de quantit\u00e9.<\/li>\n<li><\/li>\n<li>Prise en charge des achats en gros pour les clients professionnels.<\/li>\n<li><\/li>\n<li>Interface utilisateur intuitive pour une gestion simplifi\u00e9e.<\/li>\n<li><\/li>\n<li>Am\u00e9liore la gestion des stocks.<\/li>\n<li><\/li>\n<li>Compatible avec diff\u00e9rents th\u00e8mes WooCommerce.<\/li>\n<li><\/li>\n<li>Contribue \u00e0 une meilleure exp\u00e9rience d&rsquo;achat.<\/li>\n<li><\/li>\n<li>Mises \u00e0 jour r\u00e9guli\u00e8res pour des performances et une s\u00e9curit\u00e9 optimales.<\/li>\n<\/ul>\n","protected":false},"excerpt":{"rendered":"<p>WPC Smart Wishlist for WooCommerce est un plugin puissant cr\u00e9\u00e9 pour am\u00e9liorer l&rsquo;exp\u00e9rience d&rsquo;achat globale des clients. Gr\u00e2ce \u00e0 cette fonctionnalit\u00e9 de liste de souhaits, vos clients peuvent enregistrer les produits souhait\u00e9s, ce qui peut conduire \u00e0 d&rsquo;autres achats et \u00e0 une fid\u00e9lisation accrue des clients. Il agit comme plus qu&rsquo;un simple outil de liste de souhaits, il permet en effet aux magasins en ligne de saisir plus d&rsquo;opportunit\u00e9s, d&rsquo;augmenter les ventes et le taux de fid\u00e9lisation des clients.<\/p>\n","protected":false},"featured_media":146880,"comment_status":"open","ping_status":"open","template":"","meta":[],"product_brand":[2772],"product_cat":[1182,1223,1181],"product_tag":[2364],"class_list":{"0":"post-138949","1":"product","2":"type-product","3":"status-publish","4":"has-post-thumbnail","6":"product_brand-wpclever","7":"product_cat-commerce-electronique-plugins","8":"product_cat-personnalisation-commerce-electronique-plugins","9":"product_cat-plugins","10":"product_tag-wpclever","11":"member-discount","12":"discount-restricted","14":"first","15":"instock","16":"sale","17":"downloadable","18":"virtual","19":"sold-individually","20":"purchasable","21":"product-type-simple"},"_links":{"self":[{"href":"https:\/\/gpl-love.com\/fr\/wp-json\/wp\/v2\/product\/138949","targetHints":{"allow":["GET"]}}],"collection":[{"href":"https:\/\/gpl-love.com\/fr\/wp-json\/wp\/v2\/product"}],"about":[{"href":"https:\/\/gpl-love.com\/fr\/wp-json\/wp\/v2\/types\/product"}],"replies":[{"embeddable":true,"href":"https:\/\/gpl-love.com\/fr\/wp-json\/wp\/v2\/comments?post=138949"}],"wp:featuredmedia":[{"embeddable":true,"href":"https:\/\/gpl-love.com\/fr\/wp-json\/wp\/v2\/media\/146880"}],"wp:attachment":[{"href":"https:\/\/gpl-love.com\/fr\/wp-json\/wp\/v2\/media?parent=138949"}],"wp:term":[{"taxonomy":"product_brand","embeddable":true,"href":"https:\/\/gpl-love.com\/fr\/wp-json\/wp\/v2\/product_brand?post=138949"},{"taxonomy":"product_cat","embeddable":true,"href":"https:\/\/gpl-love.com\/fr\/wp-json\/wp\/v2\/product_cat?post=138949"},{"taxonomy":"product_tag","embeddable":true,"href":"https:\/\/gpl-love.com\/fr\/wp-json\/wp\/v2\/product_tag?post=138949"}],"curies":[{"name":"wp","href":"https:\/\/api.w.org\/{rel}","templated":true}]}}