{"id":138947,"date":"2026-03-18T00:00:00","date_gmt":"2026-03-17T23:00:00","guid":{"rendered":"https:\/\/gpl-love.com\/fr\/produit\/wpc-linked-variation-for-woocommerce\/"},"modified":"2026-03-21T00:00:49","modified_gmt":"2026-03-20T23:00:49","slug":"wpc-linked-variation-for-woocommerce","status":"publish","type":"product","link":"https:\/\/gpl-love.com\/fr\/produit\/wpc-linked-variation-for-woocommerce\/","title":{"rendered":"WPC Linked Variation pour WooCommerce 4.4.0"},"content":{"rendered":"<h3>WPC Linked Variation pour WooCommerce Traits<\/h3>\n<p>D\u00e9couvrez l&rsquo;extension WPC Linked Variation pour WooCommerce, une solution r\u00e9volutionnaire pour la gestion simplifi\u00e9e des variations de produits. Cet outil puissant am\u00e9liore l&rsquo;exp\u00e9rience e-commerce en liant les variations de produits associ\u00e9es, permettant ainsi \u00e0 vos clients de trouver facilement ce qu&rsquo;ils cherchent. Vous vous demandez comment configurer WPC Linked Variation dans WooCommerce\u00a0? Un tutoriel complet est disponible pour vous guider pas \u00e0 pas.<\/p>\n<p>Cette extension se distingue par son interface intuitive et ses fonctionnalit\u00e9s robustes, ce qui en fait un choix de premier ordre parmi les meilleures alternatives \u00e0 WPC Linked Variation. Explorez les fonctionnalit\u00e9s et les avantages de WPC Linked Variation pour d\u00e9couvrir comment elle optimise les boutiques WooCommerce. Un d\u00e9pannage simplifi\u00e9 garantit un fonctionnement optimal, et la compatibilit\u00e9 de WPC Linked Variation avec les th\u00e8mes assure une int\u00e9gration parfaite.<\/p>\n<p>Vous recherchez des avis\u00a0? Les avis sur l&rsquo;extension WPC Linked Variation pour WooCommerce mettent en lumi\u00e8re son efficacit\u00e9 et sa polyvalence. Optimisez WooCommerce avec WPC Linked Variation en d\u00e9couvrant les tarifs et les formules adapt\u00e9es \u00e0 vos besoins. Pour les d\u00e9butants, le guide d&rsquo;installation de WPC Linked Variation offre des instructions claires, tandis que les utilisateurs avanc\u00e9s trouveront \u00e9galement des ressources compl\u00e9mentaires.<\/p>\n<ul>\n<li>Int\u00e9gration fluide avec WooCommerce pour une gestion des produits optimis\u00e9e<\/li>\n<li>Processus simplifi\u00e9 pour lier les variations entre diff\u00e9rents produits<\/li>\n<li>Interface utilisateur intuitive pour une installation et une configuration faciles<\/li>\n<li>Gestion plus efficace des variations de produits complexes<\/li>\n<li>Prise en charge de l&rsquo;\u00e9dition en masse pour des mises \u00e0 jour et des modifications plus rapides<\/li>\n<li>Am\u00e9lioration de l&rsquo;exp\u00e9rience client gr\u00e2ce \u00e0 l&rsquo;affichage de toutes les options de produits associ\u00e9es<\/li>\n<li>R\u00e9duction de la charge de travail administrative gr\u00e2ce \u00e0 la liaison automatis\u00e9e des variations<\/li>\n<li>Compatible avec une large gamme de th\u00e8mes et d&rsquo;extensions WooCommerce<\/li>\n<li>Mises \u00e0 jour r\u00e9guli\u00e8res pour garantir la compatibilit\u00e9 avec les derni\u00e8res versions de WooCommerce<\/li>\n<li>Documentation compl\u00e8te et assistance pour une mise en \u0153uvre r\u00e9ussie<\/li>\n<\/ul>\n","protected":false},"excerpt":{"rendered":"<p>Con\u00e7u pour faciliter la gestion des produits pour les propri\u00e9taires de magasins WooCommerce, WPC Linked Variation pour WooCommerce est un plugin puissant. Il permet aux utilisateurs de relier diff\u00e9rents types de produits entre eux en fonction d&rsquo;attributs communs et de les organiser avec \u00e9l\u00e9gance avec des \u00e9chantillons attrayants, un peu comme les \u00e9chantillons de variation pour les produits variables conventionnels.<\/p>\n","protected":false},"featured_media":146879,"comment_status":"open","ping_status":"open","template":"","meta":[],"product_brand":[2772],"product_cat":[1182,1223,1181],"product_tag":[2364],"class_list":{"0":"post-138947","1":"product","2":"type-product","3":"status-publish","4":"has-post-thumbnail","6":"product_brand-wpclever","7":"product_cat-commerce-electronique-plugins","8":"product_cat-personnalisation-commerce-electronique-plugins","9":"product_cat-plugins","10":"product_tag-wpclever","11":"member-discount","12":"discount-restricted","14":"first","15":"instock","16":"sale","17":"downloadable","18":"virtual","19":"sold-individually","20":"purchasable","21":"product-type-simple"},"_links":{"self":[{"href":"https:\/\/gpl-love.com\/fr\/wp-json\/wp\/v2\/product\/138947","targetHints":{"allow":["GET"]}}],"collection":[{"href":"https:\/\/gpl-love.com\/fr\/wp-json\/wp\/v2\/product"}],"about":[{"href":"https:\/\/gpl-love.com\/fr\/wp-json\/wp\/v2\/types\/product"}],"replies":[{"embeddable":true,"href":"https:\/\/gpl-love.com\/fr\/wp-json\/wp\/v2\/comments?post=138947"}],"wp:featuredmedia":[{"embeddable":true,"href":"https:\/\/gpl-love.com\/fr\/wp-json\/wp\/v2\/media\/146879"}],"wp:attachment":[{"href":"https:\/\/gpl-love.com\/fr\/wp-json\/wp\/v2\/media?parent=138947"}],"wp:term":[{"taxonomy":"product_brand","embeddable":true,"href":"https:\/\/gpl-love.com\/fr\/wp-json\/wp\/v2\/product_brand?post=138947"},{"taxonomy":"product_cat","embeddable":true,"href":"https:\/\/gpl-love.com\/fr\/wp-json\/wp\/v2\/product_cat?post=138947"},{"taxonomy":"product_tag","embeddable":true,"href":"https:\/\/gpl-love.com\/fr\/wp-json\/wp\/v2\/product_tag?post=138947"}],"curies":[{"name":"wp","href":"https:\/\/api.w.org\/{rel}","templated":true}]}}