{"id":138945,"date":"2026-03-18T00:00:00","date_gmt":"2026-03-17T23:00:00","guid":{"rendered":"https:\/\/gpl-love.com\/fr\/produit\/wpc-badge-management-for-woocommerce\/"},"modified":"2026-03-21T00:00:48","modified_gmt":"2026-03-20T23:00:48","slug":"wpc-badge-management-for-woocommerce","status":"publish","type":"product","link":"https:\/\/gpl-love.com\/fr\/produit\/wpc-badge-management-for-woocommerce\/","title":{"rendered":"WPC Badge Management pour WooCommerce 3.1.6"},"content":{"rendered":"<h3>WPC Badge Management pour WooCommerce Traits<\/h3>\n<p>Transformez la gestion des badges dans votre boutique en ligne gr\u00e2ce \u00e0 l&rsquo;extension polyvalente WPC Badge Management pour WooCommerce. Cet outil simplifie la gestion des badges dans WooCommerce, permettant d&rsquo;ajouter facilement des badges aux produits. Reconnue comme la meilleure extension de gestion de badges pour WooCommerce, elle offre de nombreuses options de personnalisation pour garantir une parfaite ad\u00e9quation avec l&rsquo;esth\u00e9tique de votre marque.<\/p>\n<p>L&rsquo;extension d&rsquo;affichage des badges WooCommerce offre une exp\u00e9rience utilisateur optimale, mettant en valeur les badges sur les fiches produits. Gr\u00e2ce \u00e0 ses fonctionnalit\u00e9s intuitives, m\u00eame les d\u00e9butants peuvent la configurer sans effort. Un tutoriel complet et un guide d&rsquo;installation sont disponibles pour faciliter l&rsquo;int\u00e9gration.<\/p>\n<p>D\u00e9couvrez les nombreux avantages de la gestion des badges WooCommerce pour les boutiques en ligne\u00a0: visibilit\u00e9 accrue des produits et engagement client renforc\u00e9. De nombreux avis clients soulignent l&rsquo;efficacit\u00e9 et la simplicit\u00e9 d&rsquo;utilisation de cette extension. Optimisez vos badges WooCommerce d\u00e8s aujourd&rsquo;hui et constatez une transformation de la pr\u00e9sentation de vos produits.<\/p>\n<ul>\n<li>Int\u00e9gration fluide avec WooCommerce pour la gestion des badges.<\/li>\n<li><\/li>\n<li>Interface intuitive pour une cr\u00e9ation et une gestion simplifi\u00e9es des badges.<\/li>\n<li><\/li>\n<li>Designs de badges personnalisables pour s&rsquo;harmoniser avec l&rsquo;identit\u00e9 visuelle de votre boutique.<\/li>\n<li><\/li>\n<li>Attribution automatique des badges selon les crit\u00e8res ou r\u00e8gles du produit.<\/li>\n<li><\/li>\n<li>Am\u00e9liorez la visibilit\u00e9 de vos produits gr\u00e2ce \u00e0 des badges attrayants.<\/li>\n<li><\/li>\n<li>Compatible avec tous les th\u00e8mes et mod\u00e8les WooCommerce.<\/li>\n<li><\/li>\n<li>Prise en charge de plusieurs types de badges\u00a0: soldes, nouveaut\u00e9s et produits phares.<\/li>\n<li><\/li>\n<li>Mises \u00e0 jour en temps r\u00e9el pour un affichage instantan\u00e9 des modifications sur les pages produits.<\/li>\n<li><\/li>\n<li>Installation et configuration sans aucune comp\u00e9tence en programmation.<\/li>\n<li><\/li>\n<li>Design adaptatif pour un affichage optimal sur tous les appareils.<\/li>\n<\/ul>\n","protected":false},"excerpt":{"rendered":"<p>Le plugin WPC Badge Management for WooCommerce est un outil dynamique et puissant con\u00e7u pour g\u00e9rer les badges sur les magasins de commerce \u00e9lectronique et les sites Web WooCommerce. Il s&rsquo;agit bien plus qu&rsquo;un simple instrument d&rsquo;\u00e9tiquetage de produits : il offre une m\u00e9thode tactique pour augmenter les taux de conversion, faire progresser les ventes, garantir un paiement rapide et fid\u00e9liser les clients.<\/p>\n","protected":false},"featured_media":146878,"comment_status":"open","ping_status":"open","template":"","meta":[],"product_brand":[2772],"product_cat":[1182,1223,1181],"product_tag":[2364],"class_list":{"0":"post-138945","1":"product","2":"type-product","3":"status-publish","4":"has-post-thumbnail","6":"product_brand-wpclever","7":"product_cat-commerce-electronique-plugins","8":"product_cat-personnalisation-commerce-electronique-plugins","9":"product_cat-plugins","10":"product_tag-wpclever","11":"member-discount","12":"discount-restricted","14":"first","15":"instock","16":"sale","17":"downloadable","18":"virtual","19":"sold-individually","20":"purchasable","21":"product-type-simple"},"_links":{"self":[{"href":"https:\/\/gpl-love.com\/fr\/wp-json\/wp\/v2\/product\/138945","targetHints":{"allow":["GET"]}}],"collection":[{"href":"https:\/\/gpl-love.com\/fr\/wp-json\/wp\/v2\/product"}],"about":[{"href":"https:\/\/gpl-love.com\/fr\/wp-json\/wp\/v2\/types\/product"}],"replies":[{"embeddable":true,"href":"https:\/\/gpl-love.com\/fr\/wp-json\/wp\/v2\/comments?post=138945"}],"wp:featuredmedia":[{"embeddable":true,"href":"https:\/\/gpl-love.com\/fr\/wp-json\/wp\/v2\/media\/146878"}],"wp:attachment":[{"href":"https:\/\/gpl-love.com\/fr\/wp-json\/wp\/v2\/media?parent=138945"}],"wp:term":[{"taxonomy":"product_brand","embeddable":true,"href":"https:\/\/gpl-love.com\/fr\/wp-json\/wp\/v2\/product_brand?post=138945"},{"taxonomy":"product_cat","embeddable":true,"href":"https:\/\/gpl-love.com\/fr\/wp-json\/wp\/v2\/product_cat?post=138945"},{"taxonomy":"product_tag","embeddable":true,"href":"https:\/\/gpl-love.com\/fr\/wp-json\/wp\/v2\/product_tag?post=138945"}],"curies":[{"name":"wp","href":"https:\/\/api.w.org\/{rel}","templated":true}]}}