{"id":138943,"date":"2026-04-16T00:00:00","date_gmt":"2026-04-15T22:00:00","guid":{"rendered":"https:\/\/gpl-love.com\/fr\/produit\/wpc-smart-quick-view-for-woocommerce\/"},"modified":"2026-04-17T00:31:44","modified_gmt":"2026-04-16T22:31:44","slug":"wpc-smart-quick-view-for-woocommerce","status":"publish","type":"product","link":"https:\/\/gpl-love.com\/fr\/produit\/wpc-smart-quick-view-for-woocommerce\/","title":{"rendered":"WPC Smart Quick View pour WooCommerce 4.3.1"},"content":{"rendered":"<h3>WPC Smart Quick View pour WooCommerce Traits<\/h3>\n<p>D\u00e9couvrez WPC Smart Quick View pour WooCommerce, la solution id\u00e9ale pour optimiser l&rsquo;exp\u00e9rience d&rsquo;achat dans votre boutique. Reconnu comme le meilleur plugin d&rsquo;aper\u00e7u rapide pour WooCommerce, cet outil vous permet d&rsquo;ajouter facilement une fonctionnalit\u00e9 d&rsquo;aper\u00e7u rapide \u00e0 vos pages produits, offrant ainsi \u00e0 vos clients une navigation intuitive sans quitter la page. Vous souhaitez savoir comment utiliser WPC Smart Quick View\u00a0? Son installation est simple et rapide, rendant la configuration de l&rsquo;aper\u00e7u rapide des produits WooCommerce un jeu d&rsquo;enfant.<\/p>\n<p>Cette extension d&rsquo;aper\u00e7u rapide intelligent am\u00e9liore l&rsquo;engagement des utilisateurs et fluidifie la navigation, favorisant ainsi les ventes. Imaginez le potentiel d&rsquo;une exp\u00e9rience d&rsquo;achat WooCommerce am\u00e9lior\u00e9e gr\u00e2ce \u00e0 l&rsquo;aper\u00e7u rapide\u00a0: vos clients peuvent instantan\u00e9ment consulter les d\u00e9tails, les images et les prix des produits. Les options de personnalisation vous permettent d&rsquo;apporter une touche unique \u00e0 votre boutique.<\/p>\n<p>Consultez les guides comparatifs des plugins d&rsquo;aper\u00e7u rapide pour WooCommerce et d\u00e9couvrez les atouts de cet outil. Installer WPC Smart Quick View pour WooCommerce est un processus simple et rapide qui apporte valeur ajout\u00e9e et fonctionnalit\u00e9s \u00e0 votre boutique. D\u00e9couvrez tous les avantages de WPC Smart Quick View pour WooCommerce.<\/p>\n<ul>\n<li>Int\u00e9gration fluide avec WooCommerce pour une exp\u00e9rience utilisateur optimis\u00e9e<\/li>\n<li><\/li>\n<li>Aper\u00e7u instantan\u00e9 des produits sans rechargement de page<\/li>\n<li><\/li>\n<li>Mises en page personnalisables pour une harmonie parfaite avec le design de votre boutique<\/li>\n<li><\/li>\n<li>Conception optimis\u00e9e pour mobile garantissant une compatibilit\u00e9 multi-appareils<\/li>\n<li><\/li>\n<li>Am\u00e9lioration des taux de conversion gr\u00e2ce \u00e0 une exp\u00e9rience d&rsquo;achat simplifi\u00e9e<\/li>\n<li><\/li>\n<li>Gestion des produits variables avec affichage d\u00e9taill\u00e9 des attributs<\/li>\n<li><\/li>\n<li>Installation facile, sans aucune connaissance en programmation requise<\/li>\n<li><\/li>\n<li>L\u00e9ger et optimis\u00e9 pour un chargement rapide<\/li>\n<li><\/li>\n<li>Compatible avec la plupart des th\u00e8mes et extensions WordPress<\/li>\n<li><\/li>\n<li>Mises \u00e0 jour r\u00e9guli\u00e8res pour des performances et une s\u00e9curit\u00e9 renforc\u00e9es<\/li>\n<\/ul>\n","protected":false},"excerpt":{"rendered":"<p>WPC Smart Quick View pour WooCommerce est un plugin robuste cr\u00e9\u00e9 pour am\u00e9liorer le parcours d&rsquo;achat en donnant aux clients un aper\u00e7u rapide des sp\u00e9cificit\u00e9s du produit sans quitter la page existante. Cette fonctionnalit\u00e9 d&rsquo;affichage rapide simplifie grandement la navigation sur le site tout en facilitant \u00e9galement la prise de d\u00e9cision, augmentant potentiellement le taux de conversion des visiteurs en clients.<\/p>\n","protected":false},"featured_media":146877,"comment_status":"open","ping_status":"open","template":"","meta":[],"product_brand":[2772],"product_cat":[1182,1223,1181],"product_tag":[2364],"class_list":{"0":"post-138943","1":"product","2":"type-product","3":"status-publish","4":"has-post-thumbnail","6":"product_brand-wpclever","7":"product_cat-commerce-electronique-plugins","8":"product_cat-personnalisation-commerce-electronique-plugins","9":"product_cat-plugins","10":"product_tag-wpclever","11":"member-discount","12":"discount-restricted","14":"first","15":"instock","16":"sale","17":"downloadable","18":"virtual","19":"sold-individually","20":"purchasable","21":"product-type-simple"},"_links":{"self":[{"href":"https:\/\/gpl-love.com\/fr\/wp-json\/wp\/v2\/product\/138943","targetHints":{"allow":["GET"]}}],"collection":[{"href":"https:\/\/gpl-love.com\/fr\/wp-json\/wp\/v2\/product"}],"about":[{"href":"https:\/\/gpl-love.com\/fr\/wp-json\/wp\/v2\/types\/product"}],"replies":[{"embeddable":true,"href":"https:\/\/gpl-love.com\/fr\/wp-json\/wp\/v2\/comments?post=138943"}],"wp:featuredmedia":[{"embeddable":true,"href":"https:\/\/gpl-love.com\/fr\/wp-json\/wp\/v2\/media\/146877"}],"wp:attachment":[{"href":"https:\/\/gpl-love.com\/fr\/wp-json\/wp\/v2\/media?parent=138943"}],"wp:term":[{"taxonomy":"product_brand","embeddable":true,"href":"https:\/\/gpl-love.com\/fr\/wp-json\/wp\/v2\/product_brand?post=138943"},{"taxonomy":"product_cat","embeddable":true,"href":"https:\/\/gpl-love.com\/fr\/wp-json\/wp\/v2\/product_cat?post=138943"},{"taxonomy":"product_tag","embeddable":true,"href":"https:\/\/gpl-love.com\/fr\/wp-json\/wp\/v2\/product_tag?post=138943"}],"curies":[{"name":"wp","href":"https:\/\/api.w.org\/{rel}","templated":true}]}}