{"id":138941,"date":"2026-04-16T00:00:00","date_gmt":"2026-04-15T22:00:00","guid":{"rendered":"https:\/\/gpl-love.com\/fr\/produit\/wpc-product-options-for-woocommerce\/"},"modified":"2026-04-17T00:31:43","modified_gmt":"2026-04-16T22:31:43","slug":"wpc-product-options-for-woocommerce","status":"publish","type":"product","link":"https:\/\/gpl-love.com\/fr\/produit\/wpc-product-options-for-woocommerce\/","title":{"rendered":"WPC Product Options pour WooCommerce 3.1.6"},"content":{"rendered":"<h3>WPC Product Options pour WooCommerce Traits<\/h3>\n<p>D\u00e9couvrez la polyvalence de l&rsquo;extension WPC Product Options pour WooCommerce, un atout majeur pour toute boutique en ligne. Cet outil puissant permet une personnalisation fluide, facilitant ainsi l&rsquo;adaptation \u00e0 vos besoins sp\u00e9cifiques. Vous vous demandez quels sont les meilleurs param\u00e8tres pour WPC Product Options pour WooCommerce\u00a0? Consultez un tutoriel complet pour apprendre \u00e0 utiliser efficacement cette extension et profiter d&rsquo;une exp\u00e9rience utilisateur optimale.<\/p>\n<p>Le guide d&rsquo;installation de WPC Product Options pour WooCommerce vous accompagne pas \u00e0 pas dans la prise en main, et une assistance \u00e0 l&rsquo;installation est disponible pour ceux qui ont besoin d&rsquo;aide. Explorez les fonctionnalit\u00e9s gratuites et premium pour trouver la solution id\u00e9ale pour votre activit\u00e9. Comparez WPC Product Options pour WooCommerce \u00e0 d&rsquo;autres extensions et d\u00e9couvrez pourquoi tant d&rsquo;utilisateurs la choisissent pour sa flexibilit\u00e9 et ses fonctionnalit\u00e9s accrues.<\/p>\n<p>Les avis des utilisateurs soulignent les avantages de cette extension, notamment son r\u00f4le dans l&rsquo;am\u00e9lioration des taux de conversion et de la satisfaction client. Pour ceux qui souhaitent en savoir plus sur les tarifs de WPC Product Options pour WooCommerce, il existe des options adapt\u00e9es \u00e0 tous les budgets. Des conseils de d\u00e9pannage sont disponibles pour r\u00e9soudre rapidement tout probl\u00e8me rencontr\u00e9.<\/p>\n<ul>\n<li>Int\u00e9gration fluide avec WooCommerce pour une personnalisation produit avanc\u00e9e.<\/li>\n<li><\/li>\n<li>Interface utilisateur intuitive pour une configuration et une gestion simplifi\u00e9es des options produit.<\/li>\n<li><\/li>\n<li>Prise en charge de la logique conditionnelle pour adapter les configurations produit.<\/li>\n<li><\/li>\n<li>Permet de personnaliser les prix de chaque option produit afin d&rsquo;optimiser les revenus.<\/li>\n<li><\/li>\n<li>Nombre illimit\u00e9 d&rsquo;options produit pour des possibilit\u00e9s de personnalisation \u00e9tendues.<\/li>\n<li><\/li>\n<li>Styles personnalisables pour une harmonie parfaite avec l&rsquo;esth\u00e9tique de votre boutique.<\/li>\n<li><\/li>\n<li>Modification group\u00e9e pour une gestion efficace de plusieurs produits.<\/li>\n<li><\/li>\n<li>Compatible avec diff\u00e9rents types de produits, y compris les produits simples et variables.<\/li>\n<li><\/li>\n<li>Prise en charge multilingue pour une port\u00e9e et une accessibilit\u00e9 mondiales.<\/li>\n<li><\/li>\n<li>Mises \u00e0 jour et assistance r\u00e9guli\u00e8res pour garantir compatibilit\u00e9 et s\u00e9curit\u00e9.<\/li>\n<\/ul>\n","protected":false},"excerpt":{"rendered":"<p>Les options de produit WPC pour WooCommerce sont un plugin sophistiqu\u00e9 et adaptable con\u00e7u pour augmenter les possibilit\u00e9s de personnalisation de produits simples dans votre boutique en ligne. Offrant plus de 18 styles diff\u00e9rents de modules compl\u00e9mentaires personnalis\u00e9s, ce plugin permet aux consommateurs de d\u00e9finir sans effort leurs pr\u00e9f\u00e9rences. C&rsquo;est parfait pour les magasins qui se concentrent sur des conceptions sur mesure, des commandes bas\u00e9es sur la demande ou des arrangements de produits complexes.<\/p>\n","protected":false},"featured_media":146876,"comment_status":"open","ping_status":"open","template":"","meta":[],"product_brand":[2772],"product_cat":[1182,1223,1181],"product_tag":[2364],"class_list":{"0":"post-138941","1":"product","2":"type-product","3":"status-publish","4":"has-post-thumbnail","6":"product_brand-wpclever","7":"product_cat-commerce-electronique-plugins","8":"product_cat-personnalisation-commerce-electronique-plugins","9":"product_cat-plugins","10":"product_tag-wpclever","11":"member-discount","12":"discount-restricted","14":"first","15":"instock","16":"sale","17":"downloadable","18":"virtual","19":"sold-individually","20":"purchasable","21":"product-type-simple"},"_links":{"self":[{"href":"https:\/\/gpl-love.com\/fr\/wp-json\/wp\/v2\/product\/138941","targetHints":{"allow":["GET"]}}],"collection":[{"href":"https:\/\/gpl-love.com\/fr\/wp-json\/wp\/v2\/product"}],"about":[{"href":"https:\/\/gpl-love.com\/fr\/wp-json\/wp\/v2\/types\/product"}],"replies":[{"embeddable":true,"href":"https:\/\/gpl-love.com\/fr\/wp-json\/wp\/v2\/comments?post=138941"}],"wp:featuredmedia":[{"embeddable":true,"href":"https:\/\/gpl-love.com\/fr\/wp-json\/wp\/v2\/media\/146876"}],"wp:attachment":[{"href":"https:\/\/gpl-love.com\/fr\/wp-json\/wp\/v2\/media?parent=138941"}],"wp:term":[{"taxonomy":"product_brand","embeddable":true,"href":"https:\/\/gpl-love.com\/fr\/wp-json\/wp\/v2\/product_brand?post=138941"},{"taxonomy":"product_cat","embeddable":true,"href":"https:\/\/gpl-love.com\/fr\/wp-json\/wp\/v2\/product_cat?post=138941"},{"taxonomy":"product_tag","embeddable":true,"href":"https:\/\/gpl-love.com\/fr\/wp-json\/wp\/v2\/product_tag?post=138941"}],"curies":[{"name":"wp","href":"https:\/\/api.w.org\/{rel}","templated":true}]}}