{"id":138939,"date":"2026-03-20T00:00:00","date_gmt":"2026-03-19T23:00:00","guid":{"rendered":"https:\/\/gpl-love.com\/fr\/produit\/wpc-grouped-product-for-woocommerce\/"},"modified":"2026-03-21T00:00:46","modified_gmt":"2026-03-20T23:00:46","slug":"wpc-grouped-product-for-woocommerce","status":"publish","type":"product","link":"https:\/\/gpl-love.com\/fr\/produit\/wpc-grouped-product-for-woocommerce\/","title":{"rendered":"WPC Grouped Product pour WooCommerce 5.2.7"},"content":{"rendered":"<h3>WPC Grouped Product pour WooCommerce Traits<\/h3>\n<p>D\u00e9couvrez la puissance de l&rsquo;extension WooCommerce WPC Grouped Product, un outil indispensable pour les e-commer\u00e7ants souhaitant enrichir leur catalogue de produits. Ce guide complet vous accompagne pas \u00e0 pas dans la configuration de WPC Grouped Product WooCommerce, le rendant id\u00e9al aussi bien pour les d\u00e9butants que pour les utilisateurs exp\u00e9riment\u00e9s. Le tutoriel fournit des instructions d&rsquo;installation claires et des bonnes pratiques d\u00e9taill\u00e9es pour optimiser le r\u00e9f\u00e9rencement (SEO) de votre extension WPC Grouped Product WooCommerce, garantissant ainsi une visibilit\u00e9 optimale de vos produits aupr\u00e8s de vos clients potentiels.<\/p>\n<p>Explorez les avantages de WPC Grouped Product WooCommerce, notamment la gestion simplifi\u00e9e des produits associ\u00e9s et une exp\u00e9rience d&rsquo;achat am\u00e9lior\u00e9e. Le guide d&rsquo;installation et le guide utilisateur offrent des explications d\u00e9taill\u00e9es, tandis que la pr\u00e9sentation de l&rsquo;extension met en avant son int\u00e9gration parfaite avec d&rsquo;autres extensions, ce qui en fait un choix polyvalent pour tout site WooCommerce.<\/p>\n<p>Pour les utilisateurs souhaitant approfondir leurs connaissances, des techniques avanc\u00e9es et des conseils de d\u00e9pannage sont disponibles pour r\u00e9soudre tout probl\u00e8me \u00e9ventuel. Les tarifs et les formules flexibles permettent des solutions sur mesure adapt\u00e9es aux diff\u00e9rents besoins des entreprises. Optimisez votre boutique d\u00e8s aujourd&rsquo;hui en apprenant \u00e0 configurer WPC Grouped Product.<\/p>\n<ul>\n<li>Int\u00e9gration fluide avec WooCommerce pour une gestion efficace des produits<\/li>\n<li><\/li>\n<li>Permet de regrouper les produits similaires dans une seule fiche produit pour une navigation simplifi\u00e9e<\/li>\n<li><\/li>\n<li>Am\u00e9liore l&rsquo;exp\u00e9rience utilisateur en permettant aux clients de visualiser les articles associ\u00e9s<\/li>\n<li><\/li>\n<li>Groupes de produits personnalisables pour s&rsquo;adapter \u00e0 divers besoins commerciaux et types d&rsquo;inventaire<\/li>\n<li><\/li>\n<li>Simplifie le suivi et la gestion des stocks en consolidant les variantes de produits<\/li>\n<li><\/li>\n<li>Optimise les opportunit\u00e9s de vente additionnelle en pr\u00e9sentant des produits compl\u00e9mentaires<\/li>\n<li><\/li>\n<li>Interface intuitive pour une configuration rapide et une maintenance ais\u00e9e des groupes de produits<\/li>\n<li><\/li>\n<li>Prise en charge de plusieurs types de produits, y compris les articles simples, variables et virtuels<\/li>\n<li><\/li>\n<li>Augmente les taux de conversion en r\u00e9duisant le nombre de clics n\u00e9cessaires \u00e0 l&rsquo;achat<\/li>\n<li><\/li>\n<li>Optimis\u00e9 pour des performances optimales afin de garantir des temps de chargement rapides et un fonctionnement fluide<\/li>\n<\/ul>\n","protected":false},"excerpt":{"rendered":"<p>Le produit group\u00e9 WPC pour WooCommerce est un plugin flexible qui vous donne le pouvoir de cr\u00e9er et de g\u00e9rer des produits group\u00e9s dans votre boutique WooCommerce. Cet outil puissant vous permet de combiner diff\u00e9rents types de produits, tels que des produits simples et variables ou des variantes sp\u00e9cifiques, dans un groupe pour former un nouveau type d&rsquo;article.<\/p>\n","protected":false},"featured_media":146875,"comment_status":"open","ping_status":"open","template":"","meta":[],"product_brand":[2772],"product_cat":[1182,1223,1181],"product_tag":[2364],"class_list":{"0":"post-138939","1":"product","2":"type-product","3":"status-publish","4":"has-post-thumbnail","6":"product_brand-wpclever","7":"product_cat-commerce-electronique-plugins","8":"product_cat-personnalisation-commerce-electronique-plugins","9":"product_cat-plugins","10":"product_tag-wpclever","11":"member-discount","12":"discount-restricted","14":"first","15":"instock","16":"sale","17":"downloadable","18":"virtual","19":"sold-individually","20":"purchasable","21":"product-type-simple"},"_links":{"self":[{"href":"https:\/\/gpl-love.com\/fr\/wp-json\/wp\/v2\/product\/138939","targetHints":{"allow":["GET"]}}],"collection":[{"href":"https:\/\/gpl-love.com\/fr\/wp-json\/wp\/v2\/product"}],"about":[{"href":"https:\/\/gpl-love.com\/fr\/wp-json\/wp\/v2\/types\/product"}],"replies":[{"embeddable":true,"href":"https:\/\/gpl-love.com\/fr\/wp-json\/wp\/v2\/comments?post=138939"}],"wp:featuredmedia":[{"embeddable":true,"href":"https:\/\/gpl-love.com\/fr\/wp-json\/wp\/v2\/media\/146875"}],"wp:attachment":[{"href":"https:\/\/gpl-love.com\/fr\/wp-json\/wp\/v2\/media?parent=138939"}],"wp:term":[{"taxonomy":"product_brand","embeddable":true,"href":"https:\/\/gpl-love.com\/fr\/wp-json\/wp\/v2\/product_brand?post=138939"},{"taxonomy":"product_cat","embeddable":true,"href":"https:\/\/gpl-love.com\/fr\/wp-json\/wp\/v2\/product_cat?post=138939"},{"taxonomy":"product_tag","embeddable":true,"href":"https:\/\/gpl-love.com\/fr\/wp-json\/wp\/v2\/product_tag?post=138939"}],"curies":[{"name":"wp","href":"https:\/\/api.w.org\/{rel}","templated":true}]}}