{"id":138935,"date":"2026-03-20T00:00:00","date_gmt":"2026-03-19T23:00:00","guid":{"rendered":"https:\/\/gpl-love.com\/fr\/produit\/wpc-product-bundles-for-woocommerce\/"},"modified":"2026-04-03T18:30:56","modified_gmt":"2026-04-03T16:30:56","slug":"wpc-product-bundles-for-woocommerce","status":"publish","type":"product","link":"https:\/\/gpl-love.com\/fr\/produit\/wpc-product-bundles-for-woocommerce\/","title":{"rendered":"WPC Product Bundles pour WooCommerce 8.5.0"},"content":{"rendered":"<h3>WPC Product Bundles pour WooCommerce Traits<\/h3>\n<p>D\u00e9couvrez la solution id\u00e9ale pour optimiser votre boutique en ligne avec WPC Product Bundles pour WooCommerce. Ce puissant plugin simplifie la cr\u00e9ation de packs de produits attractifs et booste vos ventes sans effort. Pour les d\u00e9butants, un tutoriel complet est disponible, couvrant l&rsquo;installation et l&rsquo;optimisation. Apprenez \u00e0 utiliser WPC Product Bundles pour WooCommerce gr\u00e2ce \u00e0 un guide d&rsquo;installation d\u00e9taill\u00e9 et d\u00e9couvrez les meilleures pratiques pour tirer le meilleur parti de vos packs.<\/p>\n<p>Vous vous interrogez sur les tarifs\u00a0? WPC Product Bundles pour WooCommerce propose des options comp\u00e9titives, souvent accompagn\u00e9es de codes de r\u00e9duction exclusifs. Comparez WPC Product Bundles pour WooCommerce \u00e0 d&rsquo;autres plugins pour d\u00e9couvrir ses avantages et fonctionnalit\u00e9s uniques, tels que les param\u00e8tres avanc\u00e9s de personnalisation et une int\u00e9gration fluide.<\/p>\n<p>Les avis des utilisateurs soulignent la simplicit\u00e9 d&rsquo;utilisation et l&rsquo;efficacit\u00e9 du plugin WPC Product Bundles pour WooCommerce. Pour en savoir plus, un essai gratuit vous permet de le tester. Un support d\u00e9di\u00e9 garantit une r\u00e9ponse rapide \u00e0 toutes vos questions, facilitant ainsi l&rsquo;optimisation de WPC Product Bundles.<\/p>\n<ul>\n<li>Int\u00e9gration fluide avec WooCommerce pour un regroupement de produits efficace<\/li>\n<li>Options de cr\u00e9ation de lots flexibles pour s&rsquo;adapter \u00e0 diverses strat\u00e9gies de vente<\/li>\n<li>Mod\u00e8les de tarification dynamiques bas\u00e9s sur les composants du lot et les remises<\/li>\n<li>Interface utilisateur intuitive pour une configuration et une gestion simplifi\u00e9es des lots<\/li>\n<li>Prise en charge des produits virtuels, physiques et t\u00e9l\u00e9chargeables dans les lots<\/li>\n<li>Mises en page personnalisables pour une exp\u00e9rience d&rsquo;achat optimale<\/li>\n<li>Gestion des stocks synchronisant les stocks des lots avec ceux des produits individuels<\/li>\n<li>Compatibilit\u00e9 avec une large gamme de th\u00e8mes et plugins WooCommerce<\/li>\n<li>Analyses avanc\u00e9es pour suivre les performances des lots et les tendances des ventes<\/li>\n<li>Conception responsive pour un affichage optimal sur tous les appareils<\/li>\n<\/ul>\n","protected":false},"excerpt":{"rendered":"<p>Les offres group\u00e9es de produits WPC pour WooCommerce Premium sont un plugin sophistiqu\u00e9 con\u00e7u pour am\u00e9liorer les ventes de votre boutique WooCommerce en pr\u00e9sentant des offres group\u00e9es de produits \u00e0 vos acheteurs. Ce plugin dynamique vous permet d&rsquo;assembler des produits compatibles et de les commercialiser sous forme d&rsquo;ensemble \u00e0 prix r\u00e9duit. En faisant la promotion de cela, cela motive les clients \u00e0 acheter plus d&rsquo;articles, augmentant ainsi la valeur moyenne des commandes et les revenus totaux de votre magasin.<\/p>\n","protected":false},"featured_media":146873,"comment_status":"open","ping_status":"open","template":"","meta":[],"product_brand":[2772],"product_cat":[1182,1223,1181],"product_tag":[2364],"class_list":{"0":"post-138935","1":"product","2":"type-product","3":"status-publish","4":"has-post-thumbnail","6":"product_brand-wpclever","7":"product_cat-commerce-electronique-plugins","8":"product_cat-personnalisation-commerce-electronique-plugins","9":"product_cat-plugins","10":"product_tag-wpclever","11":"member-discount","12":"discount-restricted","14":"first","15":"instock","16":"sale","17":"downloadable","18":"virtual","19":"sold-individually","20":"purchasable","21":"product-type-simple"},"_links":{"self":[{"href":"https:\/\/gpl-love.com\/fr\/wp-json\/wp\/v2\/product\/138935","targetHints":{"allow":["GET"]}}],"collection":[{"href":"https:\/\/gpl-love.com\/fr\/wp-json\/wp\/v2\/product"}],"about":[{"href":"https:\/\/gpl-love.com\/fr\/wp-json\/wp\/v2\/types\/product"}],"replies":[{"embeddable":true,"href":"https:\/\/gpl-love.com\/fr\/wp-json\/wp\/v2\/comments?post=138935"}],"wp:featuredmedia":[{"embeddable":true,"href":"https:\/\/gpl-love.com\/fr\/wp-json\/wp\/v2\/media\/146873"}],"wp:attachment":[{"href":"https:\/\/gpl-love.com\/fr\/wp-json\/wp\/v2\/media?parent=138935"}],"wp:term":[{"taxonomy":"product_brand","embeddable":true,"href":"https:\/\/gpl-love.com\/fr\/wp-json\/wp\/v2\/product_brand?post=138935"},{"taxonomy":"product_cat","embeddable":true,"href":"https:\/\/gpl-love.com\/fr\/wp-json\/wp\/v2\/product_cat?post=138935"},{"taxonomy":"product_tag","embeddable":true,"href":"https:\/\/gpl-love.com\/fr\/wp-json\/wp\/v2\/product_tag?post=138935"}],"curies":[{"name":"wp","href":"https:\/\/api.w.org\/{rel}","templated":true}]}}