{"id":138933,"date":"2026-03-20T00:00:00","date_gmt":"2026-03-19T23:00:00","guid":{"rendered":"https:\/\/gpl-love.com\/fr\/produit\/wpc-smart-wishlist-for-woocommerce\/"},"modified":"2026-03-21T00:00:43","modified_gmt":"2026-03-20T23:00:43","slug":"wpc-smart-wishlist-for-woocommerce","status":"publish","type":"product","link":"https:\/\/gpl-love.com\/fr\/produit\/wpc-smart-wishlist-for-woocommerce\/","title":{"rendered":"WPC Smart Wishlist pour WooCommerce 6.0.0"},"content":{"rendered":"<h3>WPC Smart Wishlist pour WooCommerce Traits<\/h3>\n<p>D\u00e9couvrez la solution id\u00e9ale pour optimiser votre boutique en ligne avec WPC Smart Wishlist pour WooCommerce. Ce puissant plugin offre une exp\u00e9rience d&rsquo;achat fluide, permettant \u00e0 vos clients d&rsquo;enregistrer leurs produits pr\u00e9f\u00e9r\u00e9s en toute simplicit\u00e9. Vous vous demandez comment utiliser WPC Smart Wishlist pour WooCommerce\u00a0? Un tutoriel d\u00e9taill\u00e9 et un guide d&rsquo;installation vous garantissent une configuration facile, avec des instructions pas \u00e0 pas pour une int\u00e9gration optimale \u00e0 WooCommerce.<\/p>\n<p>Le plugin WPC Smart Wishlist pour WooCommerce est compatible avec de nombreux th\u00e8mes et plugins, ce qui en fait un choix polyvalent pour toutes les boutiques. Explorez les meilleurs param\u00e8tres de WPC Smart Wishlist pour WooCommerce afin de personnaliser votre liste de souhaits selon vos besoins. Ses fonctionnalit\u00e9s avanc\u00e9es et ses options de personnalisation offrent une exp\u00e9rience d&rsquo;achat unique, la distinguant des autres plugins de liste de souhaits.<\/p>\n<p>Boostez vos ventes avec WPC Smart Wishlist pour WooCommerce en encourageant l&rsquo;engagement client et en simplifiant les d\u00e9cisions d&rsquo;achat. Les avis positifs soulignent la conception intuitive du plugin et son support client performant. Besoin d&rsquo;un guide d&rsquo;utilisation ou d&rsquo;assistance\u00a0? Une assistance client fiable est \u00e0 votre disposition.<\/p>\n<p>Vous recherchez une r\u00e9duction ou vous vous demandez o\u00f9 acheter WPC\u00a0?<\/p>\n<ul>\n<li>Int\u00e9gration parfaite avec WooCommerce pour une exp\u00e9rience d&rsquo;achat optimis\u00e9e.<\/li>\n<li><\/li>\n<li>Permet aux clients d&rsquo;enregistrer des produits pour un achat ult\u00e9rieur ou pour les consulter ult\u00e9rieurement.<\/li>\n<li><\/li>\n<li>Interface intuitive pour cr\u00e9er et g\u00e9rer facilement des listes de souhaits.<\/li>\n<li><\/li>\n<li>Nombre illimit\u00e9 de listes de souhaits pour une organisation flexible des produits.<\/li>\n<li><\/li>\n<li>Design personnalisable pour s&rsquo;harmoniser avec l&rsquo;esth\u00e9tique et l&rsquo;image de marque de votre boutique.<\/li>\n<li><\/li>\n<li>Notifications par e-mail pour rappeler aux clients les articles de leurs listes de souhaits et les mises \u00e0 jour de stock.<\/li>\n<li><\/li>\n<li>Design adaptatif pour une performance optimale sur tous les appareils.<\/li>\n<li><\/li>\n<li>Options de partage sur les r\u00e9seaux sociaux pour diffuser les articles des listes de souhaits.<\/li>\n<li><\/li>\n<li>Outils d&rsquo;analyse et de reporting pour suivre l&rsquo;engagement et la conversion des listes de souhaits.<\/li>\n<li><\/li>\n<li>Compatible avec les principaux th\u00e8mes et plugins WooCommerce pour une utilisation flexible.<\/li>\n<\/ul>\n","protected":false},"excerpt":{"rendered":"<p>La WPC Smart Wishlist pour WooCommerce est un plugin avanc\u00e9 optimis\u00e9 pour enrichir l&rsquo;exp\u00e9rience de navigation du commerce \u00e9lectronique en permettant aux clients d&rsquo;organiser et de g\u00e9rer des listes de souhaits. Cela donne aux utilisateurs la possibilit\u00e9 de sauvegarder les produits souhait\u00e9s pour un achat ult\u00e9rieur, simplifiant ainsi la progression de leurs achats.<\/p>\n","protected":false},"featured_media":146872,"comment_status":"open","ping_status":"open","template":"","meta":[],"product_brand":[2772],"product_cat":[1182,1223,1181],"product_tag":[2364],"class_list":{"0":"post-138933","1":"product","2":"type-product","3":"status-publish","4":"has-post-thumbnail","6":"product_brand-wpclever","7":"product_cat-commerce-electronique-plugins","8":"product_cat-personnalisation-commerce-electronique-plugins","9":"product_cat-plugins","10":"product_tag-wpclever","11":"member-discount","12":"discount-restricted","14":"first","15":"instock","16":"sale","17":"downloadable","18":"virtual","19":"sold-individually","20":"purchasable","21":"product-type-simple"},"_links":{"self":[{"href":"https:\/\/gpl-love.com\/fr\/wp-json\/wp\/v2\/product\/138933","targetHints":{"allow":["GET"]}}],"collection":[{"href":"https:\/\/gpl-love.com\/fr\/wp-json\/wp\/v2\/product"}],"about":[{"href":"https:\/\/gpl-love.com\/fr\/wp-json\/wp\/v2\/types\/product"}],"replies":[{"embeddable":true,"href":"https:\/\/gpl-love.com\/fr\/wp-json\/wp\/v2\/comments?post=138933"}],"wp:featuredmedia":[{"embeddable":true,"href":"https:\/\/gpl-love.com\/fr\/wp-json\/wp\/v2\/media\/146872"}],"wp:attachment":[{"href":"https:\/\/gpl-love.com\/fr\/wp-json\/wp\/v2\/media?parent=138933"}],"wp:term":[{"taxonomy":"product_brand","embeddable":true,"href":"https:\/\/gpl-love.com\/fr\/wp-json\/wp\/v2\/product_brand?post=138933"},{"taxonomy":"product_cat","embeddable":true,"href":"https:\/\/gpl-love.com\/fr\/wp-json\/wp\/v2\/product_cat?post=138933"},{"taxonomy":"product_tag","embeddable":true,"href":"https:\/\/gpl-love.com\/fr\/wp-json\/wp\/v2\/product_tag?post=138933"}],"curies":[{"name":"wp","href":"https:\/\/api.w.org\/{rel}","templated":true}]}}