{"id":138931,"date":"2026-03-16T00:00:00","date_gmt":"2026-03-15T23:00:00","guid":{"rendered":"https:\/\/gpl-love.com\/fr\/produit\/wpc-product-table-for-woocommerce\/"},"modified":"2026-03-21T00:00:42","modified_gmt":"2026-03-20T23:00:42","slug":"wpc-product-table-for-woocommerce","status":"publish","type":"product","link":"https:\/\/gpl-love.com\/fr\/produit\/wpc-product-table-for-woocommerce\/","title":{"rendered":"WPC Product Table pour WooCommerce 3.1.5"},"content":{"rendered":"<h3>WPC Product Table pour WooCommerce Traits<\/h3>\n<p>D\u00e9couvrez la solution id\u00e9ale pour pr\u00e9senter vos produits avec WPC Product Table pour WooCommerce, consid\u00e9r\u00e9 comme le meilleur plugin de tableau de produits WooCommerce. Ce tableau de produits avanc\u00e9 am\u00e9liore l&rsquo;exp\u00e9rience d&rsquo;achat en pr\u00e9sentant vos produits de mani\u00e8re claire et organis\u00e9e. Vous souhaitez savoir comment utiliser WPC Product Table dans WooCommerce\u00a0? Consultez le guide d&rsquo;installation intuitif pour une int\u00e9gration facile.<\/p>\n<p>Le plugin WPC Product Table offre des options de personnalisation robustes, permettant des affichages sur mesure qui s&rsquo;adaptent \u00e0 l&rsquo;esth\u00e9tique de chaque boutique. Gr\u00e2ce \u00e0 sa personnalisation conviviale, cr\u00e9er une s\u00e9lection de produits attrayante n&rsquo;a jamais \u00e9t\u00e9 aussi simple. D\u00e9couvrez les avantages de WPC Product Table pour WooCommerce, tels que l&rsquo;augmentation des taux de conversion et une navigation simplifi\u00e9e.<\/p>\n<p>Besoin d&rsquo;aide pour l&rsquo;installation\u00a0? Le tutoriel d&rsquo;installation de WPC Product Table vous guide pas \u00e0 pas pour une configuration facile. Si vous souhaitez comparer les diff\u00e9rentes options, consultez les avis et le comparatif des plugins de tableau de produits WooCommerce. Prenez en compte les tarifs et les options d&rsquo;assistance pour faire un choix \u00e9clair\u00e9.<\/p>\n<ul>\n<li>Int\u00e9gration fluide avec WooCommerce pour une gestion des produits optimis\u00e9e<\/li>\n<li><\/li>\n<li>Tableaux de produits personnalisables pour r\u00e9pondre aux besoins sp\u00e9cifiques de chaque boutique<\/li>\n<li>Options de recherche et de filtrage rapides pour une d\u00e9couverte des produits acc\u00e9l\u00e9r\u00e9e<\/li>\n<li>Design responsive pour un affichage optimal sur tous les appareils<\/li>\n<li>Installation facile et rapide, sans aucune connaissance en programmation, pour une exp\u00e9rience utilisateur intuitive<\/li>\n<li>Prise en charge des attributs et variations de produits avanc\u00e9s<\/li>\n<li>Fonctionnalit\u00e9 d&rsquo;ajout group\u00e9 au panier pour simplifier le processus d&rsquo;achat<\/li>\n<li>Compatible avec les th\u00e8mes et extensions les plus populaires pour une utilisation polyvalente<\/li>\n<li>Mise en cache int\u00e9gr\u00e9e pour des temps de chargement plus rapides et des performances am\u00e9lior\u00e9es<\/li>\n<li>Documentation d\u00e9taill\u00e9e et assistance pour le d\u00e9pannage et la prise en main<\/li>\n<\/ul>\n","protected":false},"excerpt":{"rendered":"<p>Le plugin WPC Product Table est un outil influent pour WordPress qui amplifie l&rsquo;affichage des produits et services dans les magasins de commerce \u00e9lectronique. S&rsquo;int\u00e9grant sans effort \u00e0 WooCommerce, il offre aux vendeurs une m\u00e9thode flexible pour pr\u00e9senter les articles essentiels et cr\u00e9er des vitrines attrayantes. Il peut \u00eatre install\u00e9 sans effort d&rsquo;un simple clic et dispose d&rsquo;un tableau hautement adaptable permettant aux utilisateurs de cr\u00e9er de nouvelles colonnes et de personnaliser l&rsquo;affichage frontal en fonction du style de leur site.<\/p>\n","protected":false},"featured_media":146871,"comment_status":"open","ping_status":"open","template":"","meta":[],"product_brand":[2772],"product_cat":[1182,1223,1181],"product_tag":[2364],"class_list":{"0":"post-138931","1":"product","2":"type-product","3":"status-publish","4":"has-post-thumbnail","6":"product_brand-wpclever","7":"product_cat-commerce-electronique-plugins","8":"product_cat-personnalisation-commerce-electronique-plugins","9":"product_cat-plugins","10":"product_tag-wpclever","11":"member-discount","12":"discount-restricted","14":"first","15":"instock","16":"sale","17":"downloadable","18":"virtual","19":"sold-individually","20":"purchasable","21":"product-type-simple"},"_links":{"self":[{"href":"https:\/\/gpl-love.com\/fr\/wp-json\/wp\/v2\/product\/138931","targetHints":{"allow":["GET"]}}],"collection":[{"href":"https:\/\/gpl-love.com\/fr\/wp-json\/wp\/v2\/product"}],"about":[{"href":"https:\/\/gpl-love.com\/fr\/wp-json\/wp\/v2\/types\/product"}],"replies":[{"embeddable":true,"href":"https:\/\/gpl-love.com\/fr\/wp-json\/wp\/v2\/comments?post=138931"}],"wp:featuredmedia":[{"embeddable":true,"href":"https:\/\/gpl-love.com\/fr\/wp-json\/wp\/v2\/media\/146871"}],"wp:attachment":[{"href":"https:\/\/gpl-love.com\/fr\/wp-json\/wp\/v2\/media?parent=138931"}],"wp:term":[{"taxonomy":"product_brand","embeddable":true,"href":"https:\/\/gpl-love.com\/fr\/wp-json\/wp\/v2\/product_brand?post=138931"},{"taxonomy":"product_cat","embeddable":true,"href":"https:\/\/gpl-love.com\/fr\/wp-json\/wp\/v2\/product_cat?post=138931"},{"taxonomy":"product_tag","embeddable":true,"href":"https:\/\/gpl-love.com\/fr\/wp-json\/wp\/v2\/product_tag?post=138931"}],"curies":[{"name":"wp","href":"https:\/\/api.w.org\/{rel}","templated":true}]}}